{"id":40159,"date":"2016-02-04T15:50:34","date_gmt":"2016-02-04T11:50:34","guid":{"rendered":"https:\/\/unec.edu.az\/rovsen-quliyev-2\/"},"modified":"2021-11-04T10:55:39","modified_gmt":"2021-11-04T06:55:39","slug":"rovsen-quliyev","status":"publish","type":"page","link":"http:\/\/unec.edu.az\/ru\/rovsen-quliyev\/","title":{"rendered":"\u0420\u043e\u0432\u0448\u0430\u043d \u0413\u0443\u043b\u0438\u0435\u0432"},"content":{"rendered":"<h4><a href=\"https:\/\/unec.edu.az\/application\/uploads\/2016\/02\/rovsan_4048.jpg\"><img decoding=\"async\" class=\"alignleft wp-image-39005\" title=\"left\" src=\"https:\/\/unec.edu.az\/application\/uploads\/2016\/02\/rovsan_4048-300x200.jpg\" alt=\"rovsan_4048\" width=\"273\" height=\"182\" srcset=\"http:\/\/unec.edu.az\/application\/uploads\/2016\/02\/rovsan_4048-300x200.jpg 300w, http:\/\/unec.edu.az\/application\/uploads\/2016\/02\/rovsan_4048.jpg 800w\" sizes=\"(max-width: 273px) 100vw, 273px\" \/><\/a><\/h4>\n<h4><span style=\"color: #800000;\">\u00a0\u0434.\u044d.\u043d,, \u043f\u0440\u043e\u0444.<strong>\u0420\u043e\u0432\u0448\u0430\u043d \u0413\u0443\u043b\u0438\u0435\u0432<\/strong><\/span><\/h4>\n<p>\u0420\u043e\u0434\u0438\u043b\u0441\u044f 14 \u0444\u0435\u0432\u0440\u0430\u043b\u044f 1957 \u0433\u043e\u0434\u0430 \u0432 \u0433\u043e\u0440\u043e\u0434\u0435 \u0410\u0433\u0434\u0430\u043c.<\/p>\n<p>\u0412 1963 \u0433\u043e\u0434\u0443 \u0434\u043b\u044f \u043f\u043e\u043b\u0443\u0447\u0435\u043d\u0438\u044f \u0441\u0440\u0435\u0434\u043d\u0435\u0433\u043e \u043e\u0431\u0440\u0430\u0437\u043e\u0432\u0430\u043d\u0438\u044f \u043f\u043e\u0441\u0442\u0443\u043f\u0438\u043b\u00a0 \u0432 1-\u0443\u044e \u0448\u043a\u043e\u043b\u0443 \u0433\u043e\u0440\u043e\u0434\u0430 \u0410\u0433\u0434\u0430\u043c. \u00a0\u0412 1964 \u0433\u043e\u0434\u0443 \u043f\u0440\u043e\u0434\u043e\u043b\u0436\u0438\u043b \u0443\u0447\u0435\u0431\u0443 \u0432 190-\u043e\u0439 \u0448\u043a\u043e\u043b\u0435 \u0433\u043e\u0440\u043e\u0434\u0430 \u0411\u0430\u043a\u0443.\u00a0 \u0412 1973 \u0433\u043e\u0434\u0443 \u0437\u0430\u0432\u0435\u0440\u0448\u0438\u043b \u0441\u0440\u0435\u0434\u043d\u0435\u0435 \u043e\u0431\u0440\u0430\u0437\u043e\u0432\u0430\u043d\u0438\u0435 \u0432 \u0443\u043a\u0430\u0437\u0430\u043d\u043d\u043e\u0439 \u0448\u043a\u043e\u043b\u0435.<\/p>\n<p>\u0412 1973 \u0433\u043e\u0434\u0443 \u043f\u043e\u0441\u0442\u0443\u043f\u0438\u043b \u043d\u0430 \u043c\u0435\u0445\u0430\u043d\u0438\u043a\u043e-\u043c\u0430\u0442\u0435\u043c\u0430\u0442\u0438\u0447\u0435\u0441\u043a\u0438\u0439 \u0444\u0430\u043a\u0443\u043b\u044c\u0442\u0435\u0442 \u0410\u0437\u0435\u0440\u0431\u0430\u0439\u0434\u0436\u0430\u043d\u0441\u043a\u043e\u0433\u043e \u0433\u043e\u0441\u0443\u0434\u0430\u0440\u0441\u0442\u0432\u0435\u043d\u043d\u043e\u0433\u043e \u0443\u043d\u0438\u0432\u0435\u0440\u0441\u0438\u0442\u0435\u0442\u0430. \u0412 1978 \u0433\u043e\u0434\u0443 \u043e\u043a\u043e\u043d\u0447\u0438\u043b \u0443\u043a\u0430\u0437\u0430\u043d\u043d\u044b\u0439 \u0444\u0430\u043a\u0443\u043b\u044c\u0442\u0435\u0442 \u043d\u0430 \u043a\u0440\u0430\u0441\u043d\u044b\u0439 \u0434\u0438\u043f\u043b\u043e\u043c.<\/p>\n<p>\u0412 1978 \u0433\u043e\u0434\u0443 \u043f\u043e\u043b\u0443\u0447\u0438\u043b \u043d\u0430\u043f\u0440\u0430\u0432\u043b\u0435\u043d\u0438\u0435 \u0432 \u0418\u043d\u0441\u0442\u0438\u0442\u0443\u0442 \u043a\u0438\u0431\u0435\u0440\u043d\u0435\u0442\u0438\u043a\u0438 \u0410\u041d \u0410\u0437\u0435\u0440\u0431\u0430\u0439\u0434\u0436\u0430\u043d\u0441\u043a\u043e\u0439 \u0421\u0421\u0420. \u0412 \u044d\u0442\u043e\u043c \u0436\u0435 \u0433\u043e\u0434\u0443 \u0431\u044b\u043b \u043d\u0430\u043f\u0440\u0430\u0432\u043b\u0435\u043d \u0432 \u043a\u0430\u0447\u0435\u0441\u0442\u0432\u0435 \u0441\u0442\u0430\u0436\u0435\u0440\u0430-\u0438\u0441\u0441\u043b\u0435\u0434\u043e\u0432\u0430\u0442\u0435\u043b\u044f \u0432 \u0412\u044b\u0447\u0438\u0441\u043b\u0438\u0442\u0435\u043b\u044c\u043d\u044b\u0439 \u0446\u0435\u043d\u0442\u0440 \u0410\u041d \u0421\u0421\u0421\u0420. \u0412 1980 \u0433\u043e\u0434\u0443 \u043f\u043e\u0441\u0442\u0443\u043f\u0438\u043b \u0432 \u0430\u0441\u043f\u0438\u0440\u0430\u043d\u0442\u0443\u0440\u0443 \u0438 \u0432 1984 \u0433\u043e\u0434\u0443 \u0437\u0430\u0449\u0438\u0442\u0438\u0432 \u043a\u0430\u043d\u0434\u0438\u0434\u0430\u0442\u0441\u043a\u0443\u044e \u0434\u0438\u0441\u0441\u0435\u0440\u0442\u0430\u0446\u0438\u044e, \u043f\u043e\u043b\u0443\u0447\u0438\u043b \u0443\u0447\u0435\u043d\u0443\u044e \u0441\u0442\u0435\u043f\u0435\u043d\u044c \u043a\u0430\u043d\u0434\u0438\u0434\u0430\u0442\u0430 \u0444\u0438\u0437\u0438\u043a\u043e-\u043c\u0430\u0442\u0435\u043c\u0430\u0442\u0438\u0447\u0435\u0441\u043a\u0438\u0445 \u043d\u0430\u0443\u043a.<\/p>\n<p>\u0412 1984-2000 \u0433\u043e\u0434\u044b \u0440\u0430\u0431\u043e\u0442\u0430\u043b \u0432 \u041c\u043e\u0441\u043a\u0432\u0435 \u0432 \u0418\u043d\u0441\u0442\u0438\u0442\u0443\u0442\u0435 \u043a\u0438\u0431\u0435\u0440\u043d\u0435\u0442\u0438\u043a\u0438 \u0441\u0435\u043b\u044c\u0441\u043a\u043e\u0433\u043e \u0445\u043e\u0437\u044f\u0439\u0441\u0442\u0432\u0430 \u0410\u043a\u0430\u0434\u0435\u043c\u0438\u0438 \u0421\u0421\u0421\u0420 (\u0441 1994 \u0433\u043e\u0434\u0430 \u0412\u0441\u0435\u0440\u043e\u0441\u0441\u0438\u0439\u0441\u043a\u0438\u0439 \u0438\u043d\u0441\u0442\u0438\u0442\u0443\u0442 \u0430\u0433\u0440\u0430\u0440\u043d\u044b\u0445 \u043f\u0440\u043e\u0431\u043b\u0435\u043c \u0438 \u0438\u043d\u0444\u043e\u0440\u043c\u0430\u0442\u0438\u043a\u0438) \u043c\u043b\u0430\u0434\u0448\u0438\u043c \u043d\u0430\u0443\u0447\u043d\u044b\u043c \u0441\u043e\u0442\u0440\u0443\u0434\u043d\u0438\u043a\u043e\u043c, \u0441\u0442\u0430\u0440\u0448\u0438\u043c \u043d\u0430\u0443\u0447\u043d\u044b\u043c \u0441\u043e\u0442\u0440\u0443\u0434\u043d\u0438\u043a\u043e\u043c, \u043d\u0430\u0447\u0430\u043b\u044c\u043d\u0438\u043a\u043e\u043c \u043e\u0442\u0434\u0435\u043b\u0430, \u0437\u0430\u0432\u0435\u0434\u0443\u044e\u0449\u0438\u043c \u043b\u0430\u0431\u043e\u0440\u0430\u0442\u043e\u0440\u0438\u0435\u0439.<\/p>\n<p>\u0412 2005\u0433\u043e\u0434\u0443 \u0437\u0430\u0449\u0438\u0442\u0438\u043b \u0434\u043e\u043a\u0442\u043e\u0440\u0441\u043a\u0443\u044e \u0434\u0438\u0441\u0441\u0435\u0440\u0442\u0430\u0446\u0438\u044e \u0432 \u0443\u043a\u0430\u0437\u0430\u043d\u043d\u043e\u043c \u0438\u043d\u0441\u0442\u0438\u0442\u0443\u0442\u0435. \u042f\u0432\u043b\u044f\u0435\u0442\u0441\u044f \u0434\u043e\u043a\u0442\u043e\u0440\u043e\u043c \u044d\u043a\u043e\u043d\u043e\u043c\u0438\u0447\u0435\u0441\u043a\u0438\u0445 \u043d\u0430\u0443\u043a.<\/p>\n<p>&nbsp;<\/p>\n<p><strong>\u00a0 \u00a0\u041c\u0435\u0441\u0442\u0430 \u0440\u0430\u0431\u043e\u0442\u044b:<\/strong><\/p>\n<ul>\n<li>2000-2004: \u00ab\u041d\u041f\u041e \u041a\u0430\u0441\u043a\u0430\u0434-\u041c\u00bb \u0410\u041e, \u0437\u0430\u0432\u0435\u0434\u0443\u044e\u0449\u0438\u0439 \u043e\u0442\u0434\u0435\u043b\u043e\u043c (\u041c\u043e\u0441\u043a\u0432\u0430).<\/li>\n<li>2004-2006: \u0426\u0435\u043d\u0442\u0440 \u044d\u043a\u043e\u043d\u043e\u043c\u0438\u0447\u0435\u0441\u043a\u0438\u0445 \u0438\u0441\u0441\u043b\u0435\u0434\u043e\u0432\u0430\u043d\u0438\u0439 \u0432 \u041c\u0438\u043d\u0438\u0441\u0442\u0435\u0440\u0441\u0442\u0432\u0435 \u044d\u043a\u043e\u043d\u043e\u043c\u0438\u0447\u0435\u0441\u043a\u043e\u0433\u043e \u0440\u0430\u0437\u0432\u0438\u0442\u0438\u044f \u0410\u0437\u0435\u0440\u0431\u0430\u0439\u0434\u0436\u0430\u043d\u0441\u043a\u043e\u0439 \u0420\u0435\u0441\u043f\u0443\u0431\u043b\u0438\u043a\u0438, \u0437\u0430\u0432\u0435\u0434\u0443\u044e\u0449\u0438\u0439 \u043e\u0442\u0434\u0435\u043b\u043e\u043c (\u0411\u0430\u043a\u0443).<\/li>\n<li>2008-2013: \u0443\u043d\u0438\u0432\u0435\u0440\u0441\u0438\u0442\u0435\u0442 \u0410\u0437\u0435\u0440\u0431\u0430\u0439\u0434\u0436\u0430\u043d, \u043f\u0440\u0435\u043f\u043e\u0434\u0430\u0432\u0430\u0442\u0435\u043b\u044c, \u043f\u0440\u043e\u0444\u0435\u0441\u0441\u043e\u0440 (\u0411\u0430\u043a\u0443).<\/li>\n<li>2013-2014: \u0410\u0437\u0435\u0440\u0431\u0430\u0439\u0434\u0436\u0430\u043d\u0441\u043a\u0438\u0439 \u0433\u043e\u0441\u0443\u0434\u0430\u0440\u0441\u0442\u0432\u0435\u043d\u043d\u044b\u0439 \u043f\u0435\u0434\u0430\u0433\u043e\u0433\u0438\u0447\u0435\u0441\u043a\u0438\u0439 \u0443\u043d\u0438\u0432\u0435\u0440\u0441\u0438\u0442\u0435\u0442, \u0437\u0430\u0432\u0435\u0434\u0443\u044e\u0449\u0438\u0439 \u043a\u0430\u0444\u0435\u0434\u0440\u043e\u0439 (\u0411\u0430\u043a\u0443).<\/li>\n<li>2014-2015: \u041c\u0435\u0436\u0434\u0443\u043d\u0430\u0440\u043e\u0434\u043d\u0430\u044f \u043e\u0440\u0433\u0430\u043d\u0438\u0437\u0430\u0446\u0438\u044f \u043d\u0435\u0437\u0430\u0432\u0438\u0441\u0438\u043c\u043e\u0439 \u0430\u0441\u0441\u043e\u0446\u0438\u0430\u0446\u0438\u0438 \u044d\u043a\u043e\u043d\u043e\u043c\u0438\u0447\u0435\u0441\u043a\u043e\u0439 \u043c\u043e\u0434\u0435\u043b\u0438 \u043a\u043e\u043e\u0440\u0434\u0438\u043d\u0430\u0442\u043e\u0440 \u043f\u0440\u043e\u0435\u043a\u0442\u0430 (\u041c\u043e\u0441\u043a\u0432\u0430).<\/li>\n<li>\u0410\u043f\u0440\u0435\u043b\u044c 2015 \u2013 \u043c\u0430\u0439 2015: \u0418\u043d\u0441\u0442\u0438\u0442\u0443\u0442 \u044d\u043a\u043e\u043d\u043e\u043c\u0438\u043a\u0438 \u0438 \u043e\u0440\u0433\u0430\u043d\u0438\u0437\u0430\u0446\u0438\u0438 \u0441\u0435\u043b\u044c\u0441\u043a\u043e\u0433\u043e \u0445\u043e\u0437\u044f\u0439\u0441\u0442\u0432\u0430 \u041c\u0421 \u0410\u0437\u0435\u0440\u0431\u0430\u0439\u0434\u0436\u0430\u043d\u0430, \u0441\u0442\u0430\u0440\u0448\u0438\u0439 \u043d\u0430\u0443\u0447\u043d\u044b\u0439 \u0441\u043e\u0442\u0440\u0443\u0434\u043d\u0438\u043a (\u0411\u0430\u043a\u0443)<\/li>\n<li>\u041c\u0430\u0439 2015 &#8212; 9.10.2021 \u0433.\u0433. \u041d\u0430\u0443\u0447\u043d\u043e-\u0438\u0441\u0441\u043b\u0435\u0434\u043e\u0432\u0430\u0442\u0435\u043b\u044c\u0441\u043a\u0438\u0439 \u0438\u043d\u0441\u0442\u0438\u0442\u0443\u0442 \u044d\u043a\u043e\u043d\u043e\u043c\u0438\u0447\u0435\u0441\u043a\u0438\u0445 \u0438\u0437\u044b\u0441\u043a\u0430\u043d\u0438\u0439 \u0410\u0437\u0435\u0440\u0431\u0430\u0439\u0434\u0436\u0430\u043d\u0441\u043a\u043e\u0433\u043e \u0433\u043e\u0441\u0443\u0434\u0430\u0440\u0441\u0442\u0432\u0435\u043d\u043d\u043e\u0433\u043e \u044d\u043a\u043e\u043d\u043e\u043c\u0438\u0447\u0435\u0441\u043a\u043e\u0433\u043e \u0443\u043d\u0438\u0432\u0435\u0440\u0441\u0438\u0442\u0435\u0442\u0430, \u0437\u0430\u043c\u0435\u0441\u0442\u0438\u0442\u0435\u043b\u044c \u0434\u0438\u0440\u0435\u043a\u0442\u043e\u0440\u0430.<\/li>\n<\/ul>\n<h4><span style=\"color: #800000;\">\u00a0<a class=\"fancybox-thumb\" href=\"https:\/\/unec.edu.az\/application\/uploads\/2020\/10\/Rovsen-Quliyev_271020.jpg\"><img decoding=\"async\" class=\"fancybox-margin alignnone wp-image-157043 \" title=\"Az\u0259rbaycan iqtisadiyyat\u0131 g\u00fccl\u00fc, Erm\u0259nistan iqtisadiyyat\u0131 z\u0259ifdir (27.10.2020)\" src=\"https:\/\/unec.edu.az\/application\/uploads\/2020\/10\/Rovsen-Quliyev_271020-236x180.jpg\" alt=\"Rovsen-Quliyev_271020\" width=\"184\" height=\"140\" \/><\/a><a class=\"fancybox-thumb\" href=\"https:\/\/unec.edu.az\/application\/uploads\/2015\/12\/DSC_2394.jpg\"><img decoding=\"async\" class=\"fancybox-margin alignnone wp-image-33856 \" src=\"https:\/\/unec.edu.az\/application\/uploads\/2015\/12\/DSC_2394-236x180.jpg\" alt=\"DSC_2394\" width=\"180\" height=\"137\" \/><\/a><a class=\"fancybox-thumb\" href=\"https:\/\/unec.edu.az\/application\/uploads\/2016\/03\/DSC_6495.jpg\"><img loading=\"lazy\" decoding=\"async\" class=\"fancybox-margin alignnone wp-image-44997 \" src=\"https:\/\/unec.edu.az\/application\/uploads\/2016\/03\/DSC_6495-236x180.jpg\" alt=\"DSC_6495\" width=\"176\" height=\"134\" \/><\/a><a class=\"fancybox-thumb\" href=\"https:\/\/unec.edu.az\/application\/uploads\/2016\/02\/arasdirma_rovshan2c138f6818652c74d171.jpg\"><img loading=\"lazy\" decoding=\"async\" class=\"fancybox-margin alignnone wp-image-157254 \" src=\"https:\/\/unec.edu.az\/application\/uploads\/2016\/02\/arasdirma_rovshan2c138f6818652c74d171-236x180.jpg\" alt=\"arasdirma_rovshan2c138f6818652c74d171\" width=\"173\" height=\"132\" \/><\/a><a class=\"fancybox-thumb\" href=\"https:\/\/unec.edu.az\/application\/uploads\/2016\/02\/rovshan12.jpg\"><img loading=\"lazy\" decoding=\"async\" class=\"fancybox-margin alignnone wp-image-157576 \" src=\"https:\/\/unec.edu.az\/application\/uploads\/2016\/02\/rovshan12-236x180.jpg\" alt=\"rovshan12\" width=\"202\" height=\"154\" \/><\/a><\/span><\/h4>\n<p><a style=\"color: #000000;\" href=\"https:\/\/unec.edu.az\/ru\/global-south-development-magazine-nesrinin-xususi-numayendesi-unec-de-2\/\">\u0421\u043f\u0435\u0446\u0438\u0430\u043b\u044c\u043d\u044b\u0439 \u043f\u0440\u0435\u0434\u0441\u0442\u0430\u0432\u0438\u0442\u0435\u043b\u044c \u0436\u0443\u0440\u043d\u0430\u043b\u0430 \u201cGlobal South Development Magazine\u201d \u0432 UNEC<\/a>\u00a0(07.04.2017)<\/p>\n<p><a style=\"color: #000000;\" href=\"https:\/\/unec.edu.az\/ru\/global-south-development-magazine-nesrinin-xususi-numayendesi-unec-de\/\">\u0421\u043f\u0435\u0446\u0438\u0430\u043b\u044c\u043d\u044b\u0439 \u043f\u0440\u0435\u0434\u0441\u0442\u0430\u0432\u0438\u0442\u0435\u043b\u044c \u0436\u0443\u0440\u043d\u0430\u043b\u0430 \u201cGlobal South Development Magazine\u201d \u0432 UNEC<\/a>\u00a0(15.03.2017)<br \/>\n<a style=\"color: #000000;\" href=\"https:\/\/unec.edu.az\/ru\/iaeti-nin-tedqiqatcilari-strateji-yol-xeritesi-ni-muzakire-edibler\/\">\u0412 \u041d\u0418\u0418\u042d\u0418 \u0441\u043e\u0441\u0442\u043e\u044f\u043b\u043e\u0441\u044c \u043e\u0431\u0441\u0443\u0436\u0434\u0435\u043d\u0438\u0435 \u00ab\u0421\u0442\u0440\u0430\u0442\u0435\u0433\u0438\u0447\u0435\u0441\u043a\u043e\u0439 \u0434\u043e\u0440\u043e\u0436\u043d\u043e\u0439 \u043a\u0430\u0440\u0442\u044b\u00bb<\/a>\u00a0(29.12.2016)<br \/>\n<a style=\"color: #000000;\" href=\"https:\/\/unec.edu.az\/ru\/isci-qruplarinin-birge-iclasi-kecirilib\/\">\u0421\u043e\u0441\u0442\u043e\u044f\u043b\u043e\u0441\u044c \u0441\u043e\u0432\u043c\u0435\u0441\u0442\u043d\u043e\u0435 \u0437\u0430\u0441\u0435\u0434\u0430\u043d\u0438\u0435 \u0420\u0430\u0431\u043e\u0447\u0438\u0445 \u0433\u0440\u0443\u043f\u043f<\/a>\u00a0(21.11.2016)<br \/>\n<a style=\"color: #000000;\" href=\"https:\/\/unec.edu.az\/ru\/unec-de-elm-ayligi-cercivesinde-kecirilen-nobel-dinlemeleri-yekunlasib\/\">\u0412 UNEC \u043f\u043e\u0434\u0432\u0435\u0434\u0435\u043d \u0438\u0442\u043e\u0433 \u0437\u0430\u0441\u043b\u0443\u0448\u0438\u0432\u0430\u043d\u0438\u044f\u043c \u041d\u043e\u0431\u0435\u043b\u0435\u0432\u0441\u043a\u0438\u0445 \u0434\u043e\u043a\u043b\u0430\u0434\u043e\u0432, \u0441\u043e\u0441\u0442\u043e\u044f\u0432\u0448\u0438\u0445\u0441\u044f \u0432 \u0440\u0430\u043c\u043a\u0430\u0445 \u00ab\u041c\u0435\u0441\u044f\u0447\u043d\u0438\u043a\u0430 \u043d\u0430\u0443\u043a\u0438\u00bb<\/a>\u00a0(08.11.2016)<br \/>\n<span style=\"color: #000000;\"><a style=\"color: #000000;\" href=\"https:\/\/unec.edu.az\/ru\/azerbaycanda-davamli-inkisafin-temin-edilmesi-yollari-unec-de-muzakire-edilib\/\">\u0412 UNEC \u043e\u0431\u0441\u0443\u0436\u0434\u0430\u043b\u0438\u0441\u044c \u043f\u0443\u0442\u0438 \u0441\u043c\u044f\u0433\u0447\u0435\u043d\u0438\u044f \u043e\u0442\u0440\u0438\u0446\u0430\u0442\u0435\u043b\u044c\u043d\u043e\u0433\u043e \u0432\u043b\u0438\u044f\u043d\u0438\u044f \u043f\u0440\u043e\u0446\u0435\u0441\u0441\u043e\u0432, \u043f\u0440\u043e\u0438\u0441\u0445\u043e\u0434\u044f\u0449\u0438\u0445 \u0432 \u043c\u0438\u0440\u0435, \u043d\u0430 \u044d\u043a\u043e\u043d\u043e\u043c\u0438\u043a\u0443 \u0410\u0437\u0435\u0440\u0431\u0430\u0439\u0434\u0436\u0430\u043d\u0430<\/a>\u00a0<\/span><em><span style=\"font-size: 12pt;\">\u00a0(29.01.2016)<\/span><\/em><\/p>\n<p>&nbsp;<\/p>\n","protected":false},"excerpt":{"rendered":"<p>\u00a0\u0434.\u044d.\u043d,, \u043f\u0440\u043e\u0444.\u0420\u043e\u0432\u0448\u0430\u043d \u0413\u0443\u043b\u0438\u0435\u0432 \u0420\u043e\u0434\u0438\u043b\u0441\u044f 14 \u0444\u0435\u0432\u0440\u0430\u043b\u044f 1957 \u0433\u043e\u0434\u0430 \u0432 \u0433\u043e\u0440\u043e\u0434\u0435 \u0410\u0433\u0434\u0430\u043c. \u0412 1963 \u0433\u043e\u0434\u0443 \u0434\u043b\u044f \u043f\u043e\u043b\u0443\u0447\u0435\u043d\u0438\u044f \u0441\u0440\u0435\u0434\u043d\u0435\u0433\u043e \u043e\u0431\u0440\u0430\u0437\u043e\u0432\u0430\u043d\u0438\u044f \u043f\u043e\u0441\u0442\u0443\u043f\u0438\u043b\u00a0 \u0432 1-\u0443\u044e \u0448\u043a\u043e\u043b\u0443 \u0433\u043e\u0440\u043e\u0434\u0430 \u0410\u0433\u0434\u0430\u043c. \u00a0\u0412 1964 \u0433\u043e\u0434\u0443 \u043f\u0440\u043e\u0434\u043e\u043b\u0436\u0438\u043b \u0443\u0447\u0435\u0431\u0443 \u0432 190-\u043e\u0439 \u0448\u043a\u043e\u043b\u0435 \u0433\u043e\u0440\u043e\u0434\u0430 \u0411\u0430\u043a\u0443.\u00a0 \u0412 1973 \u0433\u043e\u0434\u0443 \u0437\u0430\u0432\u0435\u0440\u0448\u0438\u043b \u0441\u0440\u0435\u0434\u043d\u0435\u0435 \u043e\u0431\u0440\u0430\u0437\u043e\u0432\u0430\u043d\u0438\u0435 \u0432 \u0443\u043a\u0430\u0437\u0430\u043d\u043d\u043e\u0439 \u0448\u043a\u043e\u043b\u0435. \u0412 1973 \u0433\u043e\u0434\u0443 \u043f\u043e\u0441\u0442\u0443\u043f\u0438\u043b \u043d\u0430 \u043c\u0435\u0445\u0430\u043d\u0438\u043a\u043e-\u043c\u0430\u0442\u0435\u043c\u0430\u0442\u0438\u0447\u0435\u0441\u043a\u0438\u0439 \u0444\u0430\u043a\u0443\u043b\u044c\u0442\u0435\u0442 \u0410\u0437\u0435\u0440\u0431\u0430\u0439\u0434\u0436\u0430\u043d\u0441\u043a\u043e\u0433\u043e \u0433\u043e\u0441\u0443\u0434\u0430\u0440\u0441\u0442\u0432\u0435\u043d\u043d\u043e\u0433\u043e \u0443\u043d\u0438\u0432\u0435\u0440\u0441\u0438\u0442\u0435\u0442\u0430. \u0412 1978 [&hellip;]<\/p>\n","protected":false},"author":6,"featured_media":0,"parent":0,"menu_order":0,"comment_status":"open","ping_status":"open","template":"","meta":{"footnotes":""},"class_list":["post-40159","page","type-page","status-publish","hentry"],"_links":{"self":[{"href":"http:\/\/unec.edu.az\/ru\/wp-json\/wp\/v2\/pages\/40159","targetHints":{"allow":["GET"]}}],"collection":[{"href":"http:\/\/unec.edu.az\/ru\/wp-json\/wp\/v2\/pages"}],"about":[{"href":"http:\/\/unec.edu.az\/ru\/wp-json\/wp\/v2\/types\/page"}],"author":[{"embeddable":true,"href":"http:\/\/unec.edu.az\/ru\/wp-json\/wp\/v2\/users\/6"}],"replies":[{"embeddable":true,"href":"http:\/\/unec.edu.az\/ru\/wp-json\/wp\/v2\/comments?post=40159"}],"version-history":[{"count":11,"href":"http:\/\/unec.edu.az\/ru\/wp-json\/wp\/v2\/pages\/40159\/revisions"}],"predecessor-version":[{"id":167509,"href":"http:\/\/unec.edu.az\/ru\/wp-json\/wp\/v2\/pages\/40159\/revisions\/167509"}],"wp:attachment":[{"href":"http:\/\/unec.edu.az\/ru\/wp-json\/wp\/v2\/media?parent=40159"}],"curies":[{"name":"wp","href":"https:\/\/api.w.org\/{rel}","templated":true}]}}