{"id":66715,"date":"2016-01-06T11:05:57","date_gmt":"2016-01-06T07:05:57","guid":{"rendered":"https:\/\/unec.edu.az\/dosent-qurbanov-ramin-musu-oglu-2\/"},"modified":"2020-10-19T20:16:10","modified_gmt":"2020-10-19T16:16:10","slug":"dosent-qurbanov-ramin-musu-oglu","status":"publish","type":"page","link":"http:\/\/unec.edu.az\/ru\/dosent-qurbanov-ramin-musu-oglu\/","title":{"rendered":"\u041a\u0443\u0440\u0431\u0430\u043d\u043e\u0432 \u0420\u0430\u043c\u0438\u043d \u041c\u0443\u0441\u0443 \u043e\u0433\u043b\u044b"},"content":{"rendered":"<h4><strong><span style=\"color: #800000;\"><em><a href=\"https:\/\/unec.edu.az\/application\/uploads\/2016\/01\/qurbanov_ramin_0314211.jpg\"><img decoding=\"async\" class=\"alignleft wp-image-156912\" title=\"left\" src=\"https:\/\/unec.edu.az\/application\/uploads\/2016\/01\/qurbanov_ramin_0314211-241x300.jpg\" alt=\"qurbanov_ramin_0314211\" width=\"190\" height=\"237\" srcset=\"http:\/\/unec.edu.az\/application\/uploads\/2016\/01\/qurbanov_ramin_0314211-241x300.jpg 241w, http:\/\/unec.edu.az\/application\/uploads\/2016\/01\/qurbanov_ramin_0314211-240x300.jpg 240w, http:\/\/unec.edu.az\/application\/uploads\/2016\/01\/qurbanov_ramin_0314211.jpg 481w\" sizes=\"(max-width: 190px) 100vw, 190px\" \/><\/a>\u043a.\u0438.\u043d., \u0434\u043e\u0446\u0435\u043d\u0442 \u00a0\u041a\u0443\u0440\u0431\u0430\u043d\u043e\u0432 \u0420\u0430\u043c\u0438\u043d \u041c\u0443\u0441\u0443 \u043e\u0433\u043b\u044b<\/em><\/span><\/strong><\/h4>\n<p><em>e-mail: ramin.gurbanov@unec.edu.az<\/em><\/p>\n<p>\u0420\u043e\u0434\u0438\u043b\u0441\u044f 14 \u0441\u0435\u043d\u0442\u044f\u0431\u0440\u044f 1967 \u0433\u043e\u0434\u0430 \u0432 \u0441\u0435\u043b\u0435 \u0411\u0451\u044e\u043a \u041c\u0435\u0437\u0440\u0435 \u0412\u0430\u0440\u0434\u0435\u043d\u0438\u0441\u043a\u043e\u0433\u043e \u0440\u0430\u0439\u043e\u043d\u0430 \u0410\u0440\u043c\u044f\u043d\u0441\u043a\u043e\u0439 \u0420\u0435\u0441\u043f\u0443\u0431\u043b\u0438\u043a\u0438.<\/p>\n<p>\u0412 1985 \u0433\u043e\u0434\u0443 \u043f\u043e\u0441\u0442\u0443\u043f\u0438\u043b \u043d\u0430 \u0418\u0441\u0442\u043e\u0440\u0438\u0447\u0435\u0441\u043a\u0438\u0439 \u0444\u0430\u043a\u0443\u043b\u044c\u0442\u0435\u0442 \u0411\u0430\u043a\u0438\u043d\u0441\u043a\u043e\u0433\u043e \u0433\u043e\u0441\u0443\u0434\u0430\u0440\u0441\u0442\u0432\u0435\u043d\u043d\u043e\u0433\u043e \u0443\u043d\u0438\u0432\u0435\u0440\u0441\u0438\u0442\u0435\u0442\u0430.\u00a0\u0412 1992 \u0433\u043e\u0434\u0443 \u043e\u043a\u043e\u043d\u0447\u0438\u043b \u0443\u043a\u0430\u0437\u0430\u043d\u043d\u044b\u0439 \u0443\u043d\u0438\u0432\u0435\u0440\u0441\u0438\u0442\u0435\u0442.<\/p>\n<p>\u0412 1986-1988 \u0433\u043e\u0434\u0430\u0445 \u0441\u043b\u0443\u0436\u0438\u043b \u0432 \u0440\u044f\u0434\u0430\u0445 \u0430\u0440\u043c\u0438\u0438.<\/p>\n<p>\u0412 1992 \u0433\u043e\u0434\u0443 \u0431\u044b\u043b \u043d\u0430\u043f\u0440\u0430\u0432\u043b\u0435\u043d \u0432 \u0411\u0430\u043a\u0438\u043d\u0441\u043a\u0438\u0439 \u0444\u0438\u043b\u0438\u0430\u043b \u0410\u0437\u0435\u0440\u0431\u0430\u0439\u0434\u0436\u0430\u043d\u0441\u043a\u043e\u0433\u043e \u0442\u0435\u0445\u043d\u043e\u043b\u043e\u0433\u0438\u0447\u0435\u0441\u043a\u043e\u0433\u043e \u0438\u043d\u0441\u0442\u0438\u0442\u0443\u0442\u0430.<\/p>\n<p>\u0412 1993 \u0433\u043e\u0434\u0443 \u0411\u0430\u043a\u0438\u043d\u0441\u043a\u0438\u0439 \u0444\u0438\u043b\u0438\u0430\u043b \u043f\u0440\u0438\u0441\u0442\u0443\u043f\u0438\u043b \u043a \u0434\u0435\u044f\u0442\u0435\u043b\u044c\u043d\u043e\u0441\u0442\u0438 \u043a\u0430\u043a \u0441\u0430\u043c\u043e\u0441\u0442\u043e\u044f\u0442\u0435\u043b\u044c\u043d\u044b\u0439 \u0410\u0437\u0435\u0440\u0431\u0430\u0439\u0434\u0436\u0430\u043d\u0441\u043a\u0438\u0439 \u0433\u043e\u0441\u0443\u0434\u0430\u0440\u0441\u0442\u0432\u0435\u043d\u043d\u044b\u0439 \u0442\u043e\u0432\u0430\u0440\u043e\u0432\u0435\u0434\u043d\u043e-\u043a\u043e\u043c\u043c\u0435\u0440\u0447\u0435\u0441\u043a\u0438\u0439 \u0438\u043d\u0441\u0442\u0438\u0442\u0443\u0442.<\/p>\n<p>\u0412 1995 \u0433\u043e\u0434\u0443 \u0440\u0430\u0431\u043e\u0442\u0430\u043b \u0432 \u0443\u043a\u0430\u0437\u0430\u043d\u043d\u043e\u043c \u0438\u043d\u0441\u0442\u0438\u0442\u0443\u0442\u0435 \u043d\u0430 \u0434\u043e\u043b\u0436\u043d\u043e\u0441\u0442\u0438 \u043b\u0430\u0431\u043e\u0440\u0430\u043d\u0442\u0430 \u0438 \u0441\u0442\u0430\u0440\u0448\u0435\u0433\u043e \u043b\u0430\u0431\u043e\u0440\u0430\u043d\u0442\u0430, \u0441 1995 \u0433\u043e\u0434\u0430 \u043d\u0430 \u0434\u043e\u043b\u0436\u043d\u043e\u0441\u0442\u0438 \u043f\u0440\u0435\u043f\u043e\u0434\u0430\u0432\u0430\u0442\u0435\u043b\u044f.\u00a0\u0421 1998 \u0433\u043e\u0434\u0430 \u0440\u0430\u0431\u043e\u0442\u0430\u043b \u043d\u0430 \u0434\u043e\u043b\u0436\u043d\u043e\u0441\u0442\u0438 \u0441\u0442\u0430\u0440\u0448\u0435\u0433\u043e \u043f\u0440\u0435\u043f\u043e\u0434\u0430\u0432\u0430\u0442\u0435\u043b\u044f.<\/p>\n<p>\u0412 \u044f\u043d\u0432\u0430\u0440\u0435 2004 \u0433\u043e\u0434\u0430 \u0437\u0430\u0449\u0438\u0442\u0438\u0432 \u043a\u0430\u043d\u0434\u0438\u0434\u0430\u0442\u0441\u043a\u0443\u044e \u0434\u0438\u0441\u0441\u0435\u0440\u0442\u0430\u0446\u0438\u044e \u043d\u0430 \u0442\u0435\u043c\u0443 \u00ab\u041e\u0441\u0432\u043e\u0431\u043e\u0434\u0438\u0442\u0435\u043b\u044c\u043d\u043e\u0435 \u0434\u0432\u0438\u0436\u0435\u043d\u0438\u0435 \u0432 \u0410\u0437\u0435\u0440\u0431\u0430\u0439\u0434\u0436\u0430\u043d\u0435 \u0432 \u043f\u0435\u0440\u0432\u043e\u0439 \u043f\u043e\u043b\u043e\u0432\u0438\u043d\u0435 XIX \u0432\u0435\u043a\u0430\u00bb, \u043f\u043e\u043b\u0443\u0447\u0438\u043b \u0443\u0447\u0435\u043d\u0443\u044e \u0441\u0442\u0435\u043f\u0435\u043d\u044c \u043a\u0430\u043d\u0434\u0438\u0434\u0430\u0442\u0430 \u0438\u0441\u0442\u043e\u0440\u0438\u0447\u0435\u0441\u043a\u0438\u0445 \u043d\u0430\u0443\u043a.<\/p>\n<p>\u0421 2005 \u0433\u043e\u0434\u0430 \u0440\u0430\u0431\u043e\u0442\u0430\u043b \u043d\u0430 \u0434\u043e\u043b\u0436\u043d\u043e\u0441\u0442\u0438 \u0441\u0442\u0430\u0440\u0448\u0435\u0433\u043e \u043f\u0440\u0435\u043f\u043e\u0434\u0430\u0432\u0430\u0442\u0435\u043b\u044f \u043a\u0430\u0444\u0435\u0434\u0440\u044b \u00ab\u041c\u0435\u0436\u0434\u0443\u043d\u0430\u0440\u043e\u0434\u043d\u044b\u0435 \u043e\u0442\u043d\u043e\u0448\u0435\u043d\u0438\u044f\u00bb \u0410\u0437\u0435\u0440\u0431\u0430\u0439\u0434\u0436\u0430\u043d\u0441\u043a\u043e\u0433\u043e \u0433\u043e\u0441\u0443\u0434\u0430\u0440\u0441\u0442\u0432\u0435\u043d\u043d\u043e\u0433\u043e \u044d\u043a\u043e\u043d\u043e\u043c\u0438\u0447\u0435\u0441\u043a\u043e\u0433\u043e \u0443\u043d\u0438\u0432\u0435\u0440\u0441\u0438\u0442\u0435\u0442\u0430.<\/p>\n<p>\u0421 \u0444\u0435\u0432\u0440\u0430\u043b\u044f 2010 \u0433\u043e\u0434\u0430 \u044f\u0432\u043b\u044f\u0435\u0442\u0441\u044f \u0434\u043e\u0446\u0435\u043d\u0442\u043e\u043c \u043a\u0430\u0444\u0435\u0434\u0440\u044b.<\/p>\n<p>\u0421 2016 \u0433\u043e\u0434\u0430 \u043f\u043e 2019 \u0433\u043e\u0434 \u0440\u0430\u0431\u043e\u0442\u0430\u043b \u043d\u0430 \u0434\u043e\u043b\u0436\u043d\u043e\u0441\u0442\u0438 \u0437\u0430\u0432\u0435\u0434\u0443\u044e\u0449\u0435\u0433\u043e \u043a\u0430\u0444\u0435\u0434\u0440\u043e\u0439 \u00ab\u041c\u0435\u0436\u0434\u0443\u043d\u0430\u0440\u043e\u0434\u043d\u044b\u0435 \u043e\u0442\u043d\u043e\u0448\u0435\u043d\u0438\u044f\u00bb \u0410\u0437\u0435\u0440\u0431\u0430\u0439\u0434\u0436\u0430\u043d\u0441\u043a\u043e\u0433\u043e \u0433\u043e\u0441\u0443\u0434\u0430\u0440\u0441\u0442\u0432\u0435\u043d\u043d\u043e\u0433\u043e \u044d\u043a\u043e\u043d\u043e\u043c\u0438\u0447\u0435\u0441\u043a\u043e\u0433\u043e \u0443\u043d\u0438\u0432\u0435\u0440\u0441\u0438\u0442\u0435\u0442\u0430. \u0421 21.06.2019-\u0433\u043e\u0434\u0430\u00a0 \u0431\u044b\u043b \u043f\u0435\u0440\u0435\u0432\u0435\u0434\u0435\u043d \u043d\u0430 \u043a\u0430\u0444\u0435\u0434\u0440\u0443 \u201c\u041c\u0435\u0436\u0434\u0443\u043d\u0430\u0440\u043e\u0434\u043d\u044b\u0435 \u043e\u0442\u043d\u043e\u0448\u0435\u043d\u0438\u044f \u0438 \u0434\u0438\u043f\u043b\u043e\u043c\u0430\u0442\u0438\u044f\u201d.<\/p>\n<p>\u0416\u0435\u043d\u0430\u0442, \u0438\u043c\u0435\u0435\u0442 \u0442\u0440\u043e\u0438\u0445 \u0434\u0435\u0442\u0435\u0439.<\/p>\n<p>&nbsp;<\/p>\n<p><a href=\"https:\/\/unec.edu.az\/application\/uploads\/2016\/01\/Qurbanov-Ramin.jpg\"><img decoding=\"async\" class=\"alignleft wp-image-134603 \" title=\"UNEC-d\u0259 Elmi \u015euran\u0131n n\u00f6vb\u0259ti iclas\u0131 ke\u00e7irilib\" src=\"https:\/\/unec.edu.az\/application\/uploads\/2016\/01\/Qurbanov-Ramin-300x200.jpg\" alt=\"Qurbanov Ramin\" width=\"266\" height=\"177\" srcset=\"http:\/\/unec.edu.az\/application\/uploads\/2016\/01\/Qurbanov-Ramin-300x200.jpg 300w, http:\/\/unec.edu.az\/application\/uploads\/2016\/01\/Qurbanov-Ramin-1024x684.jpg 1024w, http:\/\/unec.edu.az\/application\/uploads\/2016\/01\/Qurbanov-Ramin.jpg 1200w\" sizes=\"(max-width: 266px) 100vw, 266px\" \/><\/a><a class=\"fancybox-thumb\" href=\"https:\/\/unec.edu.az\/application\/uploads\/2017\/04\/18053250_740966089415966_139095589_o.jpg\" rel=\"fancybox-thumb\"><img decoding=\"async\" class=\"fancybox-margin alignnone wp-image-91533 size-image236x180\" title=\"Az\u0259rbaycan \u0130slam d\u00fcnyas\u0131n\u0131n bar\u0131\u015fd\u0131r\u0131c\u0131 q\u00fcvv\u0259sidir (21.04.2017)\" src=\"https:\/\/unec.edu.az\/application\/uploads\/2017\/04\/18053250_740966089415966_139095589_o-236x180.jpg\" alt=\"18053250_740966089415966_139095589_o\" width=\"236\" height=\"180\" \/><\/a><a class=\"fancybox-thumb\" href=\"https:\/\/unec.edu.az\/application\/uploads\/2017\/04\/DSC01925.jpg\" rel=\"fancybox-thumb\"><img loading=\"lazy\" decoding=\"async\" class=\"fancybox-margin alignnone wp-image-90990 size-image236x180\" title=\"UNEC-d\u0259 \u0130slam H\u0259mr\u0259yliyi \u0130li \u00e7\u0259r\u00e7iv\u0259sind\u0259 m\u00fchazir\u0259l\u0259r davam edir (18.04.2017)\" src=\"https:\/\/unec.edu.az\/application\/uploads\/2017\/04\/DSC01925-236x180.jpg\" alt=\"???????????????????????????????\" width=\"236\" height=\"180\" \/><\/a><a class=\"fancybox-thumb\" href=\"https:\/\/unec.edu.az\/application\/uploads\/2015\/06\/rashad_ramilok.jpg\" rel=\"fancybox-thumb\"><img loading=\"lazy\" decoding=\"async\" class=\"fancybox-margin alignnone wp-image-94851 size-image236x180\" title=\"\u201cH\u0259r ka\u011f\u0131z\u0131 bir yarpa\u011fa d\u0259yi\u015f\u0259k\u201d layih\u0259sin\u0259 UNEC-d\u0259n d\u0259st\u0259k (10.05.2017)\" src=\"https:\/\/unec.edu.az\/application\/uploads\/2015\/06\/rashad_ramilok-236x180.jpg\" alt=\"rashad_ramil\u043e\u043a\" width=\"236\" height=\"180\" \/><\/a><a class=\"fancybox-thumb\" href=\"https:\/\/unec.edu.az\/application\/uploads\/2015\/06\/DSC_9926.jpg\" rel=\"fancybox-thumb\"><img loading=\"lazy\" decoding=\"async\" class=\"fancybox-margin alignnone wp-image-78996 size-image236x180\" src=\"https:\/\/unec.edu.az\/application\/uploads\/2015\/06\/DSC_9926-236x180.jpg\" alt=\"DSC_9926\" width=\"236\" height=\"180\" \/><\/a><\/p>\n<p><a style=\"color: #000000;\" href=\"https:\/\/unec.edu.az\/ru\/islam-hemreyliyi-ili-telebe-elmi-konfransi-muhazire-seminar\/\">\u0413\u043e\u0434 \u0418\u0441\u043b\u0430\u043c\u0441\u043a\u043e\u0439 \u0441\u043e\u043b\u0438\u0434\u0430\u0440\u043d\u043e\u0441\u0442\u0438: \u0441\u0442\u0443\u0434\u0435\u043d\u0447\u0435\u0441\u043a\u0430\u044f \u043d\u0430\u0443\u0447\u043d\u0430\u044f \u043a\u043e\u043d\u0444\u0435\u0440\u0435\u043d\u0446\u0438\u044f, \u043b\u0435\u043a\u0446\u0438\u0438, \u0441\u0435\u043c\u0438\u043d\u0430\u0440\u044b<\/a>\u00a0(17.05.2017)<\/p>\n","protected":false},"excerpt":{"rendered":"<p>\u043a.\u0438.\u043d., \u0434\u043e\u0446\u0435\u043d\u0442 \u00a0\u041a\u0443\u0440\u0431\u0430\u043d\u043e\u0432 \u0420\u0430\u043c\u0438\u043d \u041c\u0443\u0441\u0443 \u043e\u0433\u043b\u044b e-mail: ramin.gurbanov@unec.edu.az \u0420\u043e\u0434\u0438\u043b\u0441\u044f 14 \u0441\u0435\u043d\u0442\u044f\u0431\u0440\u044f 1967 \u0433\u043e\u0434\u0430 \u0432 \u0441\u0435\u043b\u0435 \u0411\u0451\u044e\u043a \u041c\u0435\u0437\u0440\u0435 \u0412\u0430\u0440\u0434\u0435\u043d\u0438\u0441\u043a\u043e\u0433\u043e \u0440\u0430\u0439\u043e\u043d\u0430 \u0410\u0440\u043c\u044f\u043d\u0441\u043a\u043e\u0439 \u0420\u0435\u0441\u043f\u0443\u0431\u043b\u0438\u043a\u0438. \u0412 1985 \u0433\u043e\u0434\u0443 \u043f\u043e\u0441\u0442\u0443\u043f\u0438\u043b \u043d\u0430 \u0418\u0441\u0442\u043e\u0440\u0438\u0447\u0435\u0441\u043a\u0438\u0439 \u0444\u0430\u043a\u0443\u043b\u044c\u0442\u0435\u0442 \u0411\u0430\u043a\u0438\u043d\u0441\u043a\u043e\u0433\u043e \u0433\u043e\u0441\u0443\u0434\u0430\u0440\u0441\u0442\u0432\u0435\u043d\u043d\u043e\u0433\u043e \u0443\u043d\u0438\u0432\u0435\u0440\u0441\u0438\u0442\u0435\u0442\u0430.\u00a0\u0412 1992 \u0433\u043e\u0434\u0443 \u043e\u043a\u043e\u043d\u0447\u0438\u043b \u0443\u043a\u0430\u0437\u0430\u043d\u043d\u044b\u0439 \u0443\u043d\u0438\u0432\u0435\u0440\u0441\u0438\u0442\u0435\u0442. \u0412 1986-1988 \u0433\u043e\u0434\u0430\u0445 \u0441\u043b\u0443\u0436\u0438\u043b \u0432 \u0440\u044f\u0434\u0430\u0445 \u0430\u0440\u043c\u0438\u0438. \u0412 1992 \u0433\u043e\u0434\u0443 \u0431\u044b\u043b \u043d\u0430\u043f\u0440\u0430\u0432\u043b\u0435\u043d \u0432 \u0411\u0430\u043a\u0438\u043d\u0441\u043a\u0438\u0439 \u0444\u0438\u043b\u0438\u0430\u043b \u0410\u0437\u0435\u0440\u0431\u0430\u0439\u0434\u0436\u0430\u043d\u0441\u043a\u043e\u0433\u043e \u0442\u0435\u0445\u043d\u043e\u043b\u043e\u0433\u0438\u0447\u0435\u0441\u043a\u043e\u0433\u043e \u0438\u043d\u0441\u0442\u0438\u0442\u0443\u0442\u0430. \u0412 [&hellip;]<\/p>\n","protected":false},"author":6,"featured_media":0,"parent":0,"menu_order":0,"comment_status":"open","ping_status":"open","template":"","meta":{"footnotes":""},"class_list":["post-66715","page","type-page","status-publish","hentry"],"_links":{"self":[{"href":"http:\/\/unec.edu.az\/ru\/wp-json\/wp\/v2\/pages\/66715","targetHints":{"allow":["GET"]}}],"collection":[{"href":"http:\/\/unec.edu.az\/ru\/wp-json\/wp\/v2\/pages"}],"about":[{"href":"http:\/\/unec.edu.az\/ru\/wp-json\/wp\/v2\/types\/page"}],"author":[{"embeddable":true,"href":"http:\/\/unec.edu.az\/ru\/wp-json\/wp\/v2\/users\/6"}],"replies":[{"embeddable":true,"href":"http:\/\/unec.edu.az\/ru\/wp-json\/wp\/v2\/comments?post=66715"}],"version-history":[{"count":11,"href":"http:\/\/unec.edu.az\/ru\/wp-json\/wp\/v2\/pages\/66715\/revisions"}],"predecessor-version":[{"id":156914,"href":"http:\/\/unec.edu.az\/ru\/wp-json\/wp\/v2\/pages\/66715\/revisions\/156914"}],"wp:attachment":[{"href":"http:\/\/unec.edu.az\/ru\/wp-json\/wp\/v2\/media?parent=66715"}],"curies":[{"name":"wp","href":"https:\/\/api.w.org\/{rel}","templated":true}]}}