{"id":70488,"date":"2016-01-08T16:30:42","date_gmt":"2016-01-08T12:30:42","guid":{"rendered":"https:\/\/unec.edu.az\/rzayeva-inare-rza-2\/"},"modified":"2024-07-19T11:08:02","modified_gmt":"2024-07-19T07:08:02","slug":"rzayeva-inare-rza","status":"publish","type":"page","link":"http:\/\/unec.edu.az\/ru\/rzayeva-inare-rza\/","title":{"rendered":"\u0420\u0437\u0430\u0435\u0432\u0430 \u0418\u043d\u0430\u0440\u0430 \u0420\u0437\u0430"},"content":{"rendered":"<h4><span style=\"color: #800000;\"><a style=\"color: #800000;\" href=\"https:\/\/unec.edu.az\/application\/uploads\/2016\/01\/inara-rzayeva.jpg\"><img decoding=\"async\" class=\"alignleft wp-image-121930\" title=\"left\" src=\"https:\/\/unec.edu.az\/application\/uploads\/2016\/01\/inara-rzayeva-246x300.jpg\" alt=\"inara-rzayeva\" width=\"180\" height=\"220\" srcset=\"http:\/\/unec.edu.az\/application\/uploads\/2016\/01\/inara-rzayeva-246x300.jpg 246w, http:\/\/unec.edu.az\/application\/uploads\/2016\/01\/inara-rzayeva.jpg 372w\" sizes=\"(max-width: 180px) 100vw, 180px\" \/><\/a>\u0434.\u0444.\u044d., \u0434\u043e\u0446. \u0420\u0437\u0430\u0435\u0432\u0430 \u0418\u043d\u0430\u0440\u0430 \u0420\u0437\u0430 \u043a\u044b\u0437\u044b<\/span><\/h4>\n<p><span style=\"color: #000000;\"><em>\u0422\u0435\u043b\u0435\u0444\u043e\u043d:\u00a0+(994) 12 492-60-91<br \/>\n<span style=\"color: #ffffff;\">*\u00a0<\/span> \u00a0 \u00a0 \u00a0 \u00a0 \u00a0 \u00a0 \u00a0 \u00a0+(994) 12 492-59-03 (11-54)<br \/>\ne-mail: inara_rzayeva@unec.edu.az<\/em><\/span><\/p>\n<p>\u0420\u043e\u0434\u0438\u043b\u0430\u0441\u044c \u0432 \u0433\u043e\u0440\u043e\u0434\u0435 \u0411\u0430\u043a\u0443 \u0410\u0437\u0435\u0440\u0431\u0430\u0439\u0434\u0436\u0430\u043d\u0441\u043a\u043e\u0439 \u0420\u0435\u0441\u043f\u0443\u0431\u043b\u0438\u043a\u0438.<\/p>\n<p><strong><span style=\"text-decoration: underline;\">\u041e\u0431\u0440\u0430\u0437\u043e\u0432\u0430\u043d\u0438\u0435<\/span><\/strong><\/p>\n<p style=\"text-align: justify;\">\u0410\u0437\u0435\u0440\u0431\u0430\u0439\u0434\u0436\u0430\u043d\u0441\u043a\u0438\u0439 \u0433\u043e\u0441\u0443\u0434\u0430\u0440\u0441\u0442\u0432\u0435\u043d\u043d\u044b\u0439 \u044d\u043a\u043e\u043d\u043e\u043c\u0438\u0447\u0435\u0441\u043a\u0438\u0439 \u0438\u043d\u0441\u0442\u0438\u0442\u0443\u0442, \u0444\u0430\u043a\u0443\u043b\u044c\u0442\u0435\u0442 \u00ab\u042d\u043a\u043e\u043d\u043e\u043c\u0438\u043a\u0430 \u043f\u0440\u043e\u043c\u044b\u0448\u043b\u0435\u043d\u043d\u043e\u0441\u0442\u0438\u00bb\u00a0(1986 \u2013 1991)<br \/>\n\u0410\u0437\u0435\u0440\u0431\u0430\u0439\u0434\u0436\u0430\u043d\u0441\u043a\u0438\u0439 \u0433\u043e\u0441\u0443\u0434\u0430\u0440\u0441\u0442\u0432\u0435\u043d\u043d\u044b\u0439 \u044d\u043a\u043e\u043d\u043e\u043c\u0438\u0447\u0435\u0441\u043a\u0438\u0439 \u0438\u043d\u0441\u0442\u0438\u0442\u0443\u0442, \u043a\u0430\u0444\u0435\u0434\u0440\u0430 \u00ab\u041c\u0435\u0436\u0434\u0443\u043d\u0430\u0440\u043e\u0434\u043d\u044b\u0435 \u044d\u043a\u043e\u043d\u043e\u043c\u0438\u0447\u0435\u0441\u043a\u0438\u0435 \u043e\u0442\u043d\u043e\u0448\u0435\u043d\u0438\u044f\u00bb, \u0434\u0438\u0441\u0441\u0435\u0440\u0442\u0430\u043d\u0442\u043a\u0430 (2000 \u2013 2005)<br \/>\n\u0417\u0430\u0449\u0438\u0442\u0430 \u0434\u0438\u0441\u0441\u0435\u0440\u0442\u0430\u0446\u0438\u043e\u043d\u043d\u043e\u0439 \u0440\u0430\u0431\u043e\u0442\u044b \u0438 \u043f\u043e\u043b\u0443\u0447\u0435\u043d\u0438\u0435 \u0443\u0447\u0435\u043d\u043e\u0439 \u0441\u0442\u0435\u043f\u0435\u043d\u0438 \u0434\u043e\u043a\u0442\u043e\u0440\u0430 \u0444\u0438\u043b\u043e\u0441\u043e\u0444\u0438\u0438 \u043f\u043e \u044d\u043a\u043e\u043d\u043e\u043c\u0438\u043a\u0435 (2013).<\/p>\n<p><strong><span style=\"text-decoration: underline;\">\u0422\u0440\u0443\u0434\u043e\u0432\u0430\u044f \u0434\u0435\u044f\u0442\u0435\u043b\u044c\u043d\u043e\u0441\u0442\u044c\u00a0<\/span><\/strong><\/p>\n<p style=\"text-align: justify;\">\u0413\u043e\u0440\u043e\u0434 \u0421\u0443\u043c\u0433\u0430\u0438\u0442, \u00ab\u0425\u0438\u043c\u0438\u0447\u0435\u0441\u043a\u0438\u0439 \u043f\u0440\u043e\u0435\u043a\u0442\u043d\u044b\u0439 \u0438\u043d\u0441\u0442\u0438\u0442\u0443\u0442\u00bb, \u0442\u0435\u0445\u043d\u0438\u043a\u043e-\u044d\u043a\u043e\u043d\u043e\u043c\u0438\u0447\u0435\u0441\u043a\u0438\u0439 \u043e\u0442\u0434\u0435\u043b, \u0442\u0435\u0445\u043d\u0438\u043a, \u044d\u043a\u043e\u043d\u043e\u043c\u0438\u0441\u0442\u00a0(1988 \u2013 1995)<br \/>\n\u0410\u0437\u0435\u0440\u0431\u0430\u0439\u0434\u0436\u0430\u043d\u0441\u043a\u0438\u0439 \u0433\u043e\u0441\u0443\u0434\u0430\u0440\u0441\u0442\u0432\u0435\u043d\u043d\u044b\u0439 \u044d\u043a\u043e\u043d\u043e\u043c\u0438\u0447\u0435\u0441\u043a\u0438\u0439 \u0443\u043d\u0438\u0432\u0435\u0440\u0441\u0438\u0442\u0435\u0442, \u043a\u0430\u0444\u0435\u0434\u0440\u0430 \u041c\u0435\u0436\u0434\u0443\u043d\u0430\u0440\u043e\u0434\u043d\u044b\u0445 \u044d\u043a\u043e\u043d\u043e\u043c\u0438\u0447\u0435\u0441\u043a\u0438\u0445 \u043e\u0442\u043d\u043e\u0448\u0435\u043d\u0438\u0439, \u00a0\u0441\u0442\u0430\u0440\u0448\u0438\u0439 \u043b\u0430\u0431\u043e\u0440\u0430\u043d\u0442, \u043f\u0440\u0435\u043f\u043e\u0434\u0430\u0432\u0430\u0442\u0435\u043b\u044c (1995-2013)<br \/>\n\u0410\u0437\u0435\u0440\u0431\u0430\u0439\u0434\u0436\u0430\u043d\u0441\u043a\u0438\u0439 \u0433\u043e\u0441\u0443\u0434\u0430\u0440\u0441\u0442\u0432\u0435\u043d\u043d\u044b\u0439 \u044d\u043a\u043e\u043d\u043e\u043c\u0438\u0447\u0435\u0441\u043a\u0438\u0439 \u0443\u043d\u0438\u0432\u0435\u0440\u0441\u0438\u0442\u0435\u0442, \u043a\u0430\u0444\u0435\u0434\u0440\u0430 \u041c\u0435\u0436\u0434\u0443\u043d\u0430\u0440\u043e\u0434\u043d\u044b\u0445 \u044d\u043a\u043e\u043d\u043e\u043c\u0438\u0447\u0435\u0441\u043a\u0438\u0445 \u043e\u0442\u043d\u043e\u0448\u0435\u043d\u0438\u0439, \u0441\u0442\u0430\u0440\u0448\u0438\u0439 \u043f\u0440\u0435\u043f\u043e\u0434\u0430\u0432\u0430\u0442\u0435\u043b\u044c (2013 \u2013 2014)<br \/>\n\u0410\u0437\u0435\u0440\u0431\u0430\u0439\u0434\u0436\u0430\u043d\u0441\u043a\u0438\u0439 \u0433\u043e\u0441\u0443\u0434\u0430\u0440\u0441\u0442\u0432\u0435\u043d\u043d\u044b\u0439 \u044d\u043a\u043e\u043d\u043e\u043c\u0438\u0447\u0435\u0441\u043a\u0438\u0439 \u0443\u043d\u0438\u0432\u0435\u0440\u0441\u0438\u0442\u0435\u0442, \u043f\u0440\u0435\u043f\u043e\u0434\u0430\u0432\u0430\u0442\u0435\u043b\u044c \u043f\u043e\u0447\u0430\u0441\u043e\u0432\u043e\u0439 \u043e\u043f\u043b\u0430\u0442\u0435 \u0432 \u0433\u0440\u0443\u043f\u043f\u0435 \u00ab\u041e\u0441\u043e\u0431\u043e \u043e\u0434\u0430\u0440\u0435\u043d\u043d\u044b\u0445\u00bb (2012 \u2013 2014).<br \/>\n\u0410\u0437\u0435\u0440\u0431\u0430\u0439\u0434\u0436\u0430\u043d\u0441\u043a\u0438\u0439 \u0433\u043e\u0441\u0443\u0434\u0430\u0440\u0441\u0442\u0432\u0435\u043d\u043d\u044b\u0439 \u044d\u043a\u043e\u043d\u043e\u043c\u0438\u0447\u0435\u0441\u043a\u0438\u0439 \u0443\u043d\u0438\u0432\u0435\u0440\u0441\u0438\u0442\u0435\u0442, \u0437\u0430\u043c\u0435\u0441\u0442\u0438\u0442\u0435\u043b\u044c \u0434\u0438\u0440\u0435\u043a\u0442\u043e\u0440\u0430 \u00ab\u041c\u0435\u0436\u0434\u0443\u043d\u0430\u0440\u043e\u0434\u043d\u043e\u0439 \u0448\u043a\u043e\u043b\u044b \u044d\u043a\u043e\u043d\u043e\u043c\u0438\u043a\u0438\u00bb (2014 \u0433\u043e\u0434 \u0438 \u043f\u043e \u043d\u0430\u0441\u0442\u043e\u044f\u0449\u0435\u0435 \u0432\u0440\u0435\u043c\u044f).<\/p>\n<p>\u0421 19 \u044f\u043d\u0432\u0430\u0440\u044f 2024 \u0433\u043e\u0434\u0430 \u0440\u0430\u0431\u043e\u0442\u0430\u0435\u0442 \u043d\u0430 \u0434\u043e\u043b\u0436\u043d\u043e\u0441\u0442\u0438 \u0434\u0438\u0440\u0435\u043a\u0442\u043e\u0440\u0430 \u041c\u0435\u0436\u0434\u0443\u043d\u0430\u0440\u043e\u0434\u043d\u043e\u0439 \u0448\u043a\u043e\u043b\u044b \u044d\u043a\u043e\u043d\u043e\u043c\u0438\u043a\u0438 (ISE).<\/p>\n<p>\u042f\u0432\u043b\u044f\u0435\u0442\u0441\u044f \u0430\u0432\u0442\u043e\u0440\u043e\u043c 41 \u043d\u0430\u0443\u0447\u043d\u043e\u0439 \u0440\u0430\u0431\u043e\u0442\u044b, \u0438\u0437 \u043a\u043e\u0442\u043e\u0440\u044b\u0445 7 \u0441\u0442\u0430\u0442\u0435\u0439 \u0432\u043a\u043b\u044e\u0447\u0435\u043d\u044b \u0432 \u0431\u0430\u0437\u0443 \u0434\u0430\u043d\u043d\u044b\u0445 SCOPUS.<\/p>\n<p><a class=\"fancybox-thumb\" href=\"https:\/\/unec.edu.az\/application\/uploads\/2016\/01\/inara20150513_162656.jpg\" rel=\"fancybox-thumb\"><img decoding=\"async\" class=\"fancybox-margin alignnone wp-image-34974 \" src=\"https:\/\/unec.edu.az\/application\/uploads\/2016\/01\/inara20150513_162656-236x180.jpg\" alt=\"inara20150513_162656\" width=\"195\" height=\"149\" \/><\/a><a class=\"fancybox-thumb\" href=\"https:\/\/unec.edu.az\/application\/uploads\/2016\/01\/inara6b16e633-01b7-4988-b753-97a7cabdf637.jpg\" rel=\"fancybox-thumb\"><img decoding=\"async\" class=\"fancybox-margin alignnone wp-image-49129 \" src=\"https:\/\/unec.edu.az\/application\/uploads\/2016\/01\/inara6b16e633-01b7-4988-b753-97a7cabdf637-236x180.jpg\" alt=\"inara6b16e633-01b7-4988-b753-97a7cabdf637\" width=\"195\" height=\"149\" \/><\/a> <a class=\"fancybox-thumb\" href=\"https:\/\/unec.edu.az\/application\/uploads\/2016\/01\/inara60e540ef-13a6-4525-8362-104efbd60182-1.jpg\" rel=\"fancybox-thumb\"><img loading=\"lazy\" decoding=\"async\" class=\"fancybox-margin alignnone wp-image-49130 \" src=\"https:\/\/unec.edu.az\/application\/uploads\/2016\/01\/inara60e540ef-13a6-4525-8362-104efbd60182-1-236x180.jpg\" alt=\"inara60e540ef-13a6-4525-8362-104efbd60182 (1)\" width=\"195\" height=\"149\" \/><\/a><a class=\"fancybox-thumb\" href=\"https:\/\/unec.edu.az\/application\/uploads\/2016\/10\/DSC_8474.jpg\" rel=\"fancybox-thumb\"><img loading=\"lazy\" decoding=\"async\" class=\"fancybox-margin alignnone wp-image-67402 \" src=\"https:\/\/unec.edu.az\/application\/uploads\/2016\/10\/DSC_8474-236x180.jpg\" alt=\"DSC_8474\" width=\"194\" height=\"148\" \/><\/a><a class=\"fancybox-thumb\" href=\"https:\/\/unec.edu.az\/application\/uploads\/2016\/10\/DSC_8454.jpg\" rel=\"fancybox-thumb\"><img loading=\"lazy\" decoding=\"async\" class=\"fancybox-margin alignnone wp-image-67394 \" src=\"https:\/\/unec.edu.az\/application\/uploads\/2016\/10\/DSC_8454-236x180.jpg\" alt=\"DSC_8454\" width=\"195\" height=\"149\" \/><\/a><\/p>\n<p><span style=\"color: #000080;\"><em><a style=\"color: #000080;\" href=\"https:\/\/unec.edu.az\/ru\/ruminiyali-telebeler-unec-magistri-olmaq-isteyirler\/\">\u0421\u0442\u0443\u0434\u0435\u043d\u0442\u044b \u0420\u0443\u043c\u044b\u043d\u0438\u0438 \u0436\u0435\u043b\u0430\u044e\u0442 \u0441\u0442\u0430\u0442\u044c \u043c\u0430\u0433\u0438\u0441\u0442\u0440\u0430\u043c\u0438 UNEC<\/a>\u00a0(13.04.2018)<br \/>\n\u0418\u0441\u0441\u043b\u0435\u0434\u043e\u0432\u0430\u0442\u0435\u043b\u044c\u0441\u043a\u0430\u044f \u0440\u0430\u0431\u043e\u0442\u0430 \u0443\u0447\u0435\u043d\u043e\u0433\u043e UNEC \u0432 \u201cScopus\u201d \u0438 \u201cWeb of science\u201d\u00a0(30.03.2018)<\/em><em><a style=\"color: #000080;\" href=\"https:\/\/unec.edu.az\/ru\/unec-muellimleri-polsanin-poznan-iqtisadiyyat-ve-biznes-universitetinde-muhazire-oxuyublar\/\"><br \/>\n\u041f\u0440\u0435\u043f\u043e\u0434\u0430\u0432\u0430\u0442\u0435\u043b\u0438 UNEC \u043f\u0440\u043e\u0432\u0435\u043b\u0438 \u043b\u0435\u043a\u0446\u0438\u0438 \u0432 \u041f\u043e\u0437\u043d\u0430\u043d\u0441\u043a\u043e\u043c \u0443\u043d\u0438\u0432\u0435\u0440\u0441\u0438\u0442\u0435\u0442\u0435 \u044d\u043a\u043e\u043d\u043e\u043c\u0438\u043a\u0438 \u0438 \u0431\u0438\u0437\u043d\u0435\u0441\u0430 \u041f\u043e\u043b\u044c\u0448\u0438<\/a>\u00a0(16.03.2017)<br \/>\n<a style=\"color: #000080;\" href=\"https:\/\/unec.edu.az\/ru\/unec-de-polsali-professorlarin-muhazirelerine-start-verilib\/\">\u0412 UNEC \u0434\u0430\u0435\u0442\u0441\u044f \u0441\u0442\u0430\u0440\u0442 \u043b\u0435\u043a\u0446\u0438\u044f\u043c \u043f\u043e\u043b\u044c\u0441\u043a\u0438\u0445 \u043f\u0440\u043e\u0444\u0435\u0441\u0441\u043e\u0440\u043e\u0432 <\/a>(15.03.2017)<\/em><\/span><br \/>\n<span style=\"color: #000080;\"> <em><a style=\"color: #000080;\" href=\"https:\/\/unec.edu.az\/ru\/adiu-nun-dosenti-istanbul-universitetinde-muhazire-kecib\/\">\u0414\u043e\u0446\u0435\u043d\u0442 \u0410\u0413\u042d\u0423 \u043f\u0440\u043e\u0447\u0438\u0442\u0430\u043b \u043b\u0435\u043a\u0446\u0438\u044e \u0432 \u0421\u0442\u0430\u043c\u0431\u0443\u043b\u044c\u0441\u043a\u043e\u043c \u0443\u043d\u0438\u0432\u0435\u0440\u0441\u0438\u0442\u0435\u0442\u0435<\/a>\u00a0\u00a0(25.05.2015)<\/em><\/span><\/p>\n<p><a class=\"fancybox-thumb\" href=\"https:\/\/unec.edu.az\/application\/uploads\/2016\/01\/inara_7257.jpg\"><img loading=\"lazy\" decoding=\"async\" class=\"fancybox-margin alignnone wp-image-137329 size-image236x180\" title=\"Beyn\u0259lxalq Elmi Konfrans\u0131n b\u00f6lm\u0259 m\u00fczakir\u0259l\u0259ri d\u00fcnya \u00f6lk\u0259l\u0259rind\u0259n olan aliml\u0259rin b\u00f6y\u00fck mara\u011f\u0131na s\u0259b\u0259b oldu (15.02.2019)\" src=\"https:\/\/unec.edu.az\/application\/uploads\/2016\/01\/inara_7257-236x180.jpg\" alt=\"inara_7257\" width=\"236\" height=\"180\" \/><\/a><a class=\"fancybox-thumb\" href=\"https:\/\/unec.edu.az\/application\/uploads\/2016\/01\/inara0320883368_n.jpg\"><img loading=\"lazy\" decoding=\"async\" class=\"fancybox-margin alignnone wp-image-107623 size-image236x180\" title=\"UNEC yeni layih\u0259l\u0259rini t\u0259qdim edir (06.10.2017)\" src=\"https:\/\/unec.edu.az\/application\/uploads\/2016\/01\/inara0320883368_n-236x180.jpg\" alt=\"inara0320883368_n\" width=\"236\" height=\"180\" \/><\/a><a class=\"fancybox-thumb\" href=\"https:\/\/unec.edu.az\/application\/uploads\/2016\/01\/sevar0308-WA0020.jpg\"><img loading=\"lazy\" decoding=\"async\" class=\"fancybox-margin alignnone wp-image-89196 size-image236x180\" title=\"UNEC m\u00fc\u0259lliml\u0259ri Pol\u015fan\u0131n Poznan \u0130qtisadiyyat v\u0259 Biznes Universitetind\u0259 m\u00fchazir\u0259 oxuyublar (16.03.2017)\" src=\"https:\/\/unec.edu.az\/application\/uploads\/2016\/01\/sevar0308-WA0020-236x180.jpg\" alt=\"sevar0308-WA0020\" width=\"236\" height=\"180\" \/><\/a><a class=\"fancybox-thumb\" href=\"https:\/\/unec.edu.az\/application\/uploads\/2016\/01\/inara_1140.jpg\"><img loading=\"lazy\" decoding=\"async\" class=\"fancybox-margin alignnone wp-image-89189 size-image236x180\" title=\"UNEC-d\u0259 Novruz \u015f\u0259nliyi (17.03.2017)\" src=\"https:\/\/unec.edu.az\/application\/uploads\/2016\/01\/inara_1140-236x180.jpg\" alt=\"inara_1140\" width=\"236\" height=\"180\" \/><\/a><\/p>\n","protected":false},"excerpt":{"rendered":"<p>\u0434.\u0444.\u044d., \u0434\u043e\u0446. \u0420\u0437\u0430\u0435\u0432\u0430 \u0418\u043d\u0430\u0440\u0430 \u0420\u0437\u0430 \u043a\u044b\u0437\u044b \u0422\u0435\u043b\u0435\u0444\u043e\u043d:\u00a0+(994) 12 492-60-91 *\u00a0 \u00a0 \u00a0 \u00a0 \u00a0 \u00a0 \u00a0 \u00a0 \u00a0+(994) 12 492-59-03 (11-54) e-mail: inara_rzayeva@unec.edu.az \u0420\u043e\u0434\u0438\u043b\u0430\u0441\u044c \u0432 \u0433\u043e\u0440\u043e\u0434\u0435 \u0411\u0430\u043a\u0443 \u0410\u0437\u0435\u0440\u0431\u0430\u0439\u0434\u0436\u0430\u043d\u0441\u043a\u043e\u0439 \u0420\u0435\u0441\u043f\u0443\u0431\u043b\u0438\u043a\u0438. \u041e\u0431\u0440\u0430\u0437\u043e\u0432\u0430\u043d\u0438\u0435 \u0410\u0437\u0435\u0440\u0431\u0430\u0439\u0434\u0436\u0430\u043d\u0441\u043a\u0438\u0439 \u0433\u043e\u0441\u0443\u0434\u0430\u0440\u0441\u0442\u0432\u0435\u043d\u043d\u044b\u0439 \u044d\u043a\u043e\u043d\u043e\u043c\u0438\u0447\u0435\u0441\u043a\u0438\u0439 \u0438\u043d\u0441\u0442\u0438\u0442\u0443\u0442, \u0444\u0430\u043a\u0443\u043b\u044c\u0442\u0435\u0442 \u00ab\u042d\u043a\u043e\u043d\u043e\u043c\u0438\u043a\u0430 \u043f\u0440\u043e\u043c\u044b\u0448\u043b\u0435\u043d\u043d\u043e\u0441\u0442\u0438\u00bb\u00a0(1986 \u2013 1991) \u0410\u0437\u0435\u0440\u0431\u0430\u0439\u0434\u0436\u0430\u043d\u0441\u043a\u0438\u0439 \u0433\u043e\u0441\u0443\u0434\u0430\u0440\u0441\u0442\u0432\u0435\u043d\u043d\u044b\u0439 \u044d\u043a\u043e\u043d\u043e\u043c\u0438\u0447\u0435\u0441\u043a\u0438\u0439 \u0438\u043d\u0441\u0442\u0438\u0442\u0443\u0442, \u043a\u0430\u0444\u0435\u0434\u0440\u0430 \u00ab\u041c\u0435\u0436\u0434\u0443\u043d\u0430\u0440\u043e\u0434\u043d\u044b\u0435 \u044d\u043a\u043e\u043d\u043e\u043c\u0438\u0447\u0435\u0441\u043a\u0438\u0435 \u043e\u0442\u043d\u043e\u0448\u0435\u043d\u0438\u044f\u00bb, \u0434\u0438\u0441\u0441\u0435\u0440\u0442\u0430\u043d\u0442\u043a\u0430 (2000 \u2013 2005) \u0417\u0430\u0449\u0438\u0442\u0430 \u0434\u0438\u0441\u0441\u0435\u0440\u0442\u0430\u0446\u0438\u043e\u043d\u043d\u043e\u0439 \u0440\u0430\u0431\u043e\u0442\u044b \u0438 [&hellip;]<\/p>\n","protected":false},"author":6,"featured_media":0,"parent":0,"menu_order":0,"comment_status":"open","ping_status":"open","template":"","meta":{"footnotes":""},"class_list":["post-70488","page","type-page","status-publish","hentry"],"_links":{"self":[{"href":"http:\/\/unec.edu.az\/ru\/wp-json\/wp\/v2\/pages\/70488","targetHints":{"allow":["GET"]}}],"collection":[{"href":"http:\/\/unec.edu.az\/ru\/wp-json\/wp\/v2\/pages"}],"about":[{"href":"http:\/\/unec.edu.az\/ru\/wp-json\/wp\/v2\/types\/page"}],"author":[{"embeddable":true,"href":"http:\/\/unec.edu.az\/ru\/wp-json\/wp\/v2\/users\/6"}],"replies":[{"embeddable":true,"href":"http:\/\/unec.edu.az\/ru\/wp-json\/wp\/v2\/comments?post=70488"}],"version-history":[{"count":12,"href":"http:\/\/unec.edu.az\/ru\/wp-json\/wp\/v2\/pages\/70488\/revisions"}],"predecessor-version":[{"id":442098,"href":"http:\/\/unec.edu.az\/ru\/wp-json\/wp\/v2\/pages\/70488\/revisions\/442098"}],"wp:attachment":[{"href":"http:\/\/unec.edu.az\/ru\/wp-json\/wp\/v2\/media?parent=70488"}],"curies":[{"name":"wp","href":"https:\/\/api.w.org\/{rel}","templated":true}]}}