{"id":7461,"date":"2015-03-31T22:31:07","date_gmt":"2015-03-31T18:31:07","guid":{"rendered":"http:\/\/asue.edu.az\/idman-2\/"},"modified":"2022-01-10T08:15:35","modified_gmt":"2022-01-10T04:15:35","slug":"idman","status":"publish","type":"page","link":"http:\/\/unec.edu.az\/ru\/idman\/","title":{"rendered":"\u0421\u043f\u043e\u0440\u0442"},"content":{"rendered":"<p style=\"text-align: justify;\">\u0411\u043e\u043b\u044c\u0448\u043e\u0435\u00a0 \u0432\u043d\u0438\u043c\u0430\u043d\u0438\u0435 \u0438 \u0437\u0430\u0431\u043e\u0442\u0430, \u043f\u0440\u043e\u044f\u0432\u043b\u0435\u043d\u043d\u044b\u0435 \u0433\u043e\u0441\u0443\u0434\u0430\u0440\u0441\u0442\u0432\u043e\u043c \u0441\u043f\u043e\u0440\u0442\u0443 \u0432 \u0410\u0437\u0435\u0440\u0431\u0430\u0439\u0434\u0436\u0430\u043d\u0435,\u00a0 \u043e\u043a\u0430\u0437\u0430\u043b\u0438 \u0437\u043d\u0430\u0447\u0438\u0442\u0435\u043b\u044c\u043d\u043e\u0435 \u0432\u043b\u0438\u044f\u043d\u0438\u0435 \u0438 \u043d\u0430 \u0441\u043f\u043e\u0440\u0442\u0438\u0432\u043d\u0443\u044e \u0436\u0438\u0437\u043d\u044c \u0410\u0437\u0435\u0440\u0431\u0430\u0439\u0434\u0436\u0430\u043d\u0441\u043a\u043e\u0433\u043e \u0433\u043e\u0441\u0443\u0434\u0430\u0440\u0441\u0442\u0432\u0435\u043d\u043d\u043e\u0433\u043e \u044d\u043a\u043e\u043d\u043e\u043c\u0438\u0447\u0435\u0441\u043a\u043e\u0433\u043e \u0443\u043d\u0438\u0432\u0435\u0440\u0441\u0438\u0442\u0435\u0442\u0430. \u0422\u0430\u043a, \u0431\u044b\u043b \u043e\u0441\u0443\u0449\u0435\u0441\u0442\u0432\u043b\u0435\u043d \u043a\u043e\u043c\u043f\u043b\u0435\u043a\u0441 \u0446\u0435\u043b\u0435\u043d\u0430\u043f\u0440\u0430\u0432\u043b\u0435\u043d\u043d\u044b\u0445 \u043c\u0435\u0440\u00a0 \u0432 \u043d\u0430\u043f\u0440\u0430\u0432\u043b\u0435\u043d\u0438\u0438 \u044d\u0444\u0444\u0435\u043a\u0442\u0438\u0432\u043d\u043e\u0439 \u043e\u0440\u0433\u0430\u043d\u0438\u0437\u0430\u0446\u0438\u0438 \u00a0\u0444\u0438\u0437\u0438\u0447\u0435\u0441\u043a\u043e\u0433\u043e \u0437\u0434\u043e\u0440\u043e\u0432\u044c\u044f, \u043e\u0442\u0434\u044b\u0445\u0430 \u0441\u0442\u0443\u0434\u0435\u043d\u0442\u043e\u0432 \u0438 \u0441\u043e\u0442\u0440\u0443\u0434\u043d\u0438\u043a\u043e\u0432 UNEC, \u0441\u043e\u0437\u0434\u0430\u043d\u0430 \u00a0\u0441\u043e\u043e\u0442\u0432\u0435\u0442\u0441\u0442\u0432\u0443\u044e\u0449\u0430\u044f \u043c\u0430\u0442\u0435\u0440\u0438\u0430\u043b\u044c\u043d\u043e-\u0442\u0435\u0445\u043d\u0438\u0447\u0435\u0441\u043a\u0430\u044f \u0431\u0430\u0437\u0430 \u0438 \u0438\u043d\u0444\u0440\u0430\u0441\u0442\u0440\u0443\u043a\u0442\u0443\u0440\u0430. \u0412 \u0440\u0430\u0441\u043f\u043e\u0440\u044f\u0436\u0435\u043d\u0438\u0435 \u043a\u043e\u043b\u043b\u0435\u043a\u0442\u0438\u0432\u0430 \u043f\u0440\u0435\u0434\u043e\u0441\u0442\u0430\u0432\u043b\u0435\u043d\u044b: \u0432\u043e II \u0443\u0447\u0435\u0431\u043d\u043e\u043c \u0437\u0434\u0430\u043d\u0438\u0438\u00a0 \u0423\u043d\u0438\u0432\u0435\u0440\u0441\u0438\u0442\u0435\u0442\u0430 \u0437\u0430\u043b\u044b, \u043d\u0435\u043e\u0431\u0445\u043e\u0434\u0438\u043c\u044b\u0435 \u0434\u043b\u044f \u0438\u0433\u0440\u044b \u0432 \u0432\u043e\u043b\u0435\u0439\u0431\u043e\u043b \u0438 \u0431\u0430\u0441\u043a\u0435\u0442\u0431\u043e\u043b, \u043a\u043e\u0442\u043e\u0440\u044b\u0435\u00a0 \u0441\u043e\u043e\u0442\u0432\u0435\u0442\u0441\u0442\u0432\u0443\u044e\u0442 \u0441\u0430\u043c\u044b\u043c \u043f\u043e\u0441\u043b\u0435\u0434\u043d\u0438\u043c \u0441\u0442\u0430\u043d\u0434\u0430\u0440\u0442\u0430\u043c \u043f\u0440\u043e\u0432\u0435\u0434\u0435\u043d\u0438\u044f \u0432\u043d\u0443\u0442\u0440\u0435\u043d\u043d\u0438\u0445 \u0438 \u043c\u0435\u0436\u0434\u0443\u043d\u0430\u0440\u043e\u0434\u043d\u044b\u0445 \u0441\u043e\u0440\u0435\u0432\u043d\u043e\u0432\u0430\u043d\u0438\u0439, \u0432 IV \u0443\u0447\u0435\u0431\u043d\u043e\u043c \u0437\u0434\u0430\u043d\u0438\u0438 \u2013 \u0437\u0430\u043b \u0440\u0443\u0447\u043d\u044b\u0445 \u0438\u0433\u0440, \u043e\u0441\u043d\u0430\u0449\u0435\u043d\u043d\u044b\u0439 \u0441\u0430\u043c\u044b\u043c \u0441\u043e\u0432\u0440\u0435\u043c\u0435\u043d\u043d\u044b\u043c \u043e\u0431\u043e\u0440\u0443\u0434\u043e\u0432\u0430\u043d\u0438\u0435\u043c,\u00a0 \u0442\u0440\u0435\u043d\u0430\u0436\u0435\u0440\u043d\u044b\u0439 \u0437\u0430\u043b, \u043e\u0441\u043d\u0430\u0449\u0435\u043d\u043d\u044b\u0439 \u043d\u0435\u043e\u0431\u0445\u043e\u0434\u0438\u043c\u044b\u043c \u043e\u0431\u043e\u0440\u0443\u0434\u043e\u0432\u0430\u043d\u0438\u0435\u043c \u0438 \u0442\u0435\u0445\u043d\u0438\u0447\u0435\u0441\u043a\u0438\u043c\u0438 \u0441\u0440\u0435\u0434\u0441\u0442\u0432\u0430\u043c\u0438 \u0428\u0430\u0445\u043c\u0430\u0442\u043d\u044b\u0439 \u043a\u043b\u0443\u0431. \u00a0\u041a\u0440\u043e\u043c\u0435 \u0442\u043e\u0433\u043e, \u0432 \u0413\u0443\u0431\u0438\u043d\u0441\u043a\u043e\u043c \u0440\u0430\u0439\u043e\u043d\u0435 \u0431\u044b\u043b \u043f\u043e\u0441\u0442\u0440\u043e\u0435\u043d \u0421\u043f\u043e\u0440\u0442\u0438\u0432\u043d\u043e-\u043e\u0437\u0434\u043e\u0440\u043e\u0432\u0438\u0442\u0435\u043b\u044c\u043d\u044b\u0439 \u043a\u043e\u043c\u043f\u043b\u0435\u043a\u0441 \u043d\u0430 1500 \u0437\u0440\u0438\u0442\u0435\u043b\u044c\u0441\u043a\u0438\u0445 \u043c\u0435\u0441\u0442, \u043a\u043e\u0442\u043e\u0440\u044b\u0439 \u043e\u0431\u0435\u0441\u043f\u0435\u0447\u0435\u043d \u0441\u0430\u043c\u044b\u043c \u0441\u043e\u0432\u0440\u0435\u043c\u0435\u043d\u043d\u044b\u043c \u043e\u0431\u043e\u0440\u0443\u0434\u043e\u0432\u0430\u043d\u0438\u0435\u043c, \u0431\u0430\u0441\u0441\u0435\u0439\u043d\u043e\u043c \u0438 \u0441\u043f\u043e\u0440\u0442\u0438\u0432\u043d\u044b\u043c\u0438 \u0437\u0430\u043b\u0430\u043c\u0438.<\/p>\n<p style=\"text-align: justify;\"><a class=\"fancybox-thumb\" href=\"https:\/\/unec.edu.az\/application\/uploads\/2015\/03\/voleybol414e4d4afb96e3af3e.jpg\" rel=\"fancybox-thumb\"><img decoding=\"async\" class=\"fancybox-margin alignnone wp-image-138851 size-thumbnail\" title=\"UNEC komandas\u0131 Az\u0259rbaycan Super Liqas\u0131na v\u0259siq\u0259 qazan\u0131b (15.04.2019)\" src=\"https:\/\/unec.edu.az\/application\/uploads\/2015\/03\/voleybol414e4d4afb96e3af3e-150x150.jpg\" alt=\"voleybol414e4d4afb96e3af3e\" width=\"150\" height=\"150\" \/><\/a><a class=\"fanybox-thumb\" href=\"https:\/\/unec.edu.az\/application\/uploads\/2015\/03\/badminton7e7e1ec8bbcb8eaa463.jpg\" rel=\"fanybox-thumb\"><img decoding=\"async\" class=\"fanybox-margin alignnone wp-image-138853 size-thumbnail\" title=\"UNEC-in t\u0259l\u0259b\u0259si badminton \u00fczr\u0259 Bak\u0131 birinciliyind\u0259 yar\u0131\u015f\u0131b (21.06.2018)\" src=\"https:\/\/unec.edu.az\/application\/uploads\/2015\/03\/badminton7e7e1ec8bbcb8eaa463-150x150.jpg\" alt=\"badminton7e7e1ec8bbcb8eaa463\" width=\"150\" height=\"150\" \/><\/a><a class=\"fancybox-thumb\" href=\"https:\/\/unec.edu.az\/application\/uploads\/2017\/11\/WhatsApp-Image-2017-11-21-at-10.25.04.jpg\" rel=\"fancybox-thumb\"><img decoding=\"async\" class=\"fancybox-margin alignnone wp-image-111784 size-thumbnail\" title=\"UNEC komandas\u0131 badminton yar\u0131\u015flar\u0131n\u0131n qalibi olub (24.11.2017)\" src=\"https:\/\/unec.edu.az\/application\/uploads\/2017\/11\/WhatsApp-Image-2017-11-21-at-10.25.04-150x150.jpg\" alt=\"WhatsApp Image 2017-11-21 at 10.25.04\" width=\"150\" height=\"150\" \/><\/a><a class=\"fancybox-thumb\" href=\"https:\/\/unec.edu.az\/application\/uploads\/2015\/03\/idman_0003.jpg\" rel=\"fancybox-thumb\"><img loading=\"lazy\" decoding=\"async\" class=\"fancybox-margin alignnone wp-image-92616 size-thumbnail\" src=\"https:\/\/unec.edu.az\/application\/uploads\/2015\/03\/idman_0003-150x150.jpg\" alt=\"idman_0003\" width=\"150\" height=\"150\" \/><\/a><a class=\"fancybox-thumb\" href=\"https:\/\/unec.edu.az\/application\/uploads\/2016\/04\/13101407_1156839177700268_1332499721_n.jpg\" rel=\"fancybox-thumb\"><img loading=\"lazy\" decoding=\"async\" class=\"fancybox-margin alignnone wp-image-50113 size-thumbnail\" src=\"https:\/\/unec.edu.az\/application\/uploads\/2016\/04\/13101407_1156839177700268_1332499721_n-150x150.jpg\" alt=\"13101407_1156839177700268_1332499721_n\" width=\"150\" height=\"150\" \/><\/a><a class=\"fancybox-thumb\" href=\"https:\/\/unec.edu.az\/application\/uploads\/2015\/12\/12265608_325764634214025_7313675818872071854_o.jpg\" rel=\"fancybox-thumb\"><img loading=\"lazy\" decoding=\"async\" class=\"fancybox-margin alignnone wp-image-30980 size-thumbnail\" src=\"https:\/\/unec.edu.az\/application\/uploads\/2015\/12\/12265608_325764634214025_7313675818872071854_o-150x150.jpg\" alt=\"12265608_325764634214025_7313675818872071854_o\" width=\"150\" height=\"150\" \/><\/a><\/p>\n<p>&nbsp;<\/p>\n<p><span style=\"color: #000000;\"><em><a style=\"color: #000000;\" href=\"https:\/\/unec.edu.az\/ru\/fakultelerarasi-voleybol-yarisinin-qalibi-melum-olub\/\">\u041e\u043f\u0440\u0435\u0434\u0435\u043b\u0438\u043b\u0438\u0441\u044c \u043f\u043e\u0431\u0435\u0434\u0438\u0442\u0435\u043b\u0438 \u0432\u043e\u043b\u0435\u0439\u0431\u043e\u043b\u044c\u043d\u043e\u0433\u043e \u0441\u043e\u0440\u0435\u0432\u043d\u043e\u0432\u0430\u043d\u0438\u044f \u043c\u0435\u0436\u0434\u0443 \u0444\u0430\u043a\u0443\u043b\u044c\u0442\u0435\u0442\u0430\u043c\u0438<\/a>\u00a0(12.04.2017)<\/em><\/span><br \/>\n<span style=\"color: #000000;\"><em><a style=\"color: #000000;\" href=\"https:\/\/unec.edu.az\/ru\/maliyye-ve-muhasibat-fakultesinin-telebeleri-dama-yarisinin-qalibi-olub\/\">\u0421\u0442\u0443\u0434\u0435\u043d\u0442\u044b \u0444\u0430\u043a\u0443\u043b\u044c\u0442\u0435\u0442\u0430 \u0424\u0438\u043d\u0430\u043d\u0441\u043e\u0432 \u0438 \u0431\u0443\u0445\u0433\u0430\u043b\u0442\u0435\u0440\u0438\u0438 \u0441\u0442\u0430\u043b\u0438 \u043f\u043e\u0431\u0435\u0434\u0438\u0442\u0435\u043b\u044f\u043c\u0438 \u0441\u043e\u0440\u0435\u0432\u043d\u043e\u0432\u0430\u043d\u0438\u044f \u043f\u043e \u0448\u0430\u0448\u043a\u0430\u043c <\/a>(10.04.2017)<\/em><\/span><br \/>\n<span style=\"color: #000000;\"><em><a style=\"color: #000000;\" href=\"https:\/\/unec.edu.az\/ru\/unec-voleybolculari-finalda\/\">\u0412\u043e\u043b\u0435\u0439\u0431\u043e\u043b\u0438\u0441\u0442\u044b UNEC \u0432 \u0444\u0438\u043d\u0430\u043b\u0435<\/a>\u00a0(06.04.2017)<\/em><\/span><br \/>\n<span style=\"color: #000000;\"><em><a style=\"color: #000000;\" href=\"https:\/\/unec.edu.az\/ru\/unec-in-badmintonculari-quvvelerini-sinayiblar\/\">\u0411\u0430\u0434\u043c\u0438\u043d\u0442\u043e\u043d\u0438\u0441\u0442\u044b UNEC \u0438\u0441\u043f\u044b\u0442\u0430\u043b\u0438 \u0441\u0432\u043e\u0438 \u0441\u0438\u043b\u044b<\/a>\u00a0(26.12.2016)<\/em><\/span><br \/>\n<span style=\"color: #000000;\"><em><a style=\"color: #000000;\" href=\"https:\/\/unec.edu.az\/ru\/saglam-muellim-saglam-telebe-layihesi-cercivesinde-ilk-yaris-3-2\/\">\u0412 \u0440\u0430\u043c\u043a\u0430\u0445 \u043f\u0440\u043e\u0435\u043a\u0442\u0430 \u00ab\u0417\u0434\u043e\u0440\u043e\u0432\u044b\u0439 \u043f\u0440\u0435\u043f\u043e\u0434\u0430\u0432\u0430\u0442\u0435\u043b\u044c \u2013 \u0437\u0434\u043e\u0440\u043e\u0432\u044b\u0439 \u0441\u0442\u0443\u0434\u0435\u043d\u0442\u00bb \u043f\u0435\u0440\u0432\u043e\u0435 \u0441\u043e\u0440\u0435\u0432\u043d\u043e\u0432\u0430\u043d\u0438\u0435: 3-2<\/a><a style=\"color: #000000;\" href=\"https:\/\/unec.edu.az\/ru\/saglam-muellim-saglam-telebe-layihesi-cercivesinde-ilk-yaris-3-2\/\">\u00a0<\/a>(21.12.2016)<br \/>\n<a style=\"color: #000000;\" href=\"https:\/\/unec.edu.az\/ru\/tudifak-la-unec-stuff-in-mubarizesi-davam-edir\/\">\u041f\u0440\u043e\u0434\u043e\u043b\u0436\u0430\u0435\u0442\u0441\u044f \u0431\u043e\u0440\u044c\u0431\u0430 \u201cTUD\u0130FAK\u201d \u2013 \u201cUNEC Stuff\u201d<\/a>\u00a0(14.11.2016)<br \/>\n<a style=\"color: #000000;\" href=\"https:\/\/unec.edu.az\/ru\/unec-in-muellim-ve-inzibati-heyeti-futbol-meydancasinda\/\">\u041f\u0440\u0435\u043f\u043e\u0434\u0430\u0432\u0430\u0442\u0435\u043b\u0438 \u0438 \u0430\u0434\u043c\u0438\u043d\u0438\u0441\u0442\u0440\u0430\u0442\u0438\u0432\u043d\u044b\u0439 \u0441\u043e\u0441\u0442\u0430\u0432 UNEC \u043d\u0430 \u0444\u0443\u0442\u0431\u043e\u043b\u044c\u043d\u043e\u0439 \u043f\u043b\u043e\u0449\u0430\u0434\u043a\u0435 <\/a>(31.10.2016)<\/em><\/span><br \/>\n<span style=\"color: #000000;\"><em><a style=\"color: #000000;\" href=\"https:\/\/unec.edu.az\/ru\/azerbaycan-cempionu-olan-unec-telebesinin-novbeti-uguru\/\">\u041e\u0447\u0435\u0440\u0435\u0434\u043d\u043e\u0439 \u0443\u0441\u043f\u0435\u0445 \u0441\u0442\u0443\u0434\u0435\u043d\u0442\u0430 UNEC <\/a>(12.10.2016)<\/em><\/span><br \/>\n<span style=\"color: #000000;\"><em><a style=\"color: #000000;\" href=\"https:\/\/unec.edu.az\/ru\/unec-telebelerine-diplomlar-teqdim-edilib\/\">\u0412\u0440\u0443\u0447\u0435\u043d\u044b \u0434\u0438\u043f\u043b\u043e\u043c\u044b \u0441\u0442\u0443\u0434\u0435\u043d\u0442\u0430\u043c UNEC\u00a0<\/a>\u00a0(01.07.2016)<br \/>\n<a style=\"color: #000000;\" href=\"https:\/\/unec.edu.az\/ru\/unec-muellimleri-teltifolunma-merasiminde-istirak-edib\/\">\u041f\u0440\u0435\u043f\u043e\u0434\u0430\u0432\u0430\u0442\u0435\u043b\u0438 UNEC \u043f\u0440\u0438\u043d\u044f\u043b\u0438 \u0443\u0447\u0430\u0441\u0442\u0438\u0435 \u0432 \u0446\u0435\u0440\u0435\u043c\u043e\u043d\u0438\u0438 \u043d\u0430\u0433\u0440\u0430\u0436\u0434\u0435\u043d\u0438\u044f<\/a>\u00a0(01.07.2016)<br \/>\n<a style=\"color: #000000;\" href=\"https:\/\/unec.edu.az\/ru\/unec-in-voleybol-komandasi-birinci-yeri-qazanib\/\">\u0412\u043e\u043b\u0435\u0439\u0431\u043e\u043b\u044c\u043d\u0430\u044f \u043a\u043e\u043c\u0430\u043d\u0434\u0430 UNEC \u0437\u0430\u0432\u043e\u0435\u0432\u0430\u043b\u0430 \u043f\u0435\u0440\u0432\u043e\u0435 \u043c\u0435\u0441\u0442\u043e\u00a0<\/a>\u00a0(20.05.2016)<br \/>\n<a style=\"color: #000000;\" href=\"https:\/\/unec.edu.az\/ru\/unec-muellimleri-finalda\/\">\u041f\u0440\u0435\u043f\u043e\u0434\u0430\u0432\u0430\u0442\u0435\u043b\u0438 UNEC \u0432\u044b\u0448\u043b\u0438 \u0432 \u0444\u0438\u043d\u0430\u043b <\/a>(19.05.2016)<\/em><\/span><br \/>\n<span style=\"color: #000000;\"><em><a style=\"color: #000000;\" href=\"https:\/\/unec.edu.az\/ru\/unec-in-voleybol-komandasi-birinci-yeri-qazanib\/\">\u0412\u043e\u043b\u0435\u0439\u0431\u043e\u043b\u044c\u043d\u0430\u044f \u043a\u043e\u043c\u0430\u043d\u0434\u0430 UNEC \u0437\u0430\u0432\u043e\u0435\u0432\u0430\u043b\u0430 \u043f\u0435\u0440\u0432\u043e\u0435 \u043c\u0435\u0441\u0442\u043e <\/a>(20.05.2016)<\/em><\/span><br \/>\n<span style=\"color: #000000;\"><em><a style=\"color: #000000;\" href=\"https:\/\/unec.edu.az\/ru\/sahmat-turnirinin-qalibleri\/\">\u041f\u043e\u0431\u0435\u0434\u0438\u0442\u0435\u043b\u0438 \u0448\u0430\u0445\u043c\u0430\u0442\u043d\u043e\u0433\u043e \u0442\u0443\u0440\u043d\u0438\u0440\u0430<\/a>\u00a0(13.05.2016)<\/em><\/span><br \/>\n<span style=\"color: #000000;\"><em><a style=\"color: #000000;\" href=\"https:\/\/unec.edu.az\/ru\/unec-in-iqtisadci-voleybolculari-finalda\/\">\u0412\u043e\u043b\u0435\u0439\u0431\u043e\u043b\u0438\u0441\u0442\u044b \u043a\u043e\u043c\u0430\u043d\u0434\u044b \u201c\u0130qtisad\u00e7\u0131\u201d UNEC \u0432 \u0444\u0438\u043d\u0430\u043b\u0435 <\/a>(02.05.2015)<\/em><\/span><br \/>\n<span style=\"color: #000000;\"><em><a style=\"color: #000000;\" href=\"https:\/\/unec.edu.az\/ru\/unec-in-iqtisadci-komandasi-qalib-olub\/\">\u041a\u043e\u043c\u0430\u043d\u0434\u0430 \u201c\u0130qtisad\u00e7\u0131\u201d UNEC \u0441\u0442\u0430\u043b\u0430 \u043f\u043e\u0431\u0435\u0434\u0438\u0442\u0435\u043b\u0435\u043c <\/a>(27.04.2016)<\/em><\/span><\/p>\n<p>&nbsp;<\/p>\n<p><a class=\"fancybox-thumb\" href=\"https:\/\/unec.edu.az\/application\/uploads\/2017\/12\/WhatsApp-Image-2017-12-11-at-14.27.11.jpg\" rel=\"fancybox-thumb\"><img loading=\"lazy\" decoding=\"async\" class=\"fancybox-margin alignnone wp-image-112981 size-thumbnail\" title=\"UNEC-d\u0259 fak\u00fclt\u0259l\u0259raras\u0131 idman yar\u0131\u015flar\u0131na start verilib (11.12.2017)\" src=\"https:\/\/unec.edu.az\/application\/uploads\/2017\/12\/WhatsApp-Image-2017-12-11-at-14.27.11-150x150.jpg\" alt=\"WhatsApp Image 2017-12-11 at 14.27.11\" width=\"150\" height=\"150\" \/><\/a><a class=\"fancybox-thumb\" href=\"https:\/\/unec.edu.az\/application\/uploads\/2016\/12\/1-DSC_5083.jpg\" rel=\"fancybox-thumb\"><img loading=\"lazy\" decoding=\"async\" class=\"fancybox-margin alignnone wp-image-78269 size-thumbnail\" title=\"UNEC-in badminton\u00e7ular\u0131 q\u00fcvv\u0259l\u0259rini s\u0131nay\u0131blar (26.12.2016)\" src=\"https:\/\/unec.edu.az\/application\/uploads\/2016\/12\/1-DSC_5083-150x150.jpg\" alt=\"1-DSC_5083\" width=\"150\" height=\"150\" \/><\/a><a class=\"fancybox-thumb\" href=\"https:\/\/unec.edu.az\/application\/uploads\/2017\/05\/DSC_7227.jpg\" rel=\"fancybox-thumb\"><img loading=\"lazy\" decoding=\"async\" class=\"fancybox-margin alignnone wp-image-95665 size-thumbnail\" title=\"IV \u0130slam H\u0259mr\u0259yliyi Oyunlar\u0131n\u0131n qalibi, UNEC t\u0259l\u0259b\u0259si: Yar\u0131\u015flarla imtahanlarla b\u0259rab\u0259r haz\u0131rla\u015f\u0131rd\u0131m (17.05.2017)\" src=\"https:\/\/unec.edu.az\/application\/uploads\/2017\/05\/DSC_7227-150x150.jpg\" alt=\"DSC_7227\" width=\"150\" height=\"150\" \/><\/a><a class=\"fancybox-thumb\" href=\"https:\/\/unec.edu.az\/application\/uploads\/2015\/04\/photo-4.jpg\" rel=\"fancybox-thumb\"><img loading=\"lazy\" decoding=\"async\" class=\"fancybox-margin alignnone wp-image-6745 size-thumbnail\" src=\"https:\/\/unec.edu.az\/application\/uploads\/2015\/04\/photo-4-150x150.jpg\" alt=\"photo 4\" width=\"150\" height=\"150\" \/><\/a><a class=\"fancybox-thumb\" href=\"https:\/\/unec.edu.az\/application\/uploads\/2015\/12\/Screenshot-7.png\" rel=\"fancybox-thumb\"><img loading=\"lazy\" decoding=\"async\" class=\"fancybox-margin alignnone wp-image-29943 size-thumbnail\" src=\"https:\/\/unec.edu.az\/application\/uploads\/2015\/12\/Screenshot-7-150x150.png\" alt=\"Screenshot (7)\" width=\"150\" height=\"150\" \/><\/a><a class=\"fancybox-thumb\" href=\"https:\/\/unec.edu.az\/application\/uploads\/2016\/05\/2016-05-19_144712.jpg\" rel=\"fancybox-thumb\"><img loading=\"lazy\" decoding=\"async\" class=\"fancybox-margin alignnone wp-image-53597 size-thumbnail\" src=\"https:\/\/unec.edu.az\/application\/uploads\/2016\/05\/2016-05-19_144712-150x150.jpg\" alt=\"2016-05-19_144712\" width=\"150\" height=\"150\" \/><\/a><\/p>\n<p>&nbsp;<\/p>\n","protected":false},"excerpt":{"rendered":"<p>\u0411\u043e\u043b\u044c\u0448\u043e\u0435\u00a0 \u0432\u043d\u0438\u043c\u0430\u043d\u0438\u0435 \u0438 \u0437\u0430\u0431\u043e\u0442\u0430, \u043f\u0440\u043e\u044f\u0432\u043b\u0435\u043d\u043d\u044b\u0435 \u0433\u043e\u0441\u0443\u0434\u0430\u0440\u0441\u0442\u0432\u043e\u043c \u0441\u043f\u043e\u0440\u0442\u0443 \u0432 \u0410\u0437\u0435\u0440\u0431\u0430\u0439\u0434\u0436\u0430\u043d\u0435,\u00a0 \u043e\u043a\u0430\u0437\u0430\u043b\u0438 \u0437\u043d\u0430\u0447\u0438\u0442\u0435\u043b\u044c\u043d\u043e\u0435 \u0432\u043b\u0438\u044f\u043d\u0438\u0435 \u0438 \u043d\u0430 \u0441\u043f\u043e\u0440\u0442\u0438\u0432\u043d\u0443\u044e \u0436\u0438\u0437\u043d\u044c \u0410\u0437\u0435\u0440\u0431\u0430\u0439\u0434\u0436\u0430\u043d\u0441\u043a\u043e\u0433\u043e \u0433\u043e\u0441\u0443\u0434\u0430\u0440\u0441\u0442\u0432\u0435\u043d\u043d\u043e\u0433\u043e \u044d\u043a\u043e\u043d\u043e\u043c\u0438\u0447\u0435\u0441\u043a\u043e\u0433\u043e \u0443\u043d\u0438\u0432\u0435\u0440\u0441\u0438\u0442\u0435\u0442\u0430. \u0422\u0430\u043a, \u0431\u044b\u043b \u043e\u0441\u0443\u0449\u0435\u0441\u0442\u0432\u043b\u0435\u043d \u043a\u043e\u043c\u043f\u043b\u0435\u043a\u0441 \u0446\u0435\u043b\u0435\u043d\u0430\u043f\u0440\u0430\u0432\u043b\u0435\u043d\u043d\u044b\u0445 \u043c\u0435\u0440\u00a0 \u0432 \u043d\u0430\u043f\u0440\u0430\u0432\u043b\u0435\u043d\u0438\u0438 \u044d\u0444\u0444\u0435\u043a\u0442\u0438\u0432\u043d\u043e\u0439 \u043e\u0440\u0433\u0430\u043d\u0438\u0437\u0430\u0446\u0438\u0438 \u00a0\u0444\u0438\u0437\u0438\u0447\u0435\u0441\u043a\u043e\u0433\u043e \u0437\u0434\u043e\u0440\u043e\u0432\u044c\u044f, \u043e\u0442\u0434\u044b\u0445\u0430 \u0441\u0442\u0443\u0434\u0435\u043d\u0442\u043e\u0432 \u0438 \u0441\u043e\u0442\u0440\u0443\u0434\u043d\u0438\u043a\u043e\u0432 UNEC, \u0441\u043e\u0437\u0434\u0430\u043d\u0430 \u00a0\u0441\u043e\u043e\u0442\u0432\u0435\u0442\u0441\u0442\u0432\u0443\u044e\u0449\u0430\u044f \u043c\u0430\u0442\u0435\u0440\u0438\u0430\u043b\u044c\u043d\u043e-\u0442\u0435\u0445\u043d\u0438\u0447\u0435\u0441\u043a\u0430\u044f \u0431\u0430\u0437\u0430 \u0438 \u0438\u043d\u0444\u0440\u0430\u0441\u0442\u0440\u0443\u043a\u0442\u0443\u0440\u0430. \u0412 \u0440\u0430\u0441\u043f\u043e\u0440\u044f\u0436\u0435\u043d\u0438\u0435 \u043a\u043e\u043b\u043b\u0435\u043a\u0442\u0438\u0432\u0430 \u043f\u0440\u0435\u0434\u043e\u0441\u0442\u0430\u0432\u043b\u0435\u043d\u044b: \u0432\u043e II \u0443\u0447\u0435\u0431\u043d\u043e\u043c \u0437\u0434\u0430\u043d\u0438\u0438\u00a0 \u0423\u043d\u0438\u0432\u0435\u0440\u0441\u0438\u0442\u0435\u0442\u0430 \u0437\u0430\u043b\u044b, \u043d\u0435\u043e\u0431\u0445\u043e\u0434\u0438\u043c\u044b\u0435 \u0434\u043b\u044f [&hellip;]<\/p>\n","protected":false},"author":10,"featured_media":0,"parent":0,"menu_order":0,"comment_status":"open","ping_status":"open","template":"page-templates\/3columncontent.php","meta":{"footnotes":""},"class_list":["post-7461","page","type-page","status-publish","hentry"],"_links":{"self":[{"href":"http:\/\/unec.edu.az\/ru\/wp-json\/wp\/v2\/pages\/7461","targetHints":{"allow":["GET"]}}],"collection":[{"href":"http:\/\/unec.edu.az\/ru\/wp-json\/wp\/v2\/pages"}],"about":[{"href":"http:\/\/unec.edu.az\/ru\/wp-json\/wp\/v2\/types\/page"}],"author":[{"embeddable":true,"href":"http:\/\/unec.edu.az\/ru\/wp-json\/wp\/v2\/users\/10"}],"replies":[{"embeddable":true,"href":"http:\/\/unec.edu.az\/ru\/wp-json\/wp\/v2\/comments?post=7461"}],"version-history":[{"count":54,"href":"http:\/\/unec.edu.az\/ru\/wp-json\/wp\/v2\/pages\/7461\/revisions"}],"predecessor-version":[{"id":170025,"href":"http:\/\/unec.edu.az\/ru\/wp-json\/wp\/v2\/pages\/7461\/revisions\/170025"}],"wp:attachment":[{"href":"http:\/\/unec.edu.az\/ru\/wp-json\/wp\/v2\/media?parent=7461"}],"curies":[{"name":"wp","href":"https:\/\/api.w.org\/{rel}","templated":true}]}}