{"id":7518,"date":"2015-02-17T17:35:32","date_gmt":"2015-02-17T13:35:32","guid":{"rendered":"http:\/\/asue.edu.az\/karyera-merkezi-2\/"},"modified":"2026-03-16T15:23:49","modified_gmt":"2026-03-16T11:23:49","slug":"karyera-merkezi","status":"publish","type":"page","link":"http:\/\/unec.edu.az\/ru\/karyera-merkezi\/","title":{"rendered":"\u0426\u0435\u043d\u0442\u0440 \u041a\u0430\u0440\u044c\u0435\u0440\u044b"},"content":{"rendered":"<table style=\"height: 202px; width: 100.477%;\" width=\"371\">\n<tbody>\n<tr>\n<td style=\"width: 100%;\">\n<h4><span style=\"color: #800000;\"><a style=\"color: #800000;\" href=\"https:\/\/unec.edu.az\/ru\/sevinc-mecid-namiq-qizi\/\">\u0414\u0438\u0440\u0435\u043a\u0442\u043e\u0440 \u0426\u0435\u043d\u0442\u0440\u0430 \u041a\u0430\u0440\u044c\u0435\u0440\u044b: \u0421\u0435\u0432\u0438\u043d\u0434\u0436 \u041c\u0435\u0434\u0436\u0438\u0434 \u041d\u0430\u043c\u0438\u043a \u0433\u044b\u0437\u044b<\/a><\/span><\/h4>\n<h4><span style=\"color: #333399;\"><em>sevinj_macid@unec.edu.az<\/em><\/span><\/h4>\n<h4 style=\"text-align: justify;\"><span style=\"color: #000000;\"><em>\u0422\u0435\u043b\u0435\u0444\u043e\u043d:\u00a0 +(994) 12 497-59-03 ; \u0432\u043d\u0443\u0442\u0440.: 1174;\u00a0 1132<\/em><br \/>\n<\/span><\/h4>\n<\/td>\n<\/tr>\n<\/tbody>\n<\/table>\n<h4 id=\"tw-target-text\" class=\"tw-data-text tw-text-large tw-ta\" dir=\"ltr\" data-placeholder=\"\u041f\u0435\u0440\u0435\u0432\u043e\u0434\"><span style=\"color: #000080;\"><a style=\"color: #000080;\" href=\"https:\/\/unec.edu.az\/ru\/karyera-merkezinin-tedbirleri-2015-2018\/\"><em><span class=\"Y2IQFc\" lang=\"ru\">\u041c\u0435\u0440\u043e\u043f\u0440\u0438\u044f\u0442\u0438\u044f \u0426\u0435\u043d\u0442\u0440\u0430 \u043a\u0430\u0440\u044c\u0435\u0440\u044b <\/span>\u00a0(2015 \u2013 2018)<\/em><\/a><\/span><\/h4>\n<p><a class=\"fancybox-thumb\" href=\"https:\/\/unec.edu.az\/application\/uploads\/2015\/02\/karyera.png\"><img decoding=\"async\" class=\"fancybox-margin alignnone wp-image-179035 size-thumbnail\" src=\"https:\/\/unec.edu.az\/application\/uploads\/2015\/02\/karyera-150x150.png\" alt=\"karyera\" width=\"150\" height=\"150\" \/><\/a><a class=\"fancybox-thumb\" href=\"https:\/\/unec.edu.az\/application\/uploads\/2015\/02\/karrre7ca0986df16.jpg\"><img decoding=\"async\" class=\"fancybox-margin alignnone wp-image-178940 size-thumbnail\" title=\"UNEC-d\u0259 Pa\u015fa Kapital \u0130nvestisiya \u015firk\u0259tinin t\u0259qdimat\u0131 ke\u00e7irilib (25.05.2022)\" src=\"https:\/\/unec.edu.az\/application\/uploads\/2015\/02\/karrre7ca0986df16-150x150.jpg\" alt=\"karrre7ca0986df16\" width=\"150\" height=\"150\" \/><\/a><a class=\"fancybox-thumb\" href=\"https:\/\/unec.edu.az\/application\/uploads\/2015\/02\/kar7b949ac8c0d5d.jpg\"><img decoding=\"async\" class=\"fancybox-margin alignnone wp-image-178939 size-thumbnail\" title=\"UNEC-d\u0259 Pa\u015fa Kapital \u0130nvestisiya \u015firk\u0259tinin t\u0259qdimat\u0131 ke\u00e7irilib (25.05.2022)\" src=\"https:\/\/unec.edu.az\/application\/uploads\/2015\/02\/kar7b949ac8c0d5d-150x150.jpg\" alt=\"kar7b949ac8c0d5d\" width=\"150\" height=\"150\" \/><\/a><a class=\"fancybox-thumb\" href=\"https:\/\/unec.edu.az\/application\/uploads\/2015\/02\/kar97315118c55ede952c.png\"><img loading=\"lazy\" decoding=\"async\" class=\"fancybox-margin alignnone wp-image-178941 size-thumbnail\" title=\"UNEC-d\u0259n n\u00f6vb\u0259ti yenilik: Virtual Karyera Yarmarkas\u0131 (28.06.2022)\" src=\"https:\/\/unec.edu.az\/application\/uploads\/2015\/02\/kar97315118c55ede952c-150x150.png\" alt=\"kar97315118c55ede952c\" width=\"150\" height=\"150\" \/><\/a><a class=\"fancybox-thumb\" href=\"https:\/\/unec.edu.az\/application\/uploads\/2015\/02\/kar63e9ef94.png\"><img loading=\"lazy\" decoding=\"async\" class=\"fancybox-margin alignnone wp-image-178942 size-thumbnail\" title=\"UNEC-d\u0259n n\u00f6vb\u0259ti yenilik: Virtual Karyera Yarmarkas\u0131 (28.06.2022)\" src=\"https:\/\/unec.edu.az\/application\/uploads\/2015\/02\/kar63e9ef94-150x150.png\" alt=\"kar63e9ef94\" width=\"150\" height=\"150\" \/><\/a><a class=\"fancybox-thumb\" href=\"https:\/\/unec.edu.az\/application\/uploads\/2015\/02\/kar88160d65ad7914f2.jpg\"><img loading=\"lazy\" decoding=\"async\" class=\"fancybox-margin alignnone wp-image-178944 size-thumbnail\" title=\"UNEC-d\u0259 \u201cBir ideyam var\u201d layih\u0259sinin t\u0259qdimat\u0131 ke\u00e7irilib (31.03.2022)\" src=\"https:\/\/unec.edu.az\/application\/uploads\/2015\/02\/kar88160d65ad7914f2-150x150.jpg\" alt=\"kar88160d65ad7914f2\" width=\"150\" height=\"150\" \/><\/a><\/p>\n","protected":false},"excerpt":{"rendered":"<p>\u0414\u0438\u0440\u0435\u043a\u0442\u043e\u0440 \u0426\u0435\u043d\u0442\u0440\u0430 \u041a\u0430\u0440\u044c\u0435\u0440\u044b: \u0421\u0435\u0432\u0438\u043d\u0434\u0436 \u041c\u0435\u0434\u0436\u0438\u0434 \u041d\u0430\u043c\u0438\u043a \u0433\u044b\u0437\u044b sevinj_macid@unec.edu.az \u0422\u0435\u043b\u0435\u0444\u043e\u043d:\u00a0 +(994) 12 497-59-03 ; \u0432\u043d\u0443\u0442\u0440.: 1174;\u00a0 1132 \u041c\u0435\u0440\u043e\u043f\u0440\u0438\u044f\u0442\u0438\u044f \u0426\u0435\u043d\u0442\u0440\u0430 \u043a\u0430\u0440\u044c\u0435\u0440\u044b \u00a0(2015 \u2013 2018)<\/p>\n","protected":false},"author":10,"featured_media":0,"parent":0,"menu_order":7,"comment_status":"open","ping_status":"open","template":"page-templates\/3columncontent.php","meta":{"footnotes":""},"class_list":["post-7518","page","type-page","status-publish","hentry"],"_links":{"self":[{"href":"http:\/\/unec.edu.az\/ru\/wp-json\/wp\/v2\/pages\/7518","targetHints":{"allow":["GET"]}}],"collection":[{"href":"http:\/\/unec.edu.az\/ru\/wp-json\/wp\/v2\/pages"}],"about":[{"href":"http:\/\/unec.edu.az\/ru\/wp-json\/wp\/v2\/types\/page"}],"author":[{"embeddable":true,"href":"http:\/\/unec.edu.az\/ru\/wp-json\/wp\/v2\/users\/10"}],"replies":[{"embeddable":true,"href":"http:\/\/unec.edu.az\/ru\/wp-json\/wp\/v2\/comments?post=7518"}],"version-history":[{"count":79,"href":"http:\/\/unec.edu.az\/ru\/wp-json\/wp\/v2\/pages\/7518\/revisions"}],"predecessor-version":[{"id":482984,"href":"http:\/\/unec.edu.az\/ru\/wp-json\/wp\/v2\/pages\/7518\/revisions\/482984"}],"wp:attachment":[{"href":"http:\/\/unec.edu.az\/ru\/wp-json\/wp\/v2\/media?parent=7518"}],"curies":[{"name":"wp","href":"https:\/\/api.w.org\/{rel}","templated":true}]}}