{"id":7653,"date":"2015-02-06T09:32:43","date_gmt":"2015-02-06T05:32:43","guid":{"rendered":"http:\/\/asue.edu.az\/elm-ve-innovasiyalar-merkezi-2\/"},"modified":"2018-09-10T12:38:03","modified_gmt":"2018-09-10T08:38:03","slug":"elm-ve-innovasiyalar-merkezi","status":"publish","type":"page","link":"http:\/\/unec.edu.az\/ru\/elm-ve-innovasiyalar-merkezi\/","title":{"rendered":"\u0426\u0435\u043d\u0442\u0440 \u043d\u0430\u0443\u043a\u0438 \u0438 \u0438\u043d\u043d\u043e\u0432\u0430\u0446\u0438\u0439"},"content":{"rendered":"<p><a class=\"fancybox-thumb\" href=\"https:\/\/unec.edu.az\/application\/uploads\/2016\/10\/DSC_8856.jpg\" rel=\"fancybox-thumb\"><img decoding=\"async\" class=\"fancybox-margin alignnone wp-image-68381 \" src=\"https:\/\/unec.edu.az\/application\/uploads\/2016\/10\/DSC_8856-236x180.jpg\" alt=\"DSC_8856\" width=\"139\" height=\"106\" \/><\/a><a class=\"fancybox-thumb\" href=\"https:\/\/unec.edu.az\/application\/uploads\/2016\/10\/DSC_8864.jpg\" rel=\"fancybox-thumb\"><img decoding=\"async\" class=\"fancybox-margin alignnone wp-image-68386 \" src=\"https:\/\/unec.edu.az\/application\/uploads\/2016\/10\/DSC_8864-236x180.jpg\" alt=\"DSC_8864\" width=\"139\" height=\"106\" \/><\/a><a class=\"fancybox-thumb\" href=\"https:\/\/unec.edu.az\/application\/uploads\/2016\/10\/DSC_8870.jpg\" rel=\"fancybox-thumb\"><img decoding=\"async\" class=\"fancybox-margin alignnone wp-image-68389 \" src=\"https:\/\/unec.edu.az\/application\/uploads\/2016\/10\/DSC_8870-236x180.jpg\" alt=\"DSC_8870\" width=\"139\" height=\"106\" \/><\/a><a class=\"fancybox-thumb\" href=\"https:\/\/unec.edu.az\/application\/uploads\/2015\/02\/IMG_20161108_112011.jpg\" rel=\"fancybox-thumb\"><img loading=\"lazy\" decoding=\"async\" class=\"fancybox-margin  alignnone wp-image-71048\" title=\"UNEC-d\u0259 \u201cElm ayl\u0131\u011f\u0131\u201d \u00e7\u0259r\u00e7iv\u0259sind\u0259 ke\u00e7iril\u0259n Nobel dinl\u0259m\u0259l\u0259ri yekunla\u015f\u0131b (08.11.2016)\" src=\"https:\/\/unec.edu.az\/application\/uploads\/2015\/02\/IMG_20161108_112011-300x225.jpg\" alt=\"IMG_20161108_112011\" width=\"143\" height=\"107\" srcset=\"http:\/\/unec.edu.az\/application\/uploads\/2015\/02\/IMG_20161108_112011-300x225.jpg 300w, http:\/\/unec.edu.az\/application\/uploads\/2015\/02\/IMG_20161108_112011-430x320.jpg 430w, http:\/\/unec.edu.az\/application\/uploads\/2015\/02\/IMG_20161108_112011-630x470.jpg 630w, http:\/\/unec.edu.az\/application\/uploads\/2015\/02\/IMG_20161108_112011.jpg 800w\" sizes=\"(max-width: 143px) 100vw, 143px\" \/><\/a><a class=\"fancybox-thumb\" href=\"https:\/\/unec.edu.az\/application\/uploads\/2015\/02\/elm_DSC_9378.jpg\" rel=\"fancybox-thumb\"><img loading=\"lazy\" decoding=\"async\" class=\"fancybox-margin alignnone wp-image-31715 \" src=\"https:\/\/unec.edu.az\/application\/uploads\/2015\/02\/elm_DSC_9378-236x180.jpg\" alt=\"elm_DSC_9378\" width=\"137\" height=\"105\" \/><\/a><a href=\"https:\/\/unec.edu.az\/ru\/unec-xarici-ticarete-kadr-desteyi-verecek\/\"><img loading=\"lazy\" decoding=\"async\" class=\"fancybox-margin alignnone wp-image-31707 \" src=\"https:\/\/unec.edu.az\/application\/uploads\/2015\/12\/unec33-236x180.jpg\" alt=\"unec33\" width=\"138\" height=\"106\" \/><\/a><\/p>\n<h3 style=\"text-align: center;\"><span style=\"color: #000080;\"><em><a style=\"color: #000080;\" href=\"https:\/\/unec.edu.az\/wp-admin\/post.php?post=7653&amp;action=edit&amp;lang=ru\">\u041d\u043e\u0432\u043e\u0441\u0442\u0438 \u0426\u0435\u043d\u0442\u0440\u0430 \u043d\u0430\u0443\u043a\u0438 \u0438 \u0438\u043d\u043d\u043e\u0432\u0430\u0446\u0438\u0439 \u0432 UNEC NEWS<\/a><\/em><\/span><\/h3>\n<p><em><a style=\"color: #000000;\" href=\"https:\/\/unec.edu.az\/ru\/unec-de-elm-ayligi-elmi-tedqiqata-maraq-artib\/\">\u00ab\u041c\u0435\u0441\u044f\u0447\u043d\u0438\u043a \u043d\u0430\u0443\u043a\u0438\u00bb \u0432 UNEC \u2013 \u0432\u043e\u0437\u0440\u043e\u0441 \u0438\u043d\u0442\u0435\u0440\u0435\u0441 \u043a \u043d\u0430\u0443\u0447\u043d\u043e\u043c\u0443 \u0438\u0441\u0441\u043b\u0435\u0434\u043e\u0432\u0430\u043d\u0438\u044e<\/a>\u00a0(10.11.2017)<\/em><br \/>\n<em> <a style=\"color: #000000;\" href=\"https:\/\/unec.edu.az\/ru\/eziz-eliyev-120-i-respublika-elmi-praktik-konfransi\/\">\u0410\u0437\u0438\u0437 \u0410\u043b\u0438\u0435\u0432 \u2013 120: \u00abI \u0420\u0435\u0441\u043f\u0443\u0431\u043b\u0438\u043a\u0430\u043d\u0441\u043a\u0430\u044f \u043d\u0430\u0443\u0447\u043d\u043e-\u043f\u0440\u0430\u043a\u0442\u0438\u0447\u0435\u0441\u043a\u0430\u044f \u043a\u043e\u043d\u0444\u0435\u0440\u0435\u043d\u0446\u0438\u044f\u00bb<\/a>\u00a0(11.05.2017)<\/em><br \/>\n<em> <a style=\"color: #000000;\" href=\"https:\/\/unec.edu.az\/ru\/unec-xarici-ticarete-kadr-desteyi-verecek\/\">UNEC \u043e\u043a\u0430\u0436\u0435\u0442 \u043a\u0430\u0434\u0440\u043e\u0432\u0443\u044e \u043f\u043e\u0434\u0434\u0435\u0440\u0436\u043a\u0443 \u0432\u043d\u0435\u0448\u043d\u0435\u0439 \u0442\u043e\u0440\u0433\u043e\u0432\u043b\u0435 <\/a>(29.04.2017)<\/em><br \/>\n<em><a style=\"color: #000000;\" href=\"https:\/\/unec.edu.az\/ru\/radio-unec-de-elm-ayligi-nin-neticeleri-muzakire-olunub\/\">\u0412 \u044d\u0444\u0438\u0440\u0435 Radio UNEC \u043e\u0431\u0441\u0443\u0436\u0434\u0430\u043b\u0438\u0441\u044c \u0440\u0435\u0437\u0443\u043b\u044c\u0442\u0430\u0442\u044b \u00ab\u041c\u0435\u0441\u044f\u0447\u043d\u0438\u043a\u0430 \u043d\u0430\u0443\u043a\u0438\u00bb<\/a>\u00a0(30.11.20116)<\/em><br \/>\n<em><a style=\"color: #000000;\" href=\"https:\/\/unec.edu.az\/ru\/unec-de-konfrans-musteqil-azerbaycanin-inkisafi-reqemlerde\/\">\u041a\u043e\u043d\u0444\u0435\u0440\u0435\u043d\u0446\u0438\u044f \u0432 UNEC: \u201c\u0420\u0430\u0437\u0432\u0438\u0442\u0438\u0435 \u043d\u0435\u0437\u0430\u0432\u0438\u0441\u0438\u043c\u043e\u0433\u043e \u0410\u0437\u0435\u0440\u0431\u0430\u0439\u0434\u0436\u0430\u043d\u0430 \u0432 \u0446\u0438\u0444\u0440\u0430\u0445\u201d<\/a>\u00a0(24.11.2016)<\/em><br \/>\n<em><a style=\"color: #000000;\" href=\"https:\/\/unec.edu.az\/ru\/unec-de-elm-ayligi-basa-catib\/\">\u0412 UNEC \u0437\u0430\u0432\u0435\u0440\u0448\u0438\u043b\u0441\u044f \u00ab\u041c\u0435\u0441\u044f\u0447\u043d\u0438\u043a \u043d\u0430\u0443\u043a\u0438\u00bb <\/a>(10.11.2016)<\/em><br \/>\n<em><a style=\"color: #000000;\" href=\"https:\/\/unec.edu.az\/ru\/unec-de-elm-ayligi-cercivesinde-kecirilen-nobel-dinlemeleri-yekunlasib\/\">\u0412 UNEC \u043f\u043e\u0434\u0432\u0435\u0434\u0435\u043d \u0438\u0442\u043e\u0433 \u0437\u0430\u0441\u043b\u0443\u0448\u0438\u0432\u0430\u043d\u0438\u044f\u043c \u041d\u043e\u0431\u0435\u043b\u0435\u0432\u0441\u043a\u0438\u0445 \u0434\u043e\u043a\u043b\u0430\u0434\u043e\u0432, \u0441\u043e\u0441\u0442\u043e\u044f\u0432\u0448\u0438\u0445\u0441\u044f \u0432 \u0440\u0430\u043c\u043a\u0430\u0445 \u00ab\u041c\u0435\u0441\u044f\u0447\u043d\u0438\u043a\u0430 \u043d\u0430\u0443\u043a\u0438\u00bb<\/a>\u00a0(08.11.2016)<\/em><br \/>\n<em><a style=\"color: #000000;\" href=\"https:\/\/unec.edu.az\/ru\/unec-de-elm-ayligi-cercivesinde-nobel-meruzeleri-davam-edir\/\">\u0412 UNEC \u0432 \u0440\u0430\u043c\u043a\u0430\u0445 \u00ab\u041c\u0435\u0441\u044f\u0447\u043d\u0438\u043a\u0430 \u043d\u0430\u0443\u043a\u0438\u00bb \u043f\u0440\u043e\u0434\u043e\u043b\u0436\u0430\u044e\u0442\u0441\u044f \u041d\u043e\u0431\u0435\u043b\u0435\u0432\u0441\u043a\u0438\u0435 \u0434\u043e\u043a\u043b\u0430\u0434\u044b <\/a>(03.11.2016)<\/em><br \/>\n<em><a style=\"color: #000000;\" href=\"https:\/\/unec.edu.az\/ru\/unec-de-nobel-mukafatcilari-barede-novbeti-meruzeler-pol-krugman-ve-elinor-ostrom\/\">\u0412 UNEC \u043e\u0447\u0435\u0440\u0435\u0434\u043d\u044b\u0435 \u0434\u043e\u043a\u043b\u0430\u0434\u044b \u043e \u043b\u0430\u0443\u0440\u0435\u0430\u0442\u0430\u0445 \u041d\u043e\u0431\u0435\u043b\u0435\u0432\u0441\u043a\u043e\u0439 \u043f\u0440\u0435\u043c\u0438\u0438: \u041f\u043e\u043b \u041a\u0440\u0443\u0433\u043c\u0430\u043d <\/a>(28.10.2016)<\/em><br \/>\n<em><a style=\"color: #000000;\" href=\"https:\/\/unec.edu.az\/ru\/elm-ayligi-unec-i-elmi-tedqiqat-yonumlu-universitete-cevirmeye-xidmet-edir\/\">\u00ab\u041c\u0435\u0441\u044f\u0447\u043d\u0438\u043a \u043d\u0430\u0443\u043a\u0438\u00bb \u0441\u043b\u0443\u0436\u0438\u0442 \u0442\u043e\u043c\u0443, \u0447\u0442\u043e\u0431\u044b \u043f\u0440\u0435\u0432\u0440\u0430\u0442\u0438\u0442\u044c UNEC \u0432 \u0443\u043d\u0438\u0432\u0435\u0440\u0441\u0438\u0442\u0435\u0442 \u043d\u0430\u0443\u0447\u043d\u043e-\u0438\u0441\u0441\u043b\u0435\u0434\u043e\u0432\u0430\u0442\u0435\u043b\u044c\u0441\u043a\u043e\u0433\u043e \u043f\u0440\u043e\u0444\u0438\u043b\u044f <\/a>(20.10.2016)<\/em><br \/>\n<em><a style=\"color: #000000;\" href=\"https:\/\/unec.edu.az\/ru\/musteqiliyin-25-ili-sosial-iqtisadi-inkisafin-neticeleri-ve-perspektivler\/\">25-\u043b\u0435\u0442\u0438\u0435 \u043d\u0435\u0437\u0430\u0432\u0438\u0441\u0438\u043c\u043e\u0441\u0442\u0438: \u0440\u0435\u0437\u0443\u043b\u044c\u0442\u0430\u0442\u044b \u0438 \u043f\u0435\u0440\u0441\u043f\u0435\u043a\u0442\u0438\u0432\u044b \u0441\u043e\u0446\u0438\u0430\u043b\u044c\u043d\u043e-\u044d\u043a\u043e\u043d\u043e\u043c\u0438\u0447\u0435\u0441\u043a\u043e\u0433\u043e \u0440\u0430\u0437\u0432\u0438\u0442\u0438\u044f<\/a>\u00a0(18.10.2016)<\/em><br \/>\n<em><a style=\"color: #000000;\" href=\"https:\/\/unec.edu.az\/ru\/xarici-qonaqlar-beynelxalq-konfransin-ehemiyyetinden-danisir\/\">\u0417\u0430\u0440\u0443\u0431\u0435\u0436\u043d\u044b\u0435 \u0433\u043e\u0441\u0442\u0438 \u0433\u043e\u0432\u043e\u0440\u044f\u0442 \u043e \u0437\u043d\u0430\u0447\u0435\u043d\u0438\u0438 \u043c\u0435\u0436\u0434\u0443\u043d\u0430\u0440\u043e\u0434\u043d\u043e\u0439 \u043a\u043e\u043d\u0444\u0435\u0440\u0435\u043d\u0446\u0438\u0438<\/a>\u00a0(29.09.2016)<\/em><br \/>\n<em><a style=\"color: #000000;\" href=\"https:\/\/unec.edu.az\/ru\/unec-iqtisadcilari-ve-cin-tedqiqatcisi-dunya-iqtisadiyyatindaki-movcud-veziyyeti-muzakire-edibler\/\">\u042d\u043a\u043e\u043d\u043e\u043c\u0438\u0441\u0442\u044b UNEC \u0438 \u043a\u0438\u0442\u0430\u0439\u0441\u043a\u0438\u0439 \u0438\u0441\u0441\u043b\u0435\u0434\u043e\u0432\u0430\u0442\u0435\u043b\u044c \u043e\u0431\u0441\u0443\u0434\u0438\u043b\u0438 \u0441\u043e\u0432\u0440\u0435\u043c\u0435\u043d\u043d\u043e\u0435 \u043f\u043e\u043b\u043e\u0436\u0435\u043d\u0438\u0435 \u0432 \u043c\u0438\u0440\u043e\u0432\u043e\u0439 \u044d\u043a\u043e\u043d\u043e\u043c\u0438\u043a\u0435\u00a0<\/a>\u00a0(18.12.2015)<\/em><br \/>\n<em><a style=\"color: #000000;\" href=\"https:\/\/unec.edu.az\/ru\/unec-de-elm-gunleri-ne-start-verilib\/\">\u0412 UNEC \u0441\u0442\u0430\u0440\u0442\u043e\u0432\u0430\u043b\u0438 \u00ab\u0414\u043d\u0438 \u043d\u0430\u0443\u043a\u0438\u00bb<\/a>\u00a0\u00a0(11.11.2015)<\/em><\/p>\n<p>&nbsp;<\/p>\n<p><a class=\"fancybox-thumb\" href=\"https:\/\/unec.edu.az\/application\/uploads\/2016\/11\/1-DSC_1332.jpg\" rel=\"fancybox-thumb\"><img loading=\"lazy\" decoding=\"async\" class=\"fancybox-margin alignnone wp-image-73567\" title=\"UNEC-d\u0259 konfrans: \u201cM\u00fcst\u0259qil Az\u0259rbaycan\u0131n inki\u015faf\u0131 r\u0259q\u0259ml\u0259rd\u0259\u201d\" src=\"https:\/\/unec.edu.az\/application\/uploads\/2016\/11\/1-DSC_1332-300x200.jpg\" alt=\"1-DSC_1332\" width=\"195\" height=\"130\" srcset=\"http:\/\/unec.edu.az\/application\/uploads\/2016\/11\/1-DSC_1332-300x200.jpg 300w, http:\/\/unec.edu.az\/application\/uploads\/2016\/11\/1-DSC_1332.jpg 800w\" sizes=\"(max-width: 195px) 100vw, 195px\" \/><\/a><a class=\"fancybox-thumb\" href=\"https:\/\/unec.edu.az\/application\/uploads\/2016\/11\/1-DSC_0927.jpg\" rel=\"fancybox-thumb\"><img loading=\"lazy\" decoding=\"async\" class=\"fancybox-margin alignnone wp-image-73206\" title=\"Elmi m\u0259qal\u0259 m\u00fcsabiq\u0259sinin qalibl\u0259ri m\u00fckafatland\u0131r\u0131l\u0131b (22.11.2016)\" src=\"https:\/\/unec.edu.az\/application\/uploads\/2016\/11\/1-DSC_0927-236x180.jpg\" alt=\"1-DSC_0927\" width=\"172\" height=\"131\" \/><\/a> <a class=\"fancybox-thumb\" href=\"https:\/\/unec.edu.az\/application\/uploads\/2016\/11\/1-DSC_0988.jpg\" rel=\"fancybox-thumb\"><img loading=\"lazy\" decoding=\"async\" class=\"fancybox-margin alignnone wp-image-73207\" title=\"Elmi m\u0259qal\u0259 m\u00fcsabiq\u0259sinin qalibl\u0259ri m\u00fckafatland\u0131r\u0131l\u0131b (22.11.2016)\" src=\"https:\/\/unec.edu.az\/application\/uploads\/2016\/11\/1-DSC_0988-236x180.jpg\" alt=\"1-DSC_0988\" width=\"172\" height=\"131\" \/><\/a><\/p>\n<p style=\"text-align: justify;\">\n","protected":false},"excerpt":{"rendered":"<p>\u041d\u043e\u0432\u043e\u0441\u0442\u0438 \u0426\u0435\u043d\u0442\u0440\u0430 \u043d\u0430\u0443\u043a\u0438 \u0438 \u0438\u043d\u043d\u043e\u0432\u0430\u0446\u0438\u0439 \u0432 UNEC NEWS \u00ab\u041c\u0435\u0441\u044f\u0447\u043d\u0438\u043a \u043d\u0430\u0443\u043a\u0438\u00bb \u0432 UNEC \u2013 \u0432\u043e\u0437\u0440\u043e\u0441 \u0438\u043d\u0442\u0435\u0440\u0435\u0441 \u043a \u043d\u0430\u0443\u0447\u043d\u043e\u043c\u0443 \u0438\u0441\u0441\u043b\u0435\u0434\u043e\u0432\u0430\u043d\u0438\u044e\u00a0(10.11.2017) \u0410\u0437\u0438\u0437 \u0410\u043b\u0438\u0435\u0432 \u2013 120: \u00abI \u0420\u0435\u0441\u043f\u0443\u0431\u043b\u0438\u043a\u0430\u043d\u0441\u043a\u0430\u044f \u043d\u0430\u0443\u0447\u043d\u043e-\u043f\u0440\u0430\u043a\u0442\u0438\u0447\u0435\u0441\u043a\u0430\u044f \u043a\u043e\u043d\u0444\u0435\u0440\u0435\u043d\u0446\u0438\u044f\u00bb\u00a0(11.05.2017) UNEC \u043e\u043a\u0430\u0436\u0435\u0442 \u043a\u0430\u0434\u0440\u043e\u0432\u0443\u044e \u043f\u043e\u0434\u0434\u0435\u0440\u0436\u043a\u0443 \u0432\u043d\u0435\u0448\u043d\u0435\u0439 \u0442\u043e\u0440\u0433\u043e\u0432\u043b\u0435 (29.04.2017) \u0412 \u044d\u0444\u0438\u0440\u0435 Radio UNEC \u043e\u0431\u0441\u0443\u0436\u0434\u0430\u043b\u0438\u0441\u044c \u0440\u0435\u0437\u0443\u043b\u044c\u0442\u0430\u0442\u044b \u00ab\u041c\u0435\u0441\u044f\u0447\u043d\u0438\u043a\u0430 \u043d\u0430\u0443\u043a\u0438\u00bb\u00a0(30.11.20116) \u041a\u043e\u043d\u0444\u0435\u0440\u0435\u043d\u0446\u0438\u044f \u0432 UNEC: \u201c\u0420\u0430\u0437\u0432\u0438\u0442\u0438\u0435 \u043d\u0435\u0437\u0430\u0432\u0438\u0441\u0438\u043c\u043e\u0433\u043e \u0410\u0437\u0435\u0440\u0431\u0430\u0439\u0434\u0436\u0430\u043d\u0430 \u0432 \u0446\u0438\u0444\u0440\u0430\u0445\u201d\u00a0(24.11.2016) \u0412 UNEC \u0437\u0430\u0432\u0435\u0440\u0448\u0438\u043b\u0441\u044f \u00ab\u041c\u0435\u0441\u044f\u0447\u043d\u0438\u043a \u043d\u0430\u0443\u043a\u0438\u00bb (10.11.2016) [&hellip;]<\/p>\n","protected":false},"author":6,"featured_media":0,"parent":0,"menu_order":0,"comment_status":"open","ping_status":"open","template":"page-templates\/3columncontent.php","meta":{"footnotes":""},"class_list":["post-7653","page","type-page","status-publish","hentry"],"_links":{"self":[{"href":"http:\/\/unec.edu.az\/ru\/wp-json\/wp\/v2\/pages\/7653","targetHints":{"allow":["GET"]}}],"collection":[{"href":"http:\/\/unec.edu.az\/ru\/wp-json\/wp\/v2\/pages"}],"about":[{"href":"http:\/\/unec.edu.az\/ru\/wp-json\/wp\/v2\/types\/page"}],"author":[{"embeddable":true,"href":"http:\/\/unec.edu.az\/ru\/wp-json\/wp\/v2\/users\/6"}],"replies":[{"embeddable":true,"href":"http:\/\/unec.edu.az\/ru\/wp-json\/wp\/v2\/comments?post=7653"}],"version-history":[{"count":24,"href":"http:\/\/unec.edu.az\/ru\/wp-json\/wp\/v2\/pages\/7653\/revisions"}],"predecessor-version":[{"id":127904,"href":"http:\/\/unec.edu.az\/ru\/wp-json\/wp\/v2\/pages\/7653\/revisions\/127904"}],"wp:attachment":[{"href":"http:\/\/unec.edu.az\/ru\/wp-json\/wp\/v2\/media?parent=7653"}],"curies":[{"name":"wp","href":"https:\/\/api.w.org\/{rel}","templated":true}]}}