{"id":7774,"date":"2015-05-06T13:58:13","date_gmt":"2015-05-06T09:58:13","guid":{"rendered":"http:\/\/asue.edu.az\/education\/7760-2\/"},"modified":"2024-12-19T10:00:25","modified_gmt":"2024-12-19T06:00:25","slug":"7760-2","status":"publish","type":"page","link":"http:\/\/unec.edu.az\/ru\/education\/7760-2\/","title":{"rendered":"\u0426\u0435\u043d\u0442\u0440 \u0437\u0430\u043e\u0447\u043d\u043e\u0433\u043e \u0438 \u0434\u043e\u043f\u043e\u043b\u043d\u0438\u0442\u0435\u043b\u044c\u043d\u043e\u0433\u043e \u043e\u0431\u0440\u0430\u0437\u043e\u0432\u0430\u043d\u0438\u044f"},"content":{"rendered":"<table style=\"height: 146px;\" width=\"1106\">\n<tbody>\n<tr>\n<td style=\"width: 200px;\">\n<h4><span style=\"color: #800000;\">\u0414\u0438\u0440\u0435\u043a\u0442\u043e\u0440:<br \/>\n<a style=\"color: #800000;\" href=\"https:\/\/unec.edu.az\/ru\/sebuhi-mileddin-oglu-tanriverdiyev\/\">\u0441\u0442\/\u043f\u0440. \u0422\u0430\u043d\u0440\u044b\u0432\u0435\u0440\u0434\u0438\u0435\u0432\u00a0\u0421\u0430\u0431\u0443\u0445\u0438\u00a0<\/a><br \/>\n<a style=\"color: #800000;\" href=\"https:\/\/unec.edu.az\/ru\/sebuhi-mileddin-oglu-tanriverdiyev\/\">\u041c\u0438\u043b\u0430\u0434\u0434\u0438\u043d \u043e\u0433\u043b\u044b<\/a><\/span><\/h4>\n<p><span style=\"color: #000000;\"><em>\u0422\u0435\u043b\u0435\u0444\u043e\u043d:<\/em><\/span><br \/>\n<span style=\"color: #000000;\"> <em> +(994)\u00a0<\/em><em>12\u00a0564-38-92<br \/>\n<\/em><em>sabuhi.tanriverdiyev@unec.edu.az<\/em><\/span><\/td>\n<td style=\"width: 200px;\">\n<h4><span style=\"color: #800000;\">\u0417\u0430\u043c\u0435\u0441\u0442\u0438\u0442\u0435\u043b\u044c \u0434\u0435\u043a\u0430\u043d\u0430:<br \/>\n<a style=\"color: #800000;\" href=\"https:\/\/unec.edu.az\/ru\/i-e-n-dos-veliyev-hebib-memmed\/\">\u043a.\u044d.\u043d., \u0434\u043e\u0446. \u0412\u0435\u043b\u0438\u0435\u0432 \u0413\u0430\u0431\u0438\u0431<br \/>\n\u041c\u0430\u043c\u0435\u0434 \u043e\u0433\u043b\u044b\u00a0<\/a><br \/>\n<\/span><\/h4>\n<p><span style=\"color: #000000;\"><em>\u0422\u0435\u043b\u0435\u0444\u043e\u043d:<\/em><\/span><br \/>\n<span style=\"color: #000000;\"><em>+(994)\u00a0<\/em><em>12\u00a0564-38-92<\/em><\/span><\/td>\n<td style=\"width: 200px;\">\n<h4><span style=\"color: #800000;\">\u0417\u0430\u043c\u0435\u0441\u0442\u0438\u0442\u0435\u043b\u044c \u0434\u0435\u043a\u0430\u043d\u0430:<\/span><br \/>\n<span style=\"color: #800000;\"> <a style=\"color: #800000;\" href=\"https:\/\/unec.edu.az\/ru\/dos-kerimova-terane-isa-qizi\/\">\u043a.\u044d.\u043d., \u0434\u043e\u0446.\u00a0<span style=\"color: #800000;\">\u041a\u0435\u0440\u0438\u043c\u043e\u0432\u0430 \u0422\u0430\u0440\u0430\u043d\u0430 \u0418\u0441\u0430 \u043a\u044b\u0437\u044b<\/span><\/a><\/span><\/h4>\n<p><span style=\"color: #000000;\"><em>\u0422\u0435\u043b\u0435\u0444\u043e\u043d:<\/em><\/span><br \/>\n<span style=\"color: #000000;\"><em>+(994)\u00a0<\/em><em>12\u00a0564-38-92<\/em><\/span><\/td>\n<td style=\"width: 200px;\">\n<h4><span style=\"color: #800000;\"><a style=\"color: #800000;\" href=\"https:\/\/unec.edu.az\/ru\/i-e-n-dos-ekberov-rovsen-memmed\/\">\u0417\u0430\u043c\u0435\u0441\u0442\u0438\u0442\u0435\u043b\u044c \u0434\u0435\u043a\u0430\u043d\u0430:<\/a><\/span><br \/>\n<span style=\"color: #800000;\"><a style=\"color: #800000;\" href=\"https:\/\/unec.edu.az\/ru\/i-e-n-dos-ekberov-rovsen-memmed\/\">\u043a.\u044d.\u043d., \u0434\u043e\u0446. \u0410\u043a\u0431\u0435\u0440\u043e\u0432<br \/>\n<\/a><\/span><a style=\"color: #800000;\" href=\"https:\/\/unec.edu.az\/ru\/i-e-n-dos-ekberov-rovsen-memmed\/\">\u0420\u043e\u0432\u0448\u0430\u043d\u00a0 \u041c\u0430\u043c\u0435\u0434 \u043e\u0433\u043b\u044b<\/a><\/h4>\n<p><span style=\"color: #000000;\"><em>\u0422\u0435\u043b\u0435\u0444\u043e\u043d:<\/em><\/span><br \/>\n<span style=\"color: #000000;\"><em>+(994)\u00a0<\/em><em>12\u00a0564-38-92<\/em><\/span><\/td>\n<td style=\"width: 5px;\"><\/td>\n<\/tr>\n<\/tbody>\n<\/table>\n<p><span style=\"color: #ffffff;\">*<\/span><\/p>\n<p class=\"tw-data-text tw-text-large XcVN5d tw-ta\" dir=\"ltr\" data-placeholder=\"\u041f\u0435\u0440\u0435\u0432\u043e\u0434\"><span style=\"color: #000000;\"><a style=\"color: #000000;\" href=\"https:\/\/unec.edu.az\/application\/uploads\/2015\/05\/D-STANT-AZER-27.09.2017.pdf\">\u0426\u0435\u043d\u0442\u0440 \u0437\u0430\u043e\u0447\u043d\u043e\u0433\u043e \u0438 \u0434\u043e\u043f\u043e\u043b\u043d\u0438\u0442\u0435\u043b\u044c\u043d\u043e\u0433\u043e \u043e\u0431\u0440\u0430\u0437\u043e\u0432\u0430\u043d\u0438\u044f\u00a0UNEC \u2013 \u0431\u0440\u043e\u0448\u044e\u0440\u0430<\/a><\/span><\/p>\n<p><span style=\"color: #800000;\">\u0421\u0435\u043a\u0440\u0435\u0442\u0430\u0440\u044c \u0446\u0435\u043d\u0442\u0440\u0430 \u0437\u0430\u043e\u0447\u043d\u043e\u0433\u043e \u0438 \u0434\u043e\u043f\u043e\u043b\u043d\u0438\u0442\u0435\u043b\u044c\u043d\u043e\u0433\u043e \u043e\u0431\u0440\u0430\u0437\u043e\u0432\u0430\u043d\u0438\u044f UNEC:\u00a0\u0410\u0433\u0430\u0435\u0432\u0430 \u0420\u0435\u043d\u0430 \u0412\u0430\u0445\u0438\u0434 \u043a\u044b\u0437\u044b<\/span><br \/>\n<span style=\"color: #000000;\"><em>\u0422\u0435\u043b\u0435\u0444\u043e\u043d : +(994) 12 564 32 66\u00a0<\/em><\/span><\/p>\n<p class=\"tw-data-text tw-text-large XcVN5d tw-ta\" dir=\"ltr\" data-placeholder=\"\u041f\u0435\u0440\u0435\u0432\u043e\u0434\"><span lang=\"ru\" style=\"color: #800000;\"><a style=\"color: #800000;\" href=\"https:\/\/unec.edu.az\/ru\/kocerli-yalcin-enver-oglu\/\">\u0414\u0438\u0440\u0435\u043a\u0442\u043e\u0440 \u043e\u0442\u0434\u0435\u043b\u0430 \u0437\u0430\u043e\u0447\u043d\u043e\u0433\u043e \u043e\u0431\u0443\u0447\u0435\u043d\u0438\u044f: \u041a\u043e\u0447\u0430\u0440\u043b\u044b \u042f\u043b\u0447\u0438\u043d \u0410\u043d\u0432\u0430\u0440 \u043e\u0433\u043b\u044b<\/a><\/span><em><span lang=\"ru\" style=\"color: #800000;\"><a style=\"color: #800000;\" href=\"https:\/\/unec.edu.az\/ru\/kocerli-yalcin-enver-oglu\/\"><br \/>\n<\/a><\/span><\/em><em><span style=\"color: #000000;\">\u0422\u0435\u043b\u0435\u0444\u043e\u043d:\u00a0\u00a0+(994) 50 370 22 27<\/span><\/em><\/p>\n<p class=\"tw-data-text tw-text-large XcVN5d tw-ta\" dir=\"ltr\" data-placeholder=\"\u041f\u0435\u0440\u0435\u0432\u043e\u0434\"><span lang=\"ru\"> <span style=\"color: #800000;\"><a style=\"color: #800000;\" href=\"https:\/\/unec.edu.az\/ru\/i-e-n-dos-qeribli-emin-adil-oglu\/\">\u0417\u0430\u0432\u0435\u0434\u0443\u044e\u0449\u0438\u0439 \u043e\u0442\u0434\u0435\u043b\u043e\u043c \u0434\u043e\u043f\u043e\u043b\u043d\u0438\u0442\u0435\u043b\u044c\u043d\u043e\u0433\u043e \u043e\u0431\u0440\u0430\u0437\u043e\u0432\u0430\u043d\u0438\u044f: \u0413\u0430\u0440\u0438\u0431\u043b\u0438 \u042d\u043c\u0438\u043d \u0410\u0434\u0438\u043b \u043e\u0433\u043b\u044b<\/a><\/span><br \/>\n<\/span><\/p>\n<p><span style=\"color: #ffffff;\"><a class=\"fancybox-thumb\" href=\"https:\/\/unec.edu.az\/application\/uploads\/2015\/05\/qiyabi_648344122.jpg\" rel=\"fancybox-thumb\"><img decoding=\"async\" class=\"fancybox-margin alignnone wp-image-166212 \" src=\"https:\/\/unec.edu.az\/application\/uploads\/2015\/05\/qiyabi_648344122-150x150.jpg\" alt=\"qiyabi_648344122\" width=\"110\" height=\"110\" \/><\/a><a class=\"fancybox-thumb\" href=\"https:\/\/unec.edu.az\/application\/uploads\/2015\/05\/qiyabi_6483441.jpg\" rel=\"fancybox-thumb\"><img decoding=\"async\" class=\"fancybox-margin alignnone wp-image-166213 \" src=\"https:\/\/unec.edu.az\/application\/uploads\/2015\/05\/qiyabi_6483441-150x150.jpg\" alt=\"qiyabi_6483441\" width=\"109\" height=\"109\" \/><\/a><a class=\"fancybox-thumb\" href=\"https:\/\/unec.edu.az\/application\/uploads\/2016\/06\/unec-12.jpg\" rel=\"fancybox-thumb\"><img decoding=\"async\" class=\"fancybox-margin alignnone wp-image-59794 \" src=\"https:\/\/unec.edu.az\/application\/uploads\/2016\/06\/unec-12-150x150.jpg\" alt=\"unec (12)\" width=\"107\" height=\"107\" \/><\/a><a class=\"fancybox-thumb\" href=\"https:\/\/unec.edu.az\/application\/uploads\/2016\/06\/unec-13.jpg\" rel=\"fancybox-thumb\"><img loading=\"lazy\" decoding=\"async\" class=\"fancybox-margin alignnone wp-image-59795 \" src=\"https:\/\/unec.edu.az\/application\/uploads\/2016\/06\/unec-13-150x150.jpg\" alt=\"unec (13)\" width=\"107\" height=\"107\" \/><\/a><a class=\"fancybox-thumb\" href=\"https:\/\/unec.edu.az\/application\/uploads\/2016\/04\/DSC_8325.jpg\" rel=\"fancybox-thumb\"><img loading=\"lazy\" decoding=\"async\" class=\"fancybox-margin  alignnone wp-image-48906 \" src=\"https:\/\/unec.edu.az\/application\/uploads\/2016\/04\/DSC_8325-150x150.jpg\" alt=\"DSC_8325\" width=\"106\" height=\"106\" \/><\/a><a class=\"fancybox-thumb\" href=\"https:\/\/unec.edu.az\/application\/uploads\/2016\/04\/DSC_8328.jpg\" rel=\"fancybox-thumb\"><img loading=\"lazy\" decoding=\"async\" class=\"fancybox-margin  alignnone wp-image-48909 \" src=\"https:\/\/unec.edu.az\/application\/uploads\/2016\/04\/DSC_8328-150x150.jpg\" alt=\"DSC_8328\" width=\"107\" height=\"107\" \/><\/a><a class=\"fancybox-thumb\" href=\"https:\/\/unec.edu.az\/application\/uploads\/2015\/05\/qqDSC_7458.jpg\" rel=\"fancybox-thumb\"><img loading=\"lazy\" decoding=\"async\" class=\"fancybox-margin  alignnone wp-image-28561 \" src=\"https:\/\/unec.edu.az\/application\/uploads\/2015\/05\/qqDSC_7458-150x150.jpg\" alt=\"qqDSC_7458\" width=\"109\" height=\"109\" \/><\/a><a class=\"fancybox-thumb\" href=\"https:\/\/unec.edu.az\/application\/uploads\/2017\/06\/DSC_2042.jpg\" rel=\"fancybox-thumb\"><img loading=\"lazy\" decoding=\"async\" class=\"fancybox-margin alignnone wp-image-100092 \" title=\"\u201cUNEC m\u0259zunlar\u0131 Az\u0259rbaycan iqtisadiyyat\u0131na misilsiz t\u00f6hf\u0259l\u0259r ver\u0259c\u0259k\u201d (30.06.2017)\" src=\"https:\/\/unec.edu.az\/application\/uploads\/2017\/06\/DSC_2042-150x150.jpg\" alt=\"DSC_2042\" width=\"111\" height=\"111\" \/><\/a><\/span><\/p>\n<p><span style=\"color: #000000;\"><em><a style=\"color: #000000;\" href=\"https:\/\/unec.edu.az\/ru\/unec-den-mekteblilere-kitab-sevinci\/\">\u041a\u043d\u0438\u0436\u043d\u044b\u0439 \u043f\u043e\u0434\u0430\u0440\u043e\u043a \u0443\u0447\u0430\u0449\u0438\u043c\u0441\u044f \u043e\u0442 UNEC<\/a>\u00a0(02.04.2018)<a style=\"color: #000000;\" href=\"https:\/\/unec.edu.az\/ru\/unec-telebelerinden-siginacaqdaki-usaqlar-ucun-novruz-senliyi\/\"><br \/>\n\u041d\u043e\u0432\u0440\u0443\u0437\u043e\u0432\u0441\u043a\u043e\u0435 \u043f\u0440\u0430\u0437\u0434\u043d\u0435\u0441\u0442\u0432\u043e \u0434\u043b\u044f \u043f\u0440\u0438\u044e\u0442\u0438\u0432\u0448\u0438\u0445\u0441\u044f \u0434\u0435\u0442\u0435\u0439 \u043e\u0442 \u0441\u0442\u0443\u0434\u0435\u043d\u0442\u043e\u0432 UNEC<\/a>\u00a0(19.03.2018)<a style=\"color: #000000;\" href=\"https:\/\/unec.edu.az\/ru\/unec-genc-muellimler-surasinin-ilk-elmi-seminari\/\"><br \/>\n\u041f\u0435\u0440\u0432\u044b\u0439 \u043d\u0430\u0443\u0447\u043d\u044b\u0439 \u0441\u0435\u043c\u0438\u043d\u0430\u0440 \u0421\u043e\u0432\u0435\u0442\u0430 \u043c\u043e\u043b\u043e\u0434\u044b\u0445 \u043f\u0440\u0435\u043f\u043e\u0434\u0430\u0432\u0430\u0442\u0435\u043b\u0435\u0439 UNEC<\/a>\u00a0(12.03.2018)<br \/>\n<a style=\"color: #000000;\" href=\"https:\/\/unec.edu.az\/ru\/unec-elave-tehsil-sahesinde-izu-tecrubesinden-yararlanacaq\/\">UNEC \u0432 \u0441\u0444\u0435\u0440\u0435 \u0434\u043e\u043f\u043e\u043b\u043d\u0438\u0442\u0435\u043b\u044c\u043d\u043e\u0433\u043e \u043e\u0431\u0440\u0430\u0437\u043e\u0432\u0430\u043d\u0438\u044f \u0432\u043e\u0441\u043f\u043e\u043b\u044c\u0437\u0443\u0435\u0442\u0441\u044f \u043e\u043f\u044b\u0442\u043e\u043c \u0130ZU<\/a>\u00a0(28.02.2018)<\/em><\/span><br \/>\n<span style=\"color: #000000;\"> <em><a style=\"color: #000000;\" href=\"https:\/\/unec.edu.az\/ru\/unec-de-qiyabi-tehsil-alan-telebelerle-gorus\/\">\u0412\u0441\u0442\u0440\u0435\u0447\u0430 \u0441\u043e \u0441\u0442\u0443\u0434\u0435\u043d\u0442\u0430\u043c\u0438, \u043e\u0431\u0443\u0447\u0430\u044e\u0449\u0438\u043c\u0438\u0441\u044f \u0437\u0430\u043e\u0447\u043d\u043e \u0432 UNEC <\/a><a style=\"color: #000000;\" href=\"https:\/\/unec.edu.az\/ru\/unec-de-konstitusiya-gunu\/\">(10.01.2018)<br \/>\n<\/a><a style=\"color: #000000;\" href=\"https:\/\/unec.edu.az\/ru\/unec-de-konstitusiya-gunu\/\">\u0414\u0435\u043d\u044c \u043a\u043e\u043d\u0441\u0442\u0438\u0442\u0443\u0446\u0438\u0438 \u0432 UNEC<\/a>\u00a0(10.11.2017)<\/em><\/span><br \/>\n<span style=\"color: #000000;\"> <em><a style=\"color: #000000;\" href=\"https:\/\/unec.edu.az\/ru\/merkez-direktoru-qebul-qaydalarindan-danisdi\/\">\u0414\u0438\u0440\u0435\u043a\u0442\u043e\u0440 \u0426\u0435\u043d\u0442\u0440\u0430 \u0440\u0430\u0441\u0441\u043a\u0430\u0437\u0430\u043b \u043e \u043f\u0440\u0430\u0432\u0438\u043b\u0430\u0445 \u043f\u0440\u0438\u0435\u043c\u0430<\/a>\u00a0(23.06.2017)<br \/>\n<\/em><em><a style=\"color: #000000;\" href=\"https:\/\/unec.edu.az\/ru\/tedqiqat-universitetine-kecid-unec-tecrubesi\/\">\u041f\u0435\u0440\u0435\u0445\u043e\u0434 \u0432 \u0438\u0441\u0441\u043b\u0435\u0434\u043e\u0432\u0430\u0442\u0435\u043b\u044c\u0441\u043a\u0438\u0439 \u0443\u043d\u0438\u0432\u0435\u0440\u0441\u0438\u0442\u0435\u0442: \u041e\u043f\u044b\u0442 UNEC <\/a>(02.05.2017)<br \/>\n<\/em><em><a style=\"color: #000000;\" href=\"https:\/\/unec.edu.az\/ru\/unec-de-yap-uzvlerinin-siralari-genislenir\/\">\u0412 UNEC \u0440\u0430\u0441\u0448\u0438\u0440\u044f\u044e\u0442\u0441\u044f \u0440\u044f\u0434\u044b \u0447\u043b\u0435\u043d\u043e\u0432 YAP<\/a>\u00a0(29.03.2017)<br \/>\n<\/em><em><a style=\"color: #000000;\" href=\"https:\/\/unec.edu.az\/ru\/unec-le-suleyman-demirel-universiteti-arasinda-gelecek-emekdasliq-imkanlari-muzakire-edilib\/\">\u0421\u043e\u0441\u0442\u043e\u044f\u043b\u043e\u0441\u044c \u043e\u0431\u0441\u0443\u0436\u0434\u0435\u043d\u0438\u0435 \u0432\u043e\u0437\u043c\u043e\u0436\u043d\u043e\u0441\u0442\u0435\u0439 \u0431\u0443\u0434\u0443\u0449\u0435\u0433\u043e \u0441\u043e\u0442\u0440\u0443\u0434\u043d\u0438\u0447\u0435\u0441\u0442\u0432\u0430 \u043c\u0435\u0436\u0434\u0443 UNEC \u0438 \u0443\u043d\u0438\u0432\u0435\u0440\u0441\u0438\u0442\u0435\u0442\u043e\u043c \u0421\u0443\u043b\u0435\u0439\u043c\u0430\u043d\u0430 \u0414\u0435\u043c\u0438\u0440\u0435\u043b\u044f<\/a>\u00a0(06.03.2017)<br \/>\n<\/em><em><a style=\"color: #000000;\" href=\"https:\/\/unec.edu.az\/ru\/unec-in-qiyabi-tehsil-alan-telebelerinin-derse-davamiyyeti-yuksekdir\/\">\u041f\u043e\u0441\u0435\u0449\u0430\u0435\u043c\u043e\u0441\u0442\u044c \u0437\u0430\u043d\u044f\u0442\u0438\u0439 \u0441\u0442\u0443\u0434\u0435\u043d\u0442\u0430\u043c\u0438 UNEC, \u043e\u0431\u0443\u0447\u0430\u044e\u0449\u0438\u043c\u0438\u0441\u044f \u0437\u0430\u043e\u0447\u043d\u043e, \u0432\u044b\u0441\u043e\u043a\u0430\u044f <\/a>(01.25.2017)<br \/>\n<\/em><em><a style=\"color: #000000;\" href=\"https:\/\/unec.edu.az\/ru\/iqtisad-universiteti-deyende-goz-onunde-telebe-menuniyyetini-one-ceken-unec-brendi-canlanir\/\">\u00ab\u042d\u043a\u043e\u043d\u043e\u043c\u0438\u0447\u0435\u0441\u043a\u0438\u0439 \u0443\u043d\u0438\u0432\u0435\u0440\u0441\u0438\u0442\u0435\u0442 \u0430\u0441\u0441\u043e\u0446\u0438\u0438\u0440\u0443\u0435\u0442\u0441\u044f \u0441 \u0431\u0440\u0435\u043d\u0434\u043e\u043c UNEC, \u0432\u044b\u0434\u0432\u0438\u0433\u0430\u044e\u0449\u0435\u0433\u043e \u043d\u0430 \u043f\u0435\u0440\u0435\u0434\u043d\u0438\u0439 \u043f\u043b\u0430\u043d \u0443\u0434\u043e\u0432\u043b\u0435\u0442\u0432\u043e\u0440\u0435\u043d\u043d\u043e\u0441\u0442\u044c \u0441\u0442\u0443\u0434\u0435\u043d\u0442\u0430\u00bb <\/a>(01.24.2017)<br \/>\n<\/em><em><a style=\"color: #000000;\" href=\"https:\/\/unec.edu.az\/ru\/xarici-diller-kafedrasinda-elmi-metodoloji-seminarlara-start-verilib\/\">\u041d\u0430 \u043a\u0430\u0444\u0435\u0434\u0440\u0435 \u00ab\u0418\u043d\u043e\u0441\u0442\u0440\u0430\u043d\u043d\u044b\u0435 \u044f\u0437\u044b\u043a\u0438\u00bb \u0434\u0430\u043d \u0441\u0442\u0430\u0440\u0442 \u043d\u0430\u0443\u0447\u043d\u043e-\u043c\u0435\u0442\u043e\u0434\u0438\u0447\u0435\u0441\u043a\u0438\u043c \u0441\u0435\u043c\u0438\u043d\u0430\u0440\u0430\u043c<\/a>\u00a0(17.01.2017)<br \/>\n<\/em><em><a style=\"color: #000000;\" href=\"https:\/\/unec.edu.az\/ru\/unec-telebeleri-dovlet-gomruk-komitesi-akademiyasinda-dersde\/\">\u0421\u0442\u0443\u0434\u0435\u043d\u0442\u044b UNEC \u043d\u0430 \u0443\u0440\u043e\u043a\u0435 \u0432 \u0410\u043a\u0430\u0434\u0435\u043c\u0438\u0438 \u0433\u043e\u0441\u0443\u0434\u0430\u0440\u0441\u0442\u0432\u0435\u043d\u043d\u043e\u0433\u043e \u0442\u0430\u043c\u043e\u0436\u0435\u043d\u043d\u043e\u0433\u043e \u043a\u043e\u043c\u0438\u0442\u0435\u0442\u0430<\/a>\u00a0(16.12.2016)<br \/>\n<\/em><em><a style=\"color: #000000;\" href=\"https:\/\/unec.edu.az\/ru\/unec-de-seir-musabiqesi-kecirilib\/\">\u0412 UNEC \u0441\u043e\u0441\u0442\u043e\u044f\u043b\u0441\u044f \u043a\u043e\u043d\u043a\u0443\u0440\u0441 \u0441\u0442\u0438\u0445\u043e\u0432 <\/a>(13.12.2016)<br \/>\n<\/em><em><a style=\"color: #000000;\" href=\"https:\/\/unec.edu.az\/ru\/dgka-nin-bir-qrup-telebesi-unec-de-olub\/\">\u0421\u0442\u0443\u0434\u0435\u043d\u0442\u044b \u0410\u0413\u0422\u041a \u043f\u043e\u0431\u044b\u0432\u0430\u043b\u0438 \u0432 UNEC<\/a>\u00a0(22.11.2016)<br \/>\n<\/em><em><a style=\"color: #000000;\" href=\"https:\/\/unec.edu.az\/ru\/unec-de-yap-in-24-illiyine-hesr-olunan-tedbir-kecirilib\/\">\u0412 UNEC \u0441\u043e\u0441\u0442\u043e\u044f\u043b\u043e\u0441\u044c \u043c\u0435\u0440\u043e\u043f\u0440\u0438\u044f\u0442\u0438\u0435, \u043f\u043e\u0441\u0432\u044f\u0449\u0435\u043d\u043d\u043e\u0435 24-\u043e\u0439 \u0433\u043e\u0434\u043e\u0432\u0449\u0438\u043d\u0435 \u00a0\u041f\u0415\u0410 <\/a>\u00a0(21.11.2016)<br \/>\n<\/em><em><a style=\"color: #000000;\" href=\"https:\/\/unec.edu.az\/ru\/unec-telebeleri-menim-ucrengli-bayragim\/\">\u0421\u0442\u0443\u0434\u0435\u043d\u0442\u044b UNEC: \u041c\u043e\u0439 \u0442\u0440\u0435\u0445\u0446\u0432\u0435\u0442\u043d\u044b\u0439 \u0444\u043b\u0430\u0433<\/a>\u00a0(08.11.2016)<br \/>\n<\/em><em><a style=\"color: #000000;\" href=\"https:\/\/unec.edu.az\/ru\/distant-qiyabi-ve-elave-tehsil-merkezinde-ikinci-ali-tehsile-qebul-olmus-telebelerle-gorus-kecirilib\/\">\u0412 \u0426\u0435\u043d\u0442\u0440\u0435 \u0434\u0438\u0441\u0442\u0430\u043d\u0446\u0438\u043e\u043d\u043d\u043e\u0433\u043e, \u0437\u0430\u043e\u0447\u043d\u043e\u0433\u043e \u0438 \u0434\u043e\u043f\u043e\u043b\u043d\u0438\u0442\u0435\u043b\u044c\u043d\u043e\u0433\u043e \u043e\u0431\u0440\u0430\u0437\u043e\u0432\u0430\u043d\u0438\u044f \u0441\u043e\u0441\u0442\u043e\u044f\u043b\u0430\u0441\u044c \u0432\u0441\u0442\u0440\u0435\u0447\u0430 \u0441\u043e \u0441\u0442\u0443\u0434\u0435\u043d\u0442\u0430\u043c\u0438, \u043f\u043e\u0441\u0442\u0443\u043f\u0438\u0432\u0448\u0438\u043c\u0438 \u043d\u0430 \u0432\u0442\u043e\u0440\u043e\u0435 \u0432\u044b\u0441\u0448\u0435\u0435 \u043e\u0431\u0440\u0430\u0437\u043e\u0432\u0430\u043d\u0438\u0435 <\/a>(21.10.2016)<br \/>\n<\/em><em><a style=\"color: #000000;\" href=\"https:\/\/unec.edu.az\/ru\/distant-qiyabi-ve-elave-tehsil-merkezinin-qiyabi-tehsil-sobesinin-1-ve-2-ci-kurs-telebeleri-ile-gorus-kecirilib\/\">\u0421\u043e\u0441\u0442\u043e\u044f\u043b\u0430\u0441\u044c \u0432\u0441\u0442\u0440\u0435\u0447\u0430 \u0441\u043e \u0441\u0442\u0443\u0434\u0435\u043d\u0442\u0430\u043c\u0438 1 \u0438 2 \u043a\u0443\u0440\u0441\u0430 \u0437\u0430\u043e\u0447\u043d\u043e\u0433\u043e \u043e\u0442\u0434\u0435\u043b\u0435\u043d\u0438\u044f \u0426\u0435\u043d\u0442\u0440\u0430 \u0434\u0438\u0441\u0442\u0430\u043d\u0446\u0438\u043e\u043d\u043d\u043e\u0433\u043e, \u0437\u0430\u043e\u0447\u043d\u043e\u0433\u043e \u0438 \u0434\u043e\u043f\u043e\u043b\u043d\u0438\u0442\u0435\u043b\u044c\u043d\u043e\u0433\u043e \u043e\u0431\u0440\u0430\u0437\u043e\u0432\u0430\u043d\u0438\u044f\u00a0<\/a>\u00a0(10.10.2016)<br \/>\n<\/em><em><a style=\"color: #000000;\" href=\"https:\/\/unec.edu.az\/ru\/unec-de-merkeze-yeni-direktor-teyin-edilib\/\">\u0412 UNEC \u043d\u0430\u0437\u043d\u0430\u0447\u0435\u043d \u043d\u043e\u0432\u044b\u0439 \u0434\u0438\u0440\u0435\u043a\u0442\u043e\u0440 \u0446\u0435\u043d\u0442\u0440\u0430\u00a0<\/a>\u00a0(21.04.2016)<br \/>\n<\/em><em><a style=\"color: #000000;\" href=\"https:\/\/unec.edu.az\/ru\/e-muradov-unec-de-eyani-ve-qiyabi-tehsil-alan-ucun-eyni-serait-yaradilib\/\">\u0410.\u041c\u0443\u0440\u0430\u0434\u043e\u0432: \u00ab\u0412 UNEC \u0441\u043e\u0437\u0434\u0430\u043d\u044b \u0440\u0430\u0432\u043d\u044b\u0435 \u0443\u0441\u043b\u043e\u0432\u0438\u044f \u0434\u043b\u044f \u0442\u0435\u0445, \u043a\u0442\u043e \u043f\u043e\u043b\u0443\u0447\u0430\u0435\u0442 \u043e\u0431\u0440\u0430\u0437\u043e\u0432\u0430\u043d\u0438\u0435, \u043a\u0430\u043a \u043d\u0430 \u043e\u0447\u043d\u043e\u043c, \u0442\u0430\u043a \u0438 \u0437\u0430\u043e\u0447\u043d\u043e\u043c \u043e\u0442\u0434\u0435\u043b\u0435\u043d\u0438\u0438\u00bb<\/a>\u00a0\u00a0(21.10.2015)<\/em><\/span><\/p>\n<p><span style=\"color: #000000;\"><a class=\"fancybox-thumb\" style=\"color: #000000;\" href=\"https:\/\/unec.edu.az\/application\/uploads\/2017\/10\/DSC_73741.jpg\" rel=\"fancybox-thumb\"><img loading=\"lazy\" decoding=\"async\" class=\"fancybox-margin alignnone wp-image-107696 \" title=\"UNEC-in qiyabi t\u0259hsil alan t\u0259l\u0259b\u0259l\u0259ri \u00fc\u00e7\u00fcn ilk: TEC yarad\u0131l\u0131b (23.10.2017)\" src=\"https:\/\/unec.edu.az\/application\/uploads\/2017\/10\/DSC_73741-236x180.jpg\" alt=\"DSC_7374\" width=\"191\" height=\"146\" \/><\/a><a class=\"fancybox-thumb\" style=\"color: #000000;\" href=\"https:\/\/unec.edu.az\/application\/uploads\/2017\/10\/DSC_73791.jpg\" rel=\"fancybox-thumb\"><img loading=\"lazy\" decoding=\"async\" class=\"fancybox-margin alignnone wp-image-107698 \" title=\"UNEC-in qiyabi t\u0259hsil alan t\u0259l\u0259b\u0259l\u0259ri \u00fc\u00e7\u00fcn ilk: TEC yarad\u0131l\u0131b (23.10.2017)\" src=\"https:\/\/unec.edu.az\/application\/uploads\/2017\/10\/DSC_73791-236x180.jpg\" alt=\"DSC_7379\" width=\"192\" height=\"146\" \/><\/a><\/span><a class=\"fancybox-thumb\" href=\"https:\/\/unec.edu.az\/application\/uploads\/2017\/10\/DSC_73901.jpg\" rel=\"fancybox-thumb\"><img loading=\"lazy\" decoding=\"async\" class=\"fancybox-margin alignnone wp-image-107701 \" title=\"UNEC-in qiyabi t\u0259hsil alan t\u0259l\u0259b\u0259l\u0259ri \u00fc\u00e7\u00fcn ilk: TEC yarad\u0131l\u0131b (23.10.2017)\" src=\"https:\/\/unec.edu.az\/application\/uploads\/2017\/10\/DSC_73901-236x180.jpg\" alt=\"DSC_7390\" width=\"192\" height=\"147\" \/><\/a><a class=\"fancybox-thumb\" href=\"https:\/\/unec.edu.az\/application\/uploads\/2015\/05\/DSC_7233.jpg\" rel=\"fancybox-thumb\"><img loading=\"lazy\" decoding=\"async\" class=\"fancybox-margin alignnone wp-image-156754 \" src=\"https:\/\/unec.edu.az\/application\/uploads\/2015\/05\/DSC_7233-236x180.jpg\" alt=\"DSC_7233\" width=\"194\" height=\"147\" \/><\/a><a class=\"fancybox-thumb\" href=\"https:\/\/unec.edu.az\/application\/uploads\/2018\/02\/DSC_7670.jpg\" rel=\"fancybox-thumb\"><img loading=\"lazy\" decoding=\"async\" class=\"fancybox-margin alignnone wp-image-118250 \" src=\"https:\/\/unec.edu.az\/application\/uploads\/2018\/02\/DSC_7670-236x180.jpg\" alt=\"DSC_7670\" width=\"191\" height=\"146\" \/><\/a><\/p>\n","protected":false},"excerpt":{"rendered":"<p>\u0414\u0438\u0440\u0435\u043a\u0442\u043e\u0440: \u0441\u0442\/\u043f\u0440. \u0422\u0430\u043d\u0440\u044b\u0432\u0435\u0440\u0434\u0438\u0435\u0432\u00a0\u0421\u0430\u0431\u0443\u0445\u0438\u00a0 \u041c\u0438\u043b\u0430\u0434\u0434\u0438\u043d \u043e\u0433\u043b\u044b \u0422\u0435\u043b\u0435\u0444\u043e\u043d: +(994)\u00a012\u00a0564-38-92 sabuhi.tanriverdiyev@unec.edu.az \u0417\u0430\u043c\u0435\u0441\u0442\u0438\u0442\u0435\u043b\u044c \u0434\u0435\u043a\u0430\u043d\u0430: \u043a.\u044d.\u043d., \u0434\u043e\u0446. \u0412\u0435\u043b\u0438\u0435\u0432 \u0413\u0430\u0431\u0438\u0431 \u041c\u0430\u043c\u0435\u0434 \u043e\u0433\u043b\u044b\u00a0 \u0422\u0435\u043b\u0435\u0444\u043e\u043d: +(994)\u00a012\u00a0564-38-92 \u0417\u0430\u043c\u0435\u0441\u0442\u0438\u0442\u0435\u043b\u044c \u0434\u0435\u043a\u0430\u043d\u0430: \u043a.\u044d.\u043d., \u0434\u043e\u0446.\u00a0\u041a\u0435\u0440\u0438\u043c\u043e\u0432\u0430 \u0422\u0430\u0440\u0430\u043d\u0430 \u0418\u0441\u0430 \u043a\u044b\u0437\u044b \u0422\u0435\u043b\u0435\u0444\u043e\u043d: +(994)\u00a012\u00a0564-38-92 \u0417\u0430\u043c\u0435\u0441\u0442\u0438\u0442\u0435\u043b\u044c \u0434\u0435\u043a\u0430\u043d\u0430: \u043a.\u044d.\u043d., \u0434\u043e\u0446. \u0410\u043a\u0431\u0435\u0440\u043e\u0432 \u0420\u043e\u0432\u0448\u0430\u043d\u00a0 \u041c\u0430\u043c\u0435\u0434 \u043e\u0433\u043b\u044b \u0422\u0435\u043b\u0435\u0444\u043e\u043d: +(994)\u00a012\u00a0564-38-92 * \u0426\u0435\u043d\u0442\u0440 \u0437\u0430\u043e\u0447\u043d\u043e\u0433\u043e \u0438 \u0434\u043e\u043f\u043e\u043b\u043d\u0438\u0442\u0435\u043b\u044c\u043d\u043e\u0433\u043e \u043e\u0431\u0440\u0430\u0437\u043e\u0432\u0430\u043d\u0438\u044f\u00a0UNEC \u2013 \u0431\u0440\u043e\u0448\u044e\u0440\u0430 \u0421\u0435\u043a\u0440\u0435\u0442\u0430\u0440\u044c \u0446\u0435\u043d\u0442\u0440\u0430 \u0437\u0430\u043e\u0447\u043d\u043e\u0433\u043e \u0438 \u0434\u043e\u043f\u043e\u043b\u043d\u0438\u0442\u0435\u043b\u044c\u043d\u043e\u0433\u043e \u043e\u0431\u0440\u0430\u0437\u043e\u0432\u0430\u043d\u0438\u044f UNEC:\u00a0\u0410\u0433\u0430\u0435\u0432\u0430 \u0420\u0435\u043d\u0430 \u0412\u0430\u0445\u0438\u0434 \u043a\u044b\u0437\u044b [&hellip;]<\/p>\n","protected":false},"author":10,"featured_media":0,"parent":401,"menu_order":0,"comment_status":"open","ping_status":"open","template":"page-templates\/3columncontent.php","meta":{"footnotes":""},"class_list":["post-7774","page","type-page","status-publish","hentry"],"_links":{"self":[{"href":"http:\/\/unec.edu.az\/ru\/wp-json\/wp\/v2\/pages\/7774","targetHints":{"allow":["GET"]}}],"collection":[{"href":"http:\/\/unec.edu.az\/ru\/wp-json\/wp\/v2\/pages"}],"about":[{"href":"http:\/\/unec.edu.az\/ru\/wp-json\/wp\/v2\/types\/page"}],"author":[{"embeddable":true,"href":"http:\/\/unec.edu.az\/ru\/wp-json\/wp\/v2\/users\/10"}],"replies":[{"embeddable":true,"href":"http:\/\/unec.edu.az\/ru\/wp-json\/wp\/v2\/comments?post=7774"}],"version-history":[{"count":61,"href":"http:\/\/unec.edu.az\/ru\/wp-json\/wp\/v2\/pages\/7774\/revisions"}],"predecessor-version":[{"id":455309,"href":"http:\/\/unec.edu.az\/ru\/wp-json\/wp\/v2\/pages\/7774\/revisions\/455309"}],"up":[{"embeddable":true,"href":"http:\/\/unec.edu.az\/ru\/wp-json\/wp\/v2\/pages\/401"}],"wp:attachment":[{"href":"http:\/\/unec.edu.az\/ru\/wp-json\/wp\/v2\/media?parent=7774"}],"curies":[{"name":"wp","href":"https:\/\/api.w.org\/{rel}","templated":true}]}}