{"id":8033,"date":"2015-02-17T16:44:25","date_gmt":"2015-02-17T12:44:25","guid":{"rendered":"http:\/\/asue.edu.az\/sosial-heyat\/telebe-teskilatlari\/telebe-hemkarlar-ittifaqi-komitesi\/"},"modified":"2024-10-15T14:29:48","modified_gmt":"2024-10-15T10:29:48","slug":"telebe-hemkarlar-ittifaqi-komitesi","status":"publish","type":"page","link":"http:\/\/unec.edu.az\/ru\/sosial-heyat\/telebe-teskilatlari\/telebe-hemkarlar-ittifaqi-komitesi\/","title":{"rendered":"\u041a\u041e\u041c\u0418\u0422\u0415\u0422 \u0421\u0422\u0423\u0414\u0415\u041d\u0427\u0415\u0421\u041a\u041e\u0413\u041e \u041f\u0420\u041e\u0424\u0415\u0421\u0421\u0418\u041e\u041d\u0410\u041b\u042c\u041d\u041e\u0413\u041e \u0421\u041e\u042e\u0417\u0410"},"content":{"rendered":"<h4><a href=\"https:\/\/unec.edu.az\/application\/uploads\/2015\/02\/hamkarlar11.jpg\"><img decoding=\"async\" class=\"alignleft wp-image-93122\" title=\"left\" src=\"https:\/\/unec.edu.az\/application\/uploads\/2015\/02\/hamkarlar11-300x291.jpg\" alt=\"hamkarlar11\" width=\"187\" height=\"182\" srcset=\"http:\/\/unec.edu.az\/application\/uploads\/2015\/02\/hamkarlar11-300x291.jpg 300w, http:\/\/unec.edu.az\/application\/uploads\/2015\/02\/hamkarlar11.jpg 453w\" sizes=\"(max-width: 187px) 100vw, 187px\" \/><\/a><\/h4>\n<h4><\/h4>\n<h4><span style=\"color: #800000;\"><a style=\"color: #800000;\" href=\"https:\/\/unec.edu.az\/ru\/telebe-hemkarlar-ittifaqi-komitesinin-sedri-ilkan-eliyev\/\"><em>\u041f\u0440\u0435\u0434\u0441\u0435\u0434\u0430\u0442\u0435\u043b\u044c \u041a\u043e\u043c\u0438\u0442\u0435\u0442\u0430 \u043f\u0440\u043e\u0444\u0441\u043e\u044e\u0437\u043d\u043e\u0439 \u043e\u0440\u0433\u0430\u043d\u0438\u0437\u0430\u0446\u0438\u0438<br \/>\n<\/em>\u0418\u043b\u044c\u043a\u0430\u043d \u0410\u043b\u0438\u0435\u0432<\/a><\/span><\/h4>\n<h4 style=\"text-align: left;\">\u00a0<em>\u00a0<span style=\"color: #000000;\">\u0422\u0435\u043b\u0435\u0444\u043e\u043d: \u00a0492-27-48<\/span><\/em><\/h4>\n<p><span style=\"color: #ffffff;\">***<\/span><\/p>\n<p><span style=\"color: #ffffff;\">**<\/span><\/p>\n<p><span style=\"color: #ffffff;\">*<\/span><\/p>\n<p><span style=\"color: #ffffff;\">**<\/span><\/p>\n<p><a class=\"fancybox-thumb\" href=\"http:\/\/unec.edu.az\/application\/uploads\/2024\/10\/hamkar030570480b8.jpeg\"><img decoding=\"async\" class=\"fancybox-margin alignnone wp-image-445010 \" title=\"UNEC-d\u0259 Kiberh\u00fccum Simulyasiyas\u0131 m\u00f6vzusunda t\u0259dbir ke\u00e7irilib (03.10.2024)\" src=\"http:\/\/unec.edu.az\/application\/uploads\/2024\/10\/hamkar030570480b8-150x150.jpeg\" alt=\"\" width=\"120\" height=\"120\" \/><\/a><a class=\"fancybox-thumb\" href=\"http:\/\/unec.edu.az\/application\/uploads\/2024\/10\/hamham466b1d1de08e6fbd42.jpeg\"><img decoding=\"async\" class=\"fancybox-margin alignnone wp-image-445017 \" title=\"UNEC-d\u0259 Kiberh\u00fccum Simulyasiyas\u0131 m\u00f6vzusunda t\u0259dbir ke\u00e7irilib (03.10.2024)\" src=\"http:\/\/unec.edu.az\/application\/uploads\/2024\/10\/hamham466b1d1de08e6fbd42-150x150.jpeg\" alt=\"\" width=\"121\" height=\"121\" \/><\/a><a class=\"fancybox-thumb\" href=\"https:\/\/unec.edu.az\/application\/uploads\/2017\/02\/1-20170131_154413.jpg\"><img loading=\"lazy\" decoding=\"async\" class=\"fancybox-margin alignnone wp-image-82885 \" title=\"Universitetl\u0259raras\u0131 intellekt birincil\u0259ri \u2013 UNEC t\u0259l\u0259b\u0259l\u0259ri (02.02.2017)\" src=\"https:\/\/unec.edu.az\/application\/uploads\/2017\/02\/1-20170131_154413-150x150.jpg\" alt=\"1-20170131_154413\" width=\"120\" height=\"120\" \/><\/a><a class=\"fancybox-thumb\" href=\"https:\/\/unec.edu.az\/application\/uploads\/2016\/11\/IMG_5845.jpg\"><img loading=\"lazy\" decoding=\"async\" class=\"fancybox-margin   alignnone wp-image-71465\" title=\"UNEC t\u0259l\u0259b\u0259l\u0259ri Milli Q\u0259hr\u0259man\u0131n ail\u0259sini ziyar\u0259t edibl\u0259r (10.11.2016)\" src=\"https:\/\/unec.edu.az\/application\/uploads\/2016\/11\/IMG_5845-150x150.jpg\" alt=\"IMG_5845\" width=\"121\" height=\"121\" \/><\/a><a class=\"fancybox-thumb\" href=\"https:\/\/unec.edu.az\/application\/uploads\/2015\/02\/proffdf302f3f2d1.jpg\"><img loading=\"lazy\" decoding=\"async\" class=\"fancybox-margin  alignnone wp-image-179140\" title=\"UNEC k\u00f6n\u00fcll\u00fcl\u0259ri &quot;Partners and Business&quot; konfrans\u0131nda t\u0259ltif olundular (04.07.2022)\" src=\"https:\/\/unec.edu.az\/application\/uploads\/2015\/02\/proffdf302f3f2d1-150x150.jpg\" alt=\"proffdf302f3f2d1\" width=\"117\" height=\"117\" \/><\/a><a class=\"fancybox-thumb\" href=\"https:\/\/unec.edu.az\/application\/uploads\/2016\/10\/IMG_5969.jpg\"><img loading=\"lazy\" decoding=\"async\" class=\"fancybox-margin alignnone wp-image-69786 \" src=\"https:\/\/unec.edu.az\/application\/uploads\/2016\/10\/IMG_5969-150x150.jpg\" alt=\"IMG_5969\" width=\"121\" height=\"121\" \/><\/a><a class=\"fancybox-thumb\" href=\"https:\/\/unec.edu.az\/application\/uploads\/2016\/05\/20160524_133925.jpg\"><img loading=\"lazy\" decoding=\"async\" class=\"fancybox-margin alignnone wp-image-54715 \" src=\"https:\/\/unec.edu.az\/application\/uploads\/2016\/05\/20160524_133925-150x150.jpg\" alt=\"20160524_133925\" width=\"121\" height=\"121\" \/><\/a><\/p>\n","protected":false},"excerpt":{"rendered":"<p>\u041f\u0440\u0435\u0434\u0441\u0435\u0434\u0430\u0442\u0435\u043b\u044c \u041a\u043e\u043c\u0438\u0442\u0435\u0442\u0430 \u043f\u0440\u043e\u0444\u0441\u043e\u044e\u0437\u043d\u043e\u0439 \u043e\u0440\u0433\u0430\u043d\u0438\u0437\u0430\u0446\u0438\u0438 \u0418\u043b\u044c\u043a\u0430\u043d \u0410\u043b\u0438\u0435\u0432 \u00a0\u00a0\u0422\u0435\u043b\u0435\u0444\u043e\u043d: \u00a0492-27-48 *** ** * **<\/p>\n","protected":false},"author":10,"featured_media":0,"parent":7839,"menu_order":3,"comment_status":"open","ping_status":"open","template":"page-templates\/3columncontent.php","meta":{"footnotes":""},"class_list":["post-8033","page","type-page","status-publish","hentry"],"_links":{"self":[{"href":"http:\/\/unec.edu.az\/ru\/wp-json\/wp\/v2\/pages\/8033","targetHints":{"allow":["GET"]}}],"collection":[{"href":"http:\/\/unec.edu.az\/ru\/wp-json\/wp\/v2\/pages"}],"about":[{"href":"http:\/\/unec.edu.az\/ru\/wp-json\/wp\/v2\/types\/page"}],"author":[{"embeddable":true,"href":"http:\/\/unec.edu.az\/ru\/wp-json\/wp\/v2\/users\/10"}],"replies":[{"embeddable":true,"href":"http:\/\/unec.edu.az\/ru\/wp-json\/wp\/v2\/comments?post=8033"}],"version-history":[{"count":50,"href":"http:\/\/unec.edu.az\/ru\/wp-json\/wp\/v2\/pages\/8033\/revisions"}],"predecessor-version":[{"id":446862,"href":"http:\/\/unec.edu.az\/ru\/wp-json\/wp\/v2\/pages\/8033\/revisions\/446862"}],"up":[{"embeddable":true,"href":"http:\/\/unec.edu.az\/ru\/wp-json\/wp\/v2\/pages\/7839"}],"wp:attachment":[{"href":"http:\/\/unec.edu.az\/ru\/wp-json\/wp\/v2\/media?parent=8033"}],"curies":[{"name":"wp","href":"https:\/\/api.w.org\/{rel}","templated":true}]}}