{"id":8042,"date":"2015-02-17T16:45:39","date_gmt":"2015-02-17T12:45:39","guid":{"rendered":"http:\/\/asue.edu.az\/sosial-heyat\/telebe-teskilatlari\/iqtisadci-telebelere-destek-ictimai-birliiyi\/"},"modified":"2024-10-17T15:06:24","modified_gmt":"2024-10-17T11:06:24","slug":"iqtisadci-telebelere-destek-ictimai-birliiyi","status":"publish","type":"page","link":"http:\/\/unec.edu.az\/ru\/sosial-heyat\/telebe-teskilatlari\/iqtisadci-telebelere-destek-ictimai-birliiyi\/","title":{"rendered":"\u041e\u0411\u0429\u0415\u0421\u0422\u0412\u0415\u041d\u041d\u041e\u0415 \u041e\u0411\u042a\u0415\u0414\u0418\u041d\u0415\u041d\u0418\u0415 &#171;\u041f\u041e\u0414\u0414\u0415\u0420\u0416\u041a\u0410 \u0421\u0422\u0423\u0414\u0415\u041d\u0422\u0410\u041c-\u042d\u041a\u041e\u041d\u041e\u041c\u0418\u0421\u0422\u0410\u041c"},"content":{"rendered":"<h4 style=\"text-align: left;\"><span style=\"color: #800000;\">\u00a0<\/span><\/h4>\n<h4><a href=\"http:\/\/unec.edu.az\/application\/uploads\/2024\/06\/cafari24.jpg\"><img fetchpriority=\"high\" decoding=\"async\" class=\"alignleft wp-image-439996 \" title=\"left\" src=\"http:\/\/unec.edu.az\/application\/uploads\/2024\/06\/cafari24-300x285.jpg\" sizes=\"(max-width: 242px) 100vw, 242px\" srcset=\"https:\/\/unec.edu.az\/application\/uploads\/2024\/06\/cafari24-300x285.jpg 300w, https:\/\/unec.edu.az\/application\/uploads\/2024\/06\/cafari24.jpg 440w\" alt=\"\" width=\"242\" height=\"230\" \/><\/a><\/h4>\n<h4><\/h4>\n<h4><span style=\"color: #800000;\">\u041f\u0440\u0435\u0434\u0441\u0435\u0434\u0430\u0442\u0435\u043b\u044c \u0447\u043b\u0435\u043d\u043e\u0432 \u043e\u0431\u044a\u0435\u0434\u0438\u043d\u0435\u043d\u0438\u044f UNEC<br \/>\n\u0414\u0436\u0430\u0444\u0430\u0440\u0438\u0441\u0430\u0434\u0438\u0433 \u0418\u0431\u0440\u0430\u0433\u0438\u043c\u043e\u0432<\/span><\/h4>\n<h4 style=\"text-align: left;\"><\/h4>\n<p><span style=\"color: #ffffff;\"><a style=\"color: #ffffff;\" href=\"https:\/\/unec.edu.az\/ru\/unec-telebelerinden-ailelere-kitab-sovqati\/\">\u00a0<\/a><\/span><\/p>\n<p><span style=\"color: #000000;\"><em><a style=\"color: #333333;\" href=\"https:\/\/unec.edu.az\/ru\/unec-telebelerinin-unudulmaz-bayram-sovqati\/\">\u041d\u0435\u0437\u0430\u0431\u044b\u0432\u0430\u0435\u043c\u044b\u0439 \u043f\u0440\u0430\u0437\u0434\u043d\u0438\u0447\u043d\u044b\u0439 \u043f\u043e\u0434\u0430\u0440\u043e\u043a \u0441\u0442\u0443\u0434\u0435\u043d\u0442\u043e\u0432 UNEC<\/a>\u00a0(27.03.2018)<br \/>\n<\/em><\/span><em><a style=\"color: #333333;\" href=\"https:\/\/unec.edu.az\/ru\/unec-telebelerinden-cocuq-mercanliya-qeyri-adi-novruz-sovqati\/\">\u041d\u0435\u043e\u0431\u044b\u0447\u043d\u044b\u0439 \u043f\u043e\u0434\u0430\u0440\u043e\u043a \u0414\u0436\u043e\u0434\u0436\u0443\u0433 \u041c\u0430\u0440\u0434\u0436\u0430\u043d\u043b\u044b \u0432 \u043f\u0440\u0430\u0437\u0434\u043d\u0438\u043a \u041d\u043e\u0432\u0440\u0443\u0437 \u043e\u0442 \u0441\u0442\u0443\u0434\u0435\u043d\u0442\u043e\u0432 UNEC<\/a>\u00a0(19.03.2018)<br \/>\n<\/em><em><a style=\"color: #333333;\" href=\"https:\/\/unec.edu.az\/ru\/iqtisadci-telebelere-destek-ictimai-birliyi-rus-iqtisad-mektebinde\/\">\u041e\u0431\u0449\u0435\u0441\u0442\u0432\u0435\u043d\u043d\u043e\u0435 \u043e\u0431\u044a\u0435\u0434\u0438\u043d\u0435\u043d\u0438\u0435 \u00ab\u041f\u043e\u0434\u0434\u0435\u0440\u0436\u043a\u0430 \u0441\u0442\u0443\u0434\u0435\u043d\u0442\u043e\u0432-\u044d\u043a\u043e\u043d\u043e\u043c\u0438\u0441\u0442\u043e\u0432\u00bb \u0432 \u0420\u0443\u0441\u0441\u043a\u043e\u0439 \u044d\u043a\u043e\u043d\u043e\u043c\u0438\u0447\u0435\u0441\u043a\u043e\u0439 \u0448\u043a\u043e\u043b\u0435<\/a>\u00a0(07.03.2018)<\/em><em><br \/>\n\u0421\u043e\u0432\u043c\u0435\u0441\u0442\u043d\u044b\u0439 \u043f\u0440\u043e\u0435\u043a\u0442 \u0441\u0442\u0443\u0434\u0435\u043d\u0442\u043e\u0432 UNEC \u0438 \u0443\u043d\u0438\u0432\u0435\u0440\u0441\u0438\u0442\u0435\u0442\u0430 \u041e\u043d \u0434\u043e\u043a\u0443\u0437 \u043c\u0430\u0439\u044b\u0441\u00a0(12.05.2017)<br \/>\n<a style=\"color: #000000;\" href=\"https:\/\/unec.edu.az\/ru\/unec-telebeleri-kitab-sergisinde\/\">\u0421\u0442\u0443\u0434\u0435\u043d\u0442\u044b UNEC \u043d\u0430 \u0432\u044b\u0441\u0442\u0430\u0432\u043a\u0435 \u043a\u043d\u0438\u0433 (31.03.2017)<br \/>\n<\/a><a style=\"color: #000000;\" href=\"https:\/\/unec.edu.az\/ru\/unec-telebelerinden-ailelere-kitab-sovqati\/\">\u041a\u043d\u0438\u0436\u043d\u044b\u0439 \u043f\u043e\u0434\u0430\u0440\u043e\u043a \u043e\u0442 \u0441\u0442\u0443\u0434\u0435\u043d\u0442\u043e\u0432 UNEC<\/a>\u00a0(17.03.2017)<br \/>\n<a style=\"color: #000000;\" href=\"https:\/\/unec.edu.az\/ru\/unec-telebelerinden-qeyri-adi-novruz-sovqati\/\">\u041d\u0435\u043e\u0431\u044b\u0447\u043d\u044b\u0439 \u041d\u043e\u0432\u0440\u0443\u0437\u043e\u0432\u0441\u043a\u0438\u0439 \u043f\u043e\u0434\u0430\u0440\u043e\u043a \u0441\u0442\u0443\u0434\u0435\u043d\u0442\u043e\u0432 UNEC <\/a>(13.03.2017)<br \/>\n<a style=\"color: #000000;\" href=\"https:\/\/unec.edu.az\/ru\/unec-den-qeydi-adi-novruz-sovqati\/\">\u041d\u0435\u043e\u0431\u044b\u0447\u043d\u044b\u0439 \u043d\u043e\u0432\u0440\u0443\u0437\u043e\u0432\u0441\u043a\u0438\u0439 \u043f\u043e\u0434\u0430\u0440\u043e\u043a \u043e\u0442 UNEC <\/a>(22.02.2017)<br \/>\n<a style=\"color: #000000;\" href=\"https:\/\/unec.edu.az\/ru\/telebe-teskilatlari-imtahanlari-izleyecekler\/\">\u0421\u0442\u0443\u0434\u0435\u043d\u0447\u0435\u0441\u043a\u0438\u0435 \u043e\u0440\u0433\u0430\u043d\u0438\u0437\u0430\u0446\u0438\u0438 \u0431\u0443\u0434\u0443\u0442 \u043d\u0430\u0431\u043b\u044e\u0434\u0430\u0442\u044c \u0437\u0430 \u043f\u0440\u043e\u0446\u0435\u0441\u0441\u043e\u043c \u044d\u043a\u0437\u0430\u043c\u0435\u043d\u043e\u0432<\/a>\u00a0(01.11.2017)<br \/>\n<a style=\"color: #000000;\" href=\"https:\/\/unec.edu.az\/ru\/unec-de-aksiya-qan-ver-heyat-xilas-et\/\">\u0412 UNEC \u0430\u043a\u0446\u0438\u044f: \u201c\u0421\u0434\u0430\u0439 \u043a\u0440\u043e\u0432\u044c \u2013 \u0441\u043f\u0430\u0441\u0438 \u0436\u0438\u0437\u043d\u044c!\u201d <\/a>(30.11.2016)<br \/>\n<a style=\"color: #000000;\" href=\"https:\/\/unec.edu.az\/ru\/kitab-at-konulluleri-mukafatlandirilib\/\">\u041d\u0430\u0433\u0440\u0430\u0436\u0434\u0435\u043d\u044b \u0434\u043e\u0431\u0440\u043e\u0432\u043e\u043b\u044c\u0446\u044b \u201cKitab At!\u201d <\/a>(26.05.2016)<br \/>\n<a style=\"color: #000000;\" href=\"https:\/\/unec.edu.az\/ru\/unec-telebelerinden-ferqli-novruz-sovqati\/\">\u041d\u0435\u043e\u0431\u044b\u0447\u043d\u044b\u0435 \u043d\u043e\u0432\u0440\u0443\u0437\u043e\u0432\u0441\u043a\u0438\u0435 \u043f\u043e\u0434\u0430\u0440\u043a\u0438 \u043e\u0442 \u0441\u0442\u0443\u0434\u0435\u043d\u0442\u043e\u0432 UNEC <\/a>(17.03.2016)<br \/>\n<a style=\"color: #000000;\" href=\"https:\/\/unec.edu.az\/ru\/taninmis-yazici-unec-in-qonagi-olub\/\">\u0418\u0437\u0432\u0435\u0441\u0442\u043d\u044b\u0439 \u043f\u0438\u0441\u0430\u0442\u0435\u043b\u044c \u0431\u044b\u043b \u0432 \u0433\u043e\u0441\u0442\u044f\u0445 \u0432 UNEC<\/a>\u00a0\u00a0(08.10.2015)<\/em><\/p>\n<p><a class=\"fancybox-thumb\" href=\"http:\/\/unec.edu.az\/application\/uploads\/2024\/06\/G60A7634-1-scaled.jpg\"><img decoding=\"async\" class=\"fancybox-margin alignnone wp-image-439856 \" src=\"http:\/\/unec.edu.az\/application\/uploads\/2024\/06\/G60A7634-1-236x180.jpg\" alt=\"\" width=\"173\" height=\"132\" \/><\/a><a class=\"fancybox-thumb\" href=\"https:\/\/unec.edu.az\/application\/uploads\/2017\/03\/YAPL0395.jpg\" rel=\"fancybox-thumb\">\u00a0<\/a><a class=\"fancybox-thumb\" href=\"http:\/\/unec.edu.az\/application\/uploads\/2024\/06\/G60A7627-1-scaled.jpg\"><img decoding=\"async\" class=\"fancybox-margin alignnone wp-image-439853 \" src=\"http:\/\/unec.edu.az\/application\/uploads\/2024\/06\/G60A7627-1-236x180.jpg\" alt=\"\" width=\"172\" height=\"131\" \/><\/a><a class=\"fancybox-thumb\" href=\"https:\/\/unec.edu.az\/application\/uploads\/2017\/01\/radio11_115603.jpg\"><img loading=\"lazy\" decoding=\"async\" class=\"fancybox-margin alignnone wp-image-79815 \" title=\"T\u0259l\u0259b\u0259 t\u0259\u015fkilatlar\u0131n\u0131n r\u0259hb\u0259rl\u0259ri imtahanlar\u0131 m\u00fczakir\u0259 etdil\u0259r (11.01.2017)\" src=\"https:\/\/unec.edu.az\/application\/uploads\/2017\/01\/radio11_115603-236x180.jpg\" alt=\"radio11_115603\" width=\"151\" height=\"115\" \/><\/a><a class=\"fancybox-thumb\" href=\"https:\/\/unec.edu.az\/application\/uploads\/2016\/03\/DSC_3588.jpg\"><img loading=\"lazy\" decoding=\"async\" class=\"fancybox-margin alignnone wp-image-46226 \" title=\"UNEC t\u0259l\u0259b\u0259l\u0259rind\u0259n f\u0259rqli Novruz sovqat\u0131 (17.03.2016)\" src=\"https:\/\/unec.edu.az\/application\/uploads\/2016\/03\/DSC_3588-236x180.jpg\" alt=\"DSC_3588\" width=\"153\" height=\"117\" \/><\/a><a class=\"fancybox-thumb\" href=\"https:\/\/unec.edu.az\/application\/uploads\/2016\/05\/DSC_1345.jpg\"><img loading=\"lazy\" decoding=\"async\" class=\"fancybox-margin alignnone wp-image-54976 \" title=\"\u201cKitab At!\u201d k\u00f6n\u00fcll\u00fcl\u0259ri m\u00fckafatland\u0131r\u0131l\u0131b (26.05.2016)\" src=\"https:\/\/unec.edu.az\/application\/uploads\/2016\/05\/DSC_1345-236x180.jpg\" alt=\"DSC_1345\" width=\"152\" height=\"116\" \/><\/a><a class=\"fancybox-thumb\" href=\"https:\/\/unec.edu.az\/application\/uploads\/2016\/05\/DSC_1350.jpg\"><img loading=\"lazy\" decoding=\"async\" class=\"fancybox-margin alignnone wp-image-54978 \" title=\"\u201cKitab At!\u201d k\u00f6n\u00fcll\u00fcl\u0259ri m\u00fckafatland\u0131r\u0131l\u0131b (26.05.2016)\" src=\"https:\/\/unec.edu.az\/application\/uploads\/2016\/05\/DSC_1350-236x180.jpg\" alt=\"DSC_1350\" width=\"154\" height=\"117\" \/><\/a><\/p>\n","protected":false},"excerpt":{"rendered":"<p>\u00a0 \u041f\u0440\u0435\u0434\u0441\u0435\u0434\u0430\u0442\u0435\u043b\u044c \u0447\u043b\u0435\u043d\u043e\u0432 \u043e\u0431\u044a\u0435\u0434\u0438\u043d\u0435\u043d\u0438\u044f UNEC \u0414\u0436\u0430\u0444\u0430\u0440\u0438\u0441\u0430\u0434\u0438\u0433 \u0418\u0431\u0440\u0430\u0433\u0438\u043c\u043e\u0432 \u00a0 \u041d\u0435\u0437\u0430\u0431\u044b\u0432\u0430\u0435\u043c\u044b\u0439 \u043f\u0440\u0430\u0437\u0434\u043d\u0438\u0447\u043d\u044b\u0439 \u043f\u043e\u0434\u0430\u0440\u043e\u043a \u0441\u0442\u0443\u0434\u0435\u043d\u0442\u043e\u0432 UNEC\u00a0(27.03.2018) \u041d\u0435\u043e\u0431\u044b\u0447\u043d\u044b\u0439 \u043f\u043e\u0434\u0430\u0440\u043e\u043a \u0414\u0436\u043e\u0434\u0436\u0443\u0433 \u041c\u0430\u0440\u0434\u0436\u0430\u043d\u043b\u044b \u0432 \u043f\u0440\u0430\u0437\u0434\u043d\u0438\u043a \u041d\u043e\u0432\u0440\u0443\u0437 \u043e\u0442 \u0441\u0442\u0443\u0434\u0435\u043d\u0442\u043e\u0432 UNEC\u00a0(19.03.2018) \u041e\u0431\u0449\u0435\u0441\u0442\u0432\u0435\u043d\u043d\u043e\u0435 \u043e\u0431\u044a\u0435\u0434\u0438\u043d\u0435\u043d\u0438\u0435 \u00ab\u041f\u043e\u0434\u0434\u0435\u0440\u0436\u043a\u0430 \u0441\u0442\u0443\u0434\u0435\u043d\u0442\u043e\u0432-\u044d\u043a\u043e\u043d\u043e\u043c\u0438\u0441\u0442\u043e\u0432\u00bb \u0432 \u0420\u0443\u0441\u0441\u043a\u043e\u0439 \u044d\u043a\u043e\u043d\u043e\u043c\u0438\u0447\u0435\u0441\u043a\u043e\u0439 \u0448\u043a\u043e\u043b\u0435\u00a0(07.03.2018) \u0421\u043e\u0432\u043c\u0435\u0441\u0442\u043d\u044b\u0439 \u043f\u0440\u043e\u0435\u043a\u0442 \u0441\u0442\u0443\u0434\u0435\u043d\u0442\u043e\u0432 UNEC \u0438 \u0443\u043d\u0438\u0432\u0435\u0440\u0441\u0438\u0442\u0435\u0442\u0430 \u041e\u043d \u0434\u043e\u043a\u0443\u0437 \u043c\u0430\u0439\u044b\u0441\u00a0(12.05.2017) \u0421\u0442\u0443\u0434\u0435\u043d\u0442\u044b UNEC \u043d\u0430 \u0432\u044b\u0441\u0442\u0430\u0432\u043a\u0435 \u043a\u043d\u0438\u0433 (31.03.2017) \u041a\u043d\u0438\u0436\u043d\u044b\u0439 \u043f\u043e\u0434\u0430\u0440\u043e\u043a \u043e\u0442 \u0441\u0442\u0443\u0434\u0435\u043d\u0442\u043e\u0432 UNEC\u00a0(17.03.2017) \u041d\u0435\u043e\u0431\u044b\u0447\u043d\u044b\u0439 \u041d\u043e\u0432\u0440\u0443\u0437\u043e\u0432\u0441\u043a\u0438\u0439 \u043f\u043e\u0434\u0430\u0440\u043e\u043a \u0441\u0442\u0443\u0434\u0435\u043d\u0442\u043e\u0432 [&hellip;]<\/p>\n","protected":false},"author":10,"featured_media":0,"parent":7839,"menu_order":4,"comment_status":"open","ping_status":"open","template":"page-templates\/3columncontent.php","meta":{"footnotes":""},"class_list":["post-8042","page","type-page","status-publish","hentry"],"_links":{"self":[{"href":"http:\/\/unec.edu.az\/ru\/wp-json\/wp\/v2\/pages\/8042","targetHints":{"allow":["GET"]}}],"collection":[{"href":"http:\/\/unec.edu.az\/ru\/wp-json\/wp\/v2\/pages"}],"about":[{"href":"http:\/\/unec.edu.az\/ru\/wp-json\/wp\/v2\/types\/page"}],"author":[{"embeddable":true,"href":"http:\/\/unec.edu.az\/ru\/wp-json\/wp\/v2\/users\/10"}],"replies":[{"embeddable":true,"href":"http:\/\/unec.edu.az\/ru\/wp-json\/wp\/v2\/comments?post=8042"}],"version-history":[{"count":35,"href":"http:\/\/unec.edu.az\/ru\/wp-json\/wp\/v2\/pages\/8042\/revisions"}],"predecessor-version":[{"id":440125,"href":"http:\/\/unec.edu.az\/ru\/wp-json\/wp\/v2\/pages\/8042\/revisions\/440125"}],"up":[{"embeddable":true,"href":"http:\/\/unec.edu.az\/ru\/wp-json\/wp\/v2\/pages\/7839"}],"wp:attachment":[{"href":"http:\/\/unec.edu.az\/ru\/wp-json\/wp\/v2\/media?parent=8042"}],"curies":[{"name":"wp","href":"https:\/\/api.w.org\/{rel}","templated":true}]}}