{"id":9335,"date":"2015-02-12T15:36:28","date_gmt":"2015-02-12T11:36:28","guid":{"rendered":"http:\/\/asue.edu.az\/education\/bachelor\/2049-2\/"},"modified":"2025-09-23T11:08:31","modified_gmt":"2025-09-23T07:08:31","slug":"2049-2","status":"publish","type":"page","link":"http:\/\/unec.edu.az\/ru\/education\/bachelor\/2049-2\/","title":{"rendered":"\u0424\u0410\u041a\u0423\u041b\u042c\u0422\u0415\u0422 \u042d\u041a\u041e\u041d\u041e\u041c\u0418\u041a\u0418 \u0418 \u0423\u041f\u0420\u0410\u0412\u041b\u0415\u041d\u0418\u042f"},"content":{"rendered":"<h4><\/h4>\n<table style=\"height: 61px; width: 97.0239%;\" width=\"710\">\n<tbody>\n<tr style=\"height: 61px;\">\n<td style=\"width: 35.502%; height: 61px;\">\n<h4><span style=\"color: #800000;\"><a style=\"color: #800000;\" href=\"https:\/\/unec.edu.az\/\/ru\/i-e-n-eyvazov-elcin-tehmez-oglu\/\">\u0414\u0435\u043a\u0430\u043d:\u00a0\u0434.\u0444.\u043d. \u0434\u043e\u0446. \u042d\u0439\u0432\u0430\u0437\u043e\u0432 \u042d\u043b\u044c\u0447\u0438\u043d \u0422\u0430\u0445\u043c\u0430\u0437<\/a><\/span><\/h4>\n<h4><span style=\"color: #000000;\"><em>\u0422\u0435\u043b\u0435\u0444\u043e\u043d: +(994) 12\u00a0564-67-85<br \/>\n<\/em><em>\u0410\u0434\u0440\u0435\u0441: \u0413\u0430\u0441\u0430\u043d \u0410\u043b\u0438\u0435\u0432 135<br \/>\n<\/em><em>iqt@unec.edu.az\u00a0<\/em><\/span><\/h4>\n<\/td>\n<td style=\"width: 24.5228%; height: 61px;\">\n<h4><span style=\"color: #800000;\"><a style=\"color: #800000;\" href=\"https:\/\/unec.edu.az\/ru\/i-e-n-dos-eliyev-musrevan-eli-oglu\/\">\u0417\u0430<\/a><\/span><span style=\"color: #800000;\"><a style=\"color: #800000;\" href=\"https:\/\/unec.edu.az\/ru\/i-e-n-dos-eliyev-musrevan-eli-oglu\/\">\u043c. \u0434\u0435\u043a\u0430\u043d\u0430:<\/a><br \/>\n<a style=\"color: #800000;\" href=\"https:\/\/unec.edu.az\/ru\/i-e-n-dos-eliyev-musrevan-eli-oglu\/\">\u043a.\u044d.\u043d,\u0434\u043e\u0446.<\/a><a style=\"color: #800000;\" href=\"https:\/\/unec.edu.az\/ru\/i-e-n-dos-eliyev-musrevan-eli-oglu\/\">\u0410\u043b\u0438\u0435\u0432 \u041c\u0443\u0448\u0440\u0430\u0432\u0430\u043d \u0410\u043b\u0438 <\/a><\/span><\/h4>\n<h4><span style=\"color: #000000;\"><em>\u0422\u0435\u043b\u0435\u0444\u043e\u043d:<br \/>\n+(994) 12\u00a0564-67-85<br \/>\nmushravan.aliyev@unec.edu.az<\/em><\/span><\/h4>\n<\/td>\n<td style=\"width: 21.027%;\">\n<h4><span style=\"color: #800000;\">\u0417\u0430\u043c \u0434\u0435\u043a\u0430\u043d\u0430:<\/span><br \/>\n<span style=\"color: #800000;\">\u043a.\u044d.\u043d., \u0434\u043e\u0446. \u041a\u0435\u0440\u0438\u043c\u0437\u0430\u0434\u0435 \u041c\u0435\u0445\u0440\u0438\u0431\u0430\u043d \u0412\u0430\u0433\u0438\u0444<\/span><\/h4>\n<h4><span style=\"color: #000000;\"><em>\u0422\u0435\u043b\u0435\u0444\u043e\u043d:<\/em><\/span><br \/>\n<span style=\"color: #000000;\"><em>+(994) 12\u00a0564-67-85<br \/>\n<\/em><em>______<\/em><em>@unec.edu.az<\/em><\/span><\/h4>\n<h4><span style=\"color: #800000;\">\u00a0<\/span><\/h4>\n<\/td>\n<td style=\"width: 11.5931%; height: 61px;\">\n<h4><span style=\"color: #800000;\">\u0417\u0430\u043c.\u0434\u0435\u043a\u0430\u043d\u0430:<br \/>\n<a style=\"color: #800000;\" href=\"https:\/\/unec.edu.az\/ru\/murselov-rahim-sirqazi\/\">\u0441\u0442\/\u043f\u0440\u0435\u043f. \u041c\u0443\u0440\u0441\u0430\u043b\u043e\u0432 \u00a0\u0420\u0430\u0433\u0438\u043c\u00a0\u0428\u0438\u0440\u0433\u0430\u0437\u0438<\/a><br \/>\n<\/span><\/h4>\n<h4><span style=\"color: #000000;\"><em>\u0422\u0435\u043b\u0435\u0444\u043e\u043d:<br \/>\n<\/em><em>+(994) 12\u00a0564-38-53<br \/>\n<\/em><em>rahim_mursalov@unec.edu.az<\/em><\/span><\/h4>\n<\/td>\n<\/tr>\n<\/tbody>\n<\/table>\n<h4><\/h4>\n<h4 style=\"text-align: left;\"><span style=\"color: #800000;\"><a style=\"color: #800000;\" href=\"https:\/\/unec.edu.az\/ru\/semedov-perviz-hebib\/\">\u0421\u0415\u041a\u0420\u0415\u0422\u0410\u0420\u042c \u0424\u0410\u041a\u0423\u041b\u042c\u0422\u0415\u0422\u0410 \u2013 \u0421\u0430\u043c\u0435\u0434\u043e\u0432 \u041f\u0430\u0440\u0432\u0438\u0437 \u0413\u0430\u0431\u0438\u0431<\/a><\/span><\/h4>\n<h4><span style=\"color: #333333;\">\u0422\u0435\u043b\u0435\u0444\u043e\u043d:\u00a0 564-37-99<\/span><\/h4>\n<p><a class=\"fancybox-thumb\" href=\"http:\/\/unec.edu.az\/application\/uploads\/2024\/09\/iqtttd5910957473c2c.jpeg\"><img decoding=\"async\" class=\"fancybox-margin alignnone wp-image-443709 size-thumbnail\" title=\"\u0130qtisadiyyat v\u0259 idar\u0259etm\u0259 fak\u00fclt\u0259si \u00fczr\u0259 \u0259n y\u00fcks\u0259k n\u0259tic\u0259 628.8 bal olub (23.09.2024)\" src=\"http:\/\/unec.edu.az\/application\/uploads\/2024\/09\/iqtttd5910957473c2c-150x150.jpeg\" alt=\"\" width=\"150\" height=\"150\" \/><\/a><a class=\"fancybox-thumb\" href=\"http:\/\/unec.edu.az\/application\/uploads\/2024\/09\/iqtttf0e50181f612935.jpeg\"><img decoding=\"async\" class=\"fancybox-margin alignnone wp-image-443699 size-thumbnail\" title=\"\u0130qtisadiyyat v\u0259 idar\u0259etm\u0259 fak\u00fclt\u0259si \u00fczr\u0259 \u0259n y\u00fcks\u0259k n\u0259tic\u0259 628.8 bal olub (23.09.2024)\" src=\"http:\/\/unec.edu.az\/application\/uploads\/2024\/09\/iqtttf0e50181f612935-150x150.jpeg\" alt=\"\" width=\"150\" height=\"150\" \/><\/a><a class=\"fancybox-thumb\" href=\"http:\/\/unec.edu.az\/application\/uploads\/2024\/09\/iqttta8cbea98addae11.jpeg\"><img decoding=\"async\" class=\"fancybox-margin alignnone wp-image-443703 size-thumbnail\" title=\"\u0130qtisadiyyat v\u0259 idar\u0259etm\u0259 fak\u00fclt\u0259si \u00fczr\u0259 \u0259n y\u00fcks\u0259k n\u0259tic\u0259 628.8 bal olub (23.09.2024)\" src=\"http:\/\/unec.edu.az\/application\/uploads\/2024\/09\/iqttta8cbea98addae11-150x150.jpeg\" alt=\"\" width=\"150\" height=\"150\" \/><\/a><a class=\"fancybox-thumb\" href=\"http:\/\/unec.edu.az\/application\/uploads\/2024\/09\/ittt8fb9232cc1818b11.jpeg\"><img loading=\"lazy\" decoding=\"async\" class=\"fancybox-margin alignnone wp-image-443706 size-thumbnail\" src=\"http:\/\/unec.edu.az\/application\/uploads\/2024\/09\/ittt8fb9232cc1818b11-150x150.jpeg\" alt=\"\" width=\"150\" height=\"150\" \/><\/a><a class=\"fancybox-thumb\" href=\"https:\/\/unec.edu.az\/application\/uploads\/2015\/02\/35.jpg\"><img loading=\"lazy\" decoding=\"async\" class=\"fancybox-margin alignnone wp-image-104060 size-thumbnail\" src=\"https:\/\/unec.edu.az\/application\/uploads\/2015\/02\/35-150x150.jpg\" alt=\"3\" width=\"150\" height=\"150\" \/><\/a><a class=\"fancybox-thumb\" href=\"https:\/\/unec.edu.az\/application\/uploads\/2017\/04\/18053250_740966089415966_139095589_o.jpg\"><img loading=\"lazy\" decoding=\"async\" class=\"fancybox-margin alignnone wp-image-91533 size-thumbnail\" title=\"Az\u0259rbaycan \u0130slam d\u00fcnyas\u0131n\u0131n bar\u0131\u015fd\u0131r\u0131c\u0131 q\u00fcvv\u0259sidir (21.04.2017)\" src=\"https:\/\/unec.edu.az\/application\/uploads\/2017\/04\/18053250_740966089415966_139095589_o-150x150.jpg\" alt=\"18053250_740966089415966_139095589_o\" width=\"150\" height=\"150\" \/><\/a><\/p>\n<h4 id=\"tw-target-text\" class=\"tw-data-text tw-text-large tw-ta\" dir=\"ltr\" data-placeholder=\"\u041f\u0435\u0440\u0435\u0432\u043e\u0434\" data-ved=\"2ahUKEwi6-Nzek4OJAxVz3QIHHdLDAq0Q3ewLegQIBxAU\" aria-label=\"\u041f\u0435\u0440\u0435\u0432\u0435\u0434\u0435\u043d\u043d\u044b\u0439 \u0442\u0435\u043a\u0441\u0442: \u041d\u043e\u0432\u043e\u0441\u0442\u0438 \u044d\u043a\u043e\u043d\u043e\u043c\u0438\u0447\u0435\u0441\u043a\u043e\u0433\u043e \u0444\u0430\u043a\u0443\u043b\u044c\u0442\u0435\u0442\u0430 (2015 \u2013 2018)\"><span style=\"color: #000080;\"><em><a style=\"color: #000080;\" href=\"https:\/\/unec.edu.az\/ru\/%d0%bd%d0%be%d0%b2%d0%be%d1%81%d1%82%d0%b8-%d1%84%d0%b0%d0%ba%d1%83%d0%bb%d1%8c%d1%82%d0%b5%d1%82%d0%b0-%d1%8d%d0%ba%d0%be%d0%bd%d0%be%d0%bc%d0%b8%d0%ba%d0%b8-%d0%b8-%d1%83%d0%bf%d1%80%d0%b0%d0%b2\/\"><span class=\"Y2IQFc\" lang=\"ru\">\u041d\u043e\u0432\u043e\u0441\u0442\u0438 \u0444\u0430\u043a\u0443\u043b\u044c\u0442\u0435\u0442\u0430 \u044d\u043a\u043e\u043d\u043e\u043c\u0438\u043a\u0438 \u0438 \u0443\u043f\u0440\u0430\u0432\u043b\u0435\u043d\u0438\u044f (2015 \u2013 2018)<\/span><\/a><\/em><\/span><\/h4>\n<p><em><a class=\"fancybox-thumb\" href=\"https:\/\/unec.edu.az\/application\/uploads\/2017\/06\/DSC_2132.jpg\"><img loading=\"lazy\" decoding=\"async\" class=\"fancybox-margin alignnone wp-image-100095 size-thumbnail\" title=\"\u201cUNEC m\u0259zunlar\u0131 Az\u0259rbaycan iqtisadiyyat\u0131na misilsiz t\u00f6hf\u0259l\u0259r ver\u0259c\u0259k\u201d (30.06.2017)\" src=\"https:\/\/unec.edu.az\/application\/uploads\/2017\/06\/DSC_2132-150x150.jpg\" alt=\"DSC_2132\" width=\"150\" height=\"150\" \/><\/a><a class=\"fancybox-thumb\" href=\"https:\/\/unec.edu.az\/application\/uploads\/2016\/11\/15133927_1191876147527103_1389541564_o.jpg\"><img loading=\"lazy\" decoding=\"async\" class=\"fancybox-margin alignnone wp-image-72865 size-thumbnail\" title=\"\u201cCaspian Ecology\u201d 7-ci Az\u0259rbaycan Beyn\u0259lxalq \u018ftraf M\u00fchit s\u0259rgisind\u0259\" src=\"https:\/\/unec.edu.az\/application\/uploads\/2016\/11\/15133927_1191876147527103_1389541564_o-150x150.jpg\" alt=\"15133927_1191876147527103_1389541564_o\" width=\"150\" height=\"150\" \/><\/a><a class=\"fancybox-thumb\" href=\"https:\/\/unec.edu.az\/application\/uploads\/2015\/01\/bbDSC_0005-1024x687.jpg\"><img loading=\"lazy\" decoding=\"async\" class=\"fancybox-margin alignnone wp-image-28497 size-thumbnail\" src=\"https:\/\/unec.edu.az\/application\/uploads\/2015\/01\/bbDSC_0005-1024x687-150x150.jpg\" alt=\"bbDSC_0005-1024x687\" width=\"150\" height=\"150\" \/><\/a><a class=\"fancybox-thumb\" href=\"https:\/\/unec.edu.az\/application\/uploads\/2015\/02\/36.jpg\"><img loading=\"lazy\" decoding=\"async\" class=\"fancybox-margin alignnone wp-image-104955 size-thumbnail\" title=\"Bak\u0131 \u0130dman Saray\u0131nda ke\u00e7iril\u0259n V Bak\u0131 Beyn\u0259lxalq Kitab-S\u0259rgi Yarmarkas\u0131nda (28.09.2017)\" src=\"https:\/\/unec.edu.az\/application\/uploads\/2015\/02\/36-150x150.jpg\" alt=\"3\" width=\"150\" height=\"150\" \/><\/a><a class=\"fancybox-thumb\" href=\"https:\/\/unec.edu.az\/application\/uploads\/2015\/02\/211.jpg\"><img loading=\"lazy\" decoding=\"async\" class=\"fancybox-margin alignnone wp-image-104956 size-thumbnail\" title=\"Bak\u0131 \u0130dman Saray\u0131nda ke\u00e7iril\u0259n V Bak\u0131 Beyn\u0259lxalq Kitab-S\u0259rgi Yarmarkas\u0131nda (28.09.2017)\" src=\"https:\/\/unec.edu.az\/application\/uploads\/2015\/02\/211-150x150.jpg\" alt=\"2\" width=\"150\" height=\"150\" \/><\/a><a class=\"fancybox-thumb\" href=\"https:\/\/unec.edu.az\/application\/uploads\/2015\/02\/110.jpg\"><img loading=\"lazy\" decoding=\"async\" class=\"fancybox-margin alignnone wp-image-104957 size-thumbnail\" title=\"Bak\u0131 \u0130dman Saray\u0131nda ke\u00e7iril\u0259n V Bak\u0131 Beyn\u0259lxalq Kitab-S\u0259rgi Yarmarkas\u0131nda (28.09.2017)\" src=\"https:\/\/unec.edu.az\/application\/uploads\/2015\/02\/110-150x150.jpg\" alt=\"1\" width=\"150\" height=\"150\" \/><\/a><\/em><\/p>\n","protected":false},"excerpt":{"rendered":"<p>\u0414\u0435\u043a\u0430\u043d:\u00a0\u0434.\u0444.\u043d. \u0434\u043e\u0446. \u042d\u0439\u0432\u0430\u0437\u043e\u0432 \u042d\u043b\u044c\u0447\u0438\u043d \u0422\u0430\u0445\u043c\u0430\u0437 \u0422\u0435\u043b\u0435\u0444\u043e\u043d: +(994) 12\u00a0564-67-85 \u0410\u0434\u0440\u0435\u0441: \u0413\u0430\u0441\u0430\u043d \u0410\u043b\u0438\u0435\u0432 135 iqt@unec.edu.az\u00a0 \u0417\u0430\u043c. \u0434\u0435\u043a\u0430\u043d\u0430: \u043a.\u044d.\u043d,\u0434\u043e\u0446.\u0410\u043b\u0438\u0435\u0432 \u041c\u0443\u0448\u0440\u0430\u0432\u0430\u043d \u0410\u043b\u0438 \u0422\u0435\u043b\u0435\u0444\u043e\u043d: +(994) 12\u00a0564-67-85 mushravan.aliyev@unec.edu.az \u0417\u0430\u043c \u0434\u0435\u043a\u0430\u043d\u0430: \u043a.\u044d.\u043d., \u0434\u043e\u0446. \u041a\u0435\u0440\u0438\u043c\u0437\u0430\u0434\u0435 \u041c\u0435\u0445\u0440\u0438\u0431\u0430\u043d \u0412\u0430\u0433\u0438\u0444 \u0422\u0435\u043b\u0435\u0444\u043e\u043d: +(994) 12\u00a0564-67-85 ______@unec.edu.az \u00a0 \u0417\u0430\u043c.\u0434\u0435\u043a\u0430\u043d\u0430: \u0441\u0442\/\u043f\u0440\u0435\u043f. \u041c\u0443\u0440\u0441\u0430\u043b\u043e\u0432 \u00a0\u0420\u0430\u0433\u0438\u043c\u00a0\u0428\u0438\u0440\u0433\u0430\u0437\u0438 \u0422\u0435\u043b\u0435\u0444\u043e\u043d: +(994) 12\u00a0564-38-53 rahim_mursalov@unec.edu.az \u0421\u0415\u041a\u0420\u0415\u0422\u0410\u0420\u042c \u0424\u0410\u041a\u0423\u041b\u042c\u0422\u0415\u0422\u0410 \u2013 \u0421\u0430\u043c\u0435\u0434\u043e\u0432 \u041f\u0430\u0440\u0432\u0438\u0437 \u0413\u0430\u0431\u0438\u0431 \u0422\u0435\u043b\u0435\u0444\u043e\u043d:\u00a0 564-37-99 \u041d\u043e\u0432\u043e\u0441\u0442\u0438 \u0444\u0430\u043a\u0443\u043b\u044c\u0442\u0435\u0442\u0430 \u044d\u043a\u043e\u043d\u043e\u043c\u0438\u043a\u0438 \u0438 \u0443\u043f\u0440\u0430\u0432\u043b\u0435\u043d\u0438\u044f [&hellip;]<\/p>\n","protected":false},"author":10,"featured_media":0,"parent":489,"menu_order":7,"comment_status":"open","ping_status":"open","template":"page-templates\/3columncontent.php","meta":{"footnotes":""},"class_list":["post-9335","page","type-page","status-publish","hentry"],"_links":{"self":[{"href":"http:\/\/unec.edu.az\/ru\/wp-json\/wp\/v2\/pages\/9335","targetHints":{"allow":["GET"]}}],"collection":[{"href":"http:\/\/unec.edu.az\/ru\/wp-json\/wp\/v2\/pages"}],"about":[{"href":"http:\/\/unec.edu.az\/ru\/wp-json\/wp\/v2\/types\/page"}],"author":[{"embeddable":true,"href":"http:\/\/unec.edu.az\/ru\/wp-json\/wp\/v2\/users\/10"}],"replies":[{"embeddable":true,"href":"http:\/\/unec.edu.az\/ru\/wp-json\/wp\/v2\/comments?post=9335"}],"version-history":[{"count":141,"href":"http:\/\/unec.edu.az\/ru\/wp-json\/wp\/v2\/pages\/9335\/revisions"}],"predecessor-version":[{"id":464909,"href":"http:\/\/unec.edu.az\/ru\/wp-json\/wp\/v2\/pages\/9335\/revisions\/464909"}],"up":[{"embeddable":true,"href":"http:\/\/unec.edu.az\/ru\/wp-json\/wp\/v2\/pages\/489"}],"wp:attachment":[{"href":"http:\/\/unec.edu.az\/ru\/wp-json\/wp\/v2\/media?parent=9335"}],"curies":[{"name":"wp","href":"https:\/\/api.w.org\/{rel}","templated":true}]}}