{"id":9356,"date":"2015-02-12T15:53:42","date_gmt":"2015-02-12T11:53:42","guid":{"rendered":"http:\/\/asue.edu.az\/education\/bachelor\/texnologiya-ve-dizayn-fakultesi\/"},"modified":"2024-10-11T14:42:28","modified_gmt":"2024-10-11T10:42:28","slug":"texnologiya-ve-dizayn-fakultesi","status":"publish","type":"page","link":"http:\/\/unec.edu.az\/ru\/texnologiya-ve-dizayn-fakultesi\/","title":{"rendered":"\u0418\u0441\u0442\u043e\u0440\u0438\u044f \u0444\u0430\u043a\u0443\u043b\u044c\u0442\u0435\u0442\u0430 \u0426\u0438\u0444\u0440\u043e\u0432\u043e\u0439 \u044d\u043a\u043e\u043d\u043e\u043c\u0438\u043a\u0438"},"content":{"rendered":"\n<h4><span style=\"color: #000000;\"><i>\u0421 \u0446\u0435\u043b\u044c\u044e \u0438\u0441\u043f\u043e\u043b\u043d\u0435\u043d\u0438\u044f \u0440\u0435\u0448\u0435\u043d\u0438\u0439 \u043e\u043d\u043b\u0430\u0439\u043d \u0437\u0430\u0441\u0435\u0434\u0430\u043d\u0438\u044f \u0423\u0447\u0435\u043d\u043e\u0433\u043e \u0441\u043e\u0432\u0435\u0442\u0430 UNEC \u043e\u0442 31 \u043c\u0430\u044f \u00a02020 \u0433\u043e\u0434\u0430 \u2116 \u0423\u0421 -172 \u00a0\u0438 \u043e\u043d\u043b\u0430\u0439\u043d \u0437\u0430\u0441\u0435\u0434\u0430\u043d\u0438\u044f \u043e\u0442 14 \u0441\u0435\u043d\u0442\u044f\u0431\u0440\u044f \u00a02020 \u0433\u043e\u0434\u0430 \u2116 \u0423\u0421 -173 \u00a019.10.2020 \u0433\u043e\u0434\u0430 \u0444\u0430\u043a\u0443\u043b\u044c\u0442\u0435\u0442 \u00ab\u0422\u0435\u0445\u043d\u043e\u043b\u043e\u0433\u0438\u044f \u0438 \u0434\u0438\u0437\u0430\u0439\u043d\u00bb \u0431\u044b\u043b \u043b\u0438\u043a\u0432\u0438\u0434\u0438\u0440\u043e\u0432\u0430\u043d \u0438 \u043d\u0430 \u0435\u0433\u043e \u0431\u0430\u0437\u0435 \u0431\u044b\u043b \u0441\u043e\u0437\u0434\u0430\u043d \u0444\u0430\u043a\u0443\u043b\u044c\u0442\u0435\u0442 \u00ab\u0426\u0438\u0444\u0440\u043e\u0432\u0430\u044f \u044d\u043a\u043e\u043d\u043e\u043c\u0438\u043a\u0430\u00bb.<\/i><\/span><\/h4>\n\n\n<h4><a class=\"fancybox-thumb\" href=\"https:\/\/unec.edu.az\/application\/uploads\/2015\/02\/kulinariya2b45177f92011.jpg\"><img decoding=\"async\" class=\"fancybox-margin alignnone wp-image-129524 \" title=\"Beyn\u0259lxalq Kulinariya G\u00fcn\u00fc m\u00fcnasib\u0259til\u0259 xeyriyy\u0259 aksiyas\u0131 (22.10.2018)\" src=\"https:\/\/unec.edu.az\/application\/uploads\/2015\/02\/kulinariya2b45177f92011-236x180.jpg\" alt=\"kulinariya2b45177f92011\" width=\"146\" height=\"111\" \/><\/a><a class=\"fancybox-thumb\" href=\"https:\/\/unec.edu.az\/application\/uploads\/2016\/06\/162.jpg\"><img decoding=\"async\" class=\"fancybox-margin alignnone wp-image-59840\" src=\"https:\/\/unec.edu.az\/application\/uploads\/2016\/06\/162-300x200.jpg\" sizes=\"(max-width: 165px) 100vw, 165px\" srcset=\"https:\/\/unec.edu.az\/application\/uploads\/2016\/06\/162-300x200.jpg 300w, https:\/\/unec.edu.az\/application\/uploads\/2016\/06\/162.jpg 800w\" alt=\"16\" width=\"165\" height=\"110\" \/><\/a><a class=\"fancybox-thumb\" href=\"https:\/\/unec.edu.az\/application\/uploads\/2015\/02\/27-05-2016-Resim-sergisi-tile-kopiya.jpg\"><img decoding=\"async\" class=\"fancybox-margin alignnone wp-image-70100\" src=\"https:\/\/unec.edu.az\/application\/uploads\/2015\/02\/27-05-2016-Resim-sergisi-tile-kopiya-300x117.jpg\" sizes=\"(max-width: 282px) 100vw, 282px\" srcset=\"https:\/\/unec.edu.az\/application\/uploads\/2015\/02\/27-05-2016-Resim-sergisi-tile-kopiya-300x117.jpg 300w, https:\/\/unec.edu.az\/application\/uploads\/2015\/02\/27-05-2016-Resim-sergisi-tile-kopiya.jpg 574w\" alt=\"27 05 2016 Resim sergisi-tile - \u043a\u043e\u043f\u0438\u044f\" width=\"282\" height=\"110\" \/><\/a><a class=\"fancybox-thumb\" href=\"https:\/\/unec.edu.az\/application\/uploads\/2017\/06\/DSC_2274.jpg\"><img loading=\"lazy\" decoding=\"async\" class=\"fancybox-margin alignnone wp-image-100100\" title=\"\u201cUNEC m\u0259zunlar\u0131 Az\u0259rbaycan iqtisadiyyat\u0131na misilsiz t\u00f6hf\u0259l\u0259r ver\u0259c\u0259k\u201d (30.06.2017)\" src=\"https:\/\/unec.edu.az\/application\/uploads\/2017\/06\/DSC_2274-300x200.jpg\" sizes=\"(max-width: 165px) 100vw, 165px\" srcset=\"https:\/\/unec.edu.az\/application\/uploads\/2017\/06\/DSC_2274-300x200.jpg 300w, https:\/\/unec.edu.az\/application\/uploads\/2017\/06\/DSC_2274.jpg 1024w\" alt=\"DSC_2274\" width=\"165\" height=\"110\" \/><\/a><a class=\"fancybox-thumb\" href=\"https:\/\/unec.edu.az\/application\/uploads\/2016\/05\/DSC5607.jpg\"><img loading=\"lazy\" decoding=\"async\" class=\"fancybox-margin alignnone wp-image-51948 \" src=\"https:\/\/unec.edu.az\/application\/uploads\/2016\/05\/DSC5607-300x199.jpg\" sizes=\"(max-width: 166px) 100vw, 166px\" srcset=\"https:\/\/unec.edu.az\/application\/uploads\/2016\/05\/DSC5607-300x200.jpg 300w, https:\/\/unec.edu.az\/application\/uploads\/2016\/05\/DSC5607.jpg 800w\" alt=\"_DSC5607\" width=\"166\" height=\"110\" \/><\/a><\/h4>\n<h4>\u00a0<\/h4>\n<h4><span style=\"color: #000080;\"><em>\u041d\u043e\u0432\u043e\u0441\u0442\u0438 \u0444\u0430\u043a\u0443\u043b\u044c\u0442\u0435\u0442\u0430 \u0422\u0435\u0445\u043d\u043e\u043b\u043e\u0433\u0438\u0438 \u0438 \u0434\u0438\u0437\u0430\u0439\u043d\u0430\u00a0\u00a0 (2015 \u2013 2017)<\/em><\/span><\/h4>\n<p><a class=\"fancybox-thumb\" href=\"https:\/\/unec.edu.az\/application\/uploads\/2018\/10\/DSC_1814.jpg\"><img loading=\"lazy\" decoding=\"async\" class=\"fancybox-margin alignnone wp-image-129286 size-thumbnail\" title=\"UNEC stendi qonaqlar\u0131n x\u00fcsusi mara\u011f\u0131na s\u0259b\u0259b olub (12.10.2018)\" src=\"https:\/\/unec.edu.az\/application\/uploads\/2018\/10\/DSC_1814-150x150.jpg\" alt=\"DSC_1814\" width=\"150\" height=\"150\" \/><\/a><a class=\"fancybox-thumb\" href=\"https:\/\/unec.edu.az\/application\/uploads\/2018\/10\/DSC_1811.jpg\"><img loading=\"lazy\" decoding=\"async\" class=\"fancybox-margin alignnone wp-image-129285 size-thumbnail\" title=\"UNEC stendi qonaqlar\u0131n x\u00fcsusi mara\u011f\u0131na s\u0259b\u0259b olub (12.10.2018)\" src=\"https:\/\/unec.edu.az\/application\/uploads\/2018\/10\/DSC_1811-150x150.jpg\" alt=\"DSC_1811\" width=\"150\" height=\"150\" \/><\/a><a class=\"fancybox-thumb\" href=\"https:\/\/unec.edu.az\/application\/uploads\/2015\/02\/tttDSC_0001-1024x687.jpg\"><img loading=\"lazy\" decoding=\"async\" class=\"fancybox-margin alignnone wp-image-28880 size-thumbnail\" src=\"https:\/\/unec.edu.az\/application\/uploads\/2015\/02\/tttDSC_0001-1024x687-150x150.jpg\" alt=\"tttDSC_0001-1024x687\" width=\"150\" height=\"150\" \/><\/a><a class=\"fancybox-thumb\" href=\"https:\/\/unec.edu.az\/application\/uploads\/2015\/02\/tttDSC_00231-1024x687.jpg\"><img loading=\"lazy\" decoding=\"async\" class=\"fancybox-margin alignnone wp-image-28882 size-thumbnail\" src=\"https:\/\/unec.edu.az\/application\/uploads\/2015\/02\/tttDSC_00231-1024x687-150x150.jpg\" alt=\"tttDSC_00231-1024x687\" width=\"150\" height=\"150\" \/><\/a><a class=\"fancybox-thumb\" href=\"https:\/\/unec.edu.az\/application\/uploads\/2015\/02\/tttDSC_00293-1024x687.jpg\"><img loading=\"lazy\" decoding=\"async\" class=\"fancybox-margin alignnone wp-image-28883 size-thumbnail\" src=\"https:\/\/unec.edu.az\/application\/uploads\/2015\/02\/tttDSC_00293-1024x687-150x150.jpg\" alt=\"tttDSC_00293-1024x687\" width=\"150\" height=\"150\" \/><\/a><a class=\"fancybox-thumb\" href=\"https:\/\/unec.edu.az\/application\/uploads\/2015\/02\/texnologiya_0023.jpg\"><img loading=\"lazy\" decoding=\"async\" class=\"fancybox-margin alignnone wp-image-41266 size-thumbnail\" src=\"https:\/\/unec.edu.az\/application\/uploads\/2015\/02\/texnologiya_0023-150x150.jpg\" alt=\"texnologiya_0023\" width=\"150\" height=\"150\" \/><\/a><\/p>","protected":false},"excerpt":{"rendered":"<p>\u0421 \u0446\u0435\u043b\u044c\u044e \u0438\u0441\u043f\u043e\u043b\u043d\u0435\u043d\u0438\u044f \u0440\u0435\u0448\u0435\u043d\u0438\u0439 \u043e\u043d\u043b\u0430\u0439\u043d \u0437\u0430\u0441\u0435\u0434\u0430\u043d\u0438\u044f \u0423\u0447\u0435\u043d\u043e\u0433\u043e \u0441\u043e\u0432\u0435\u0442\u0430 UNEC \u043e\u0442 31 \u043c\u0430\u044f \u00a02020 \u0433\u043e\u0434\u0430 \u2116 \u0423\u0421 -172 \u00a0\u0438 \u043e\u043d\u043b\u0430\u0439\u043d \u0437\u0430\u0441\u0435\u0434\u0430\u043d\u0438\u044f \u043e\u0442 14 \u0441\u0435\u043d\u0442\u044f\u0431\u0440\u044f \u00a02020 \u0433\u043e\u0434\u0430 \u2116 \u0423\u0421 -173 \u00a019.10.2020 \u0433\u043e\u0434\u0430 \u0444\u0430\u043a\u0443\u043b\u044c\u0442\u0435\u0442 \u00ab\u0422\u0435\u0445\u043d\u043e\u043b\u043e\u0433\u0438\u044f \u0438 \u0434\u0438\u0437\u0430\u0439\u043d\u00bb \u0431\u044b\u043b \u043b\u0438\u043a\u0432\u0438\u0434\u0438\u0440\u043e\u0432\u0430\u043d \u0438 \u043d\u0430 \u0435\u0433\u043e \u0431\u0430\u0437\u0435 \u0431\u044b\u043b \u0441\u043e\u0437\u0434\u0430\u043d \u0444\u0430\u043a\u0443\u043b\u044c\u0442\u0435\u0442 \u00ab\u0426\u0438\u0444\u0440\u043e\u0432\u0430\u044f \u044d\u043a\u043e\u043d\u043e\u043c\u0438\u043a\u0430\u00bb. \u00a0 \u041d\u043e\u0432\u043e\u0441\u0442\u0438 \u0444\u0430\u043a\u0443\u043b\u044c\u0442\u0435\u0442\u0430 \u0422\u0435\u0445\u043d\u043e\u043b\u043e\u0433\u0438\u0438 \u0438 \u0434\u0438\u0437\u0430\u0439\u043d\u0430\u00a0\u00a0 (2015 \u2013 2017)<\/p>\n","protected":false},"author":10,"featured_media":0,"parent":0,"menu_order":11,"comment_status":"open","ping_status":"open","template":"page-templates\/3columncontent.php","meta":{"footnotes":""},"class_list":["post-9356","page","type-page","status-publish","hentry"],"_links":{"self":[{"href":"http:\/\/unec.edu.az\/ru\/wp-json\/wp\/v2\/pages\/9356","targetHints":{"allow":["GET"]}}],"collection":[{"href":"http:\/\/unec.edu.az\/ru\/wp-json\/wp\/v2\/pages"}],"about":[{"href":"http:\/\/unec.edu.az\/ru\/wp-json\/wp\/v2\/types\/page"}],"author":[{"embeddable":true,"href":"http:\/\/unec.edu.az\/ru\/wp-json\/wp\/v2\/users\/10"}],"replies":[{"embeddable":true,"href":"http:\/\/unec.edu.az\/ru\/wp-json\/wp\/v2\/comments?post=9356"}],"version-history":[{"count":51,"href":"http:\/\/unec.edu.az\/ru\/wp-json\/wp\/v2\/pages\/9356\/revisions"}],"predecessor-version":[{"id":446711,"href":"http:\/\/unec.edu.az\/ru\/wp-json\/wp\/v2\/pages\/9356\/revisions\/446711"}],"wp:attachment":[{"href":"http:\/\/unec.edu.az\/ru\/wp-json\/wp\/v2\/media?parent=9356"}],"curies":[{"name":"wp","href":"https:\/\/api.w.org\/{rel}","templated":true}]}}