{"id":9677,"date":"2015-02-16T00:00:14","date_gmt":"2015-02-15T20:00:14","guid":{"rendered":"http:\/\/asue.edu.az\/issledovanie\/kafedralar\/azerbaycan-dili\/"},"modified":"2025-02-11T10:46:38","modified_gmt":"2025-02-11T06:46:38","slug":"azerbaycan-dili","status":"publish","type":"page","link":"http:\/\/unec.edu.az\/ru\/issledovanie\/kafedralar\/azerbaycan-dili\/","title":{"rendered":"\u0410\u0417\u0415\u0420\u0411\u0410\u0419\u0414\u0416\u0410\u041d\u0421\u041a\u0418\u0419 \u042f\u0417\u042b\u041a"},"content":{"rendered":"<table style=\"height: 135px;\" width=\"647\">\n<tbody>\n<tr>\n<td>\n<h4><span style=\"color: #800000;\"><a style=\"color: #800000;\" href=\"https:\/\/unec.edu.az\/ru\/fil-e-d-ebdulhesenli-tofiq-ebduleziz-oglu\/\">\u0417\u0430\u0432\u0435\u0434\u0443\u044e\u0449\u0438\u0439 \u043a\u0430\u0444\u0435\u0434\u0440\u043e\u0439:\u00a0\u0434.\u0444.\u043d.,\u043f\u0440\u043e\u0444. \u0410\u0431\u0434\u0443\u043b\u0433\u0430\u0441\u0430\u043d\u043b\u0438\u00a0\u0422\u043e\u0444\u0438\u043a\u00a0\u0410\u0431\u0434\u0443\u043b\u0430\u0437\u0438\u0437 \u043e\u0433\u043b\u044b<\/a><\/span><\/h4>\n<p><span style=\"color: #000000;\"><em><span style=\"font-size: 12pt;\">\u0410\u0434\u0440\u0435\u0441: \u00a0\u0411\u0430\u043a\u0443, \u0443\u043b.\u0413.\u0410\u043b\u0438\u0435\u0432\u0430, 135 (II \u043a\u043e\u0440\u043f\u0443\u0441)<br \/>\n<\/span><\/em><\/span><span style=\"color: #000000;\"><em><span style=\"font-size: 12pt;\">\u0422\u0435\u043b\u0435\u0444\u043e\u043d: +(994) 12\u00a0441-62-74<br \/>\n<\/span>e-mail: tofiq.abdulhasan@unec.edu.az<\/em><\/span><\/td>\n<\/tr>\n<\/tbody>\n<\/table>\n<p><a class=\"fancybox-thumb\" href=\"https:\/\/unec.edu.az\/application\/uploads\/2015\/02\/tofiqba92de2509cc.jpeg\"><img decoding=\"async\" class=\"fancybox-margin alignnone wp-image-183072 size-thumbnail\" src=\"https:\/\/unec.edu.az\/application\/uploads\/2015\/02\/tofiqba92de2509cc-150x150.jpeg\" alt=\"tofiqba92de2509cc\" width=\"150\" height=\"150\" \/><\/a><a class=\"fancybox-thumb\" href=\"https:\/\/unec.edu.az\/application\/uploads\/2015\/02\/11201331_1426251401013837_753741143_o.jpg\"><img decoding=\"async\" class=\"fancybox-margin  alignnone wp-image-45541 size-thumbnail\" src=\"https:\/\/unec.edu.az\/application\/uploads\/2015\/02\/11201331_1426251401013837_753741143_o-150x150.jpg\" alt=\"11201331_1426251401013837_753741143_o\" width=\"150\" height=\"150\" \/><\/a><a class=\"fancybox-thumb\" href=\"https:\/\/unec.edu.az\/application\/uploads\/2015\/02\/azDSC01532.jpg\"><img decoding=\"async\" class=\"fancybox-margin  alignnone wp-image-45542 size-thumbnail\" src=\"https:\/\/unec.edu.az\/application\/uploads\/2015\/02\/azDSC01532-150x150.jpg\" alt=\"???????????????????????????????\" width=\"150\" height=\"150\" \/><\/a><a class=\"fancybox-thumb\" href=\"https:\/\/unec.edu.az\/application\/uploads\/2015\/02\/azDSC015192.jpg\"><img loading=\"lazy\" decoding=\"async\" class=\"fancybox-margin  alignnone wp-image-45543 size-thumbnail\" src=\"https:\/\/unec.edu.az\/application\/uploads\/2015\/02\/azDSC015192-150x150.jpg\" alt=\"???????????????????????????????\" width=\"150\" height=\"150\" \/><\/a><a class=\"fancybox-thumb\" href=\"https:\/\/unec.edu.az\/application\/uploads\/2015\/02\/tofiq125d77df4f2.jpeg\"><img loading=\"lazy\" decoding=\"async\" class=\"fancybox-margin alignnone wp-image-139938 size-thumbnail\" title=\"UNEC-d\u0259 N\u0259simi yarad\u0131c\u0131l\u0131\u011f\u0131na h\u0259sr olunan t\u0259dbir ke\u00e7irilib (17.05.2019)\" src=\"https:\/\/unec.edu.az\/application\/uploads\/2015\/02\/tofiq125d77df4f2-150x150.jpeg\" alt=\"tofiq125d77df4f2\" width=\"150\" height=\"150\" \/><\/a><a class=\"fancybox-thumb\" href=\"https:\/\/unec.edu.az\/application\/uploads\/2015\/02\/az-dili-umumib05e3ee7933ae9c0.jpg\"><img loading=\"lazy\" decoding=\"async\" class=\"fancybox-margin alignnone wp-image-154295 size-thumbnail\" title=\"UNEC-d\u0259 Beyn\u0259lxalq Ana Dili G\u00fcn\u00fc qeyd olunub (21.02.2020)\" src=\"https:\/\/unec.edu.az\/application\/uploads\/2015\/02\/az-dili-umumib05e3ee7933ae9c0-150x150.jpg\" alt=\"???????????????????????????????\" width=\"150\" height=\"150\" \/><\/a><\/p>\n<address><em><em><em><em><span style=\"color: #333333;\"><a style=\"color: #333333;\" href=\"https:\/\/unec.edu.az\/ru\/unec-telebesinden-huseyn-cavidin-ev-muzeyine-hediyye-serq-gunesi\/\">\u041f\u043e\u0434\u0430\u0440\u043e\u043a \u0434\u043e\u043c\u0443-\u043c\u0443\u0437\u0435\u044e \u0413\u0443\u0441\u0435\u0439\u043d\u0430 \u0414\u0436\u0430\u0432\u0438\u0434\u0430 \u043e\u0442 \u0441\u0442\u0443\u0434\u0435\u043d\u0442\u043a\u0438 UNEC \u2013 \u00ab\u0421\u043e\u043b\u043d\u0446\u0435 \u0412\u043e\u0441\u0442\u043e\u043a\u0430\u00bb<\/a>\u00a0(13.03.2018)<br \/>\n<\/span><\/em><\/em><\/em><\/em><span style=\"color: #333333;\"><a style=\"color: #333333;\" href=\"https:\/\/unec.edu.az\/ru\/unec-telebeleri-huseyn-cavidin-ev-muzeyinde\/\">\u0421\u0442\u0443\u0434\u0435\u043d\u0442\u044b UNEC \u0432 \u0414\u043e\u043c\u0435-\u043c\u0443\u0437\u0435\u0435 \u0413\u0443\u0441\u0435\u0439\u043d\u0430 \u0414\u0436\u0430\u0432\u0438\u0434\u0430<\/a>\u00a0<\/span><em><em><em>\u00a0(09.03.2018)<br \/>\n<\/em><\/em><\/em><span style=\"color: #333333;\"><a style=\"color: #333333;\" href=\"https:\/\/unec.edu.az\/ru\/unec-de-konfrans-huseyn-cavid-irsi-ve-muasir-dovr\/\">\u041a\u043e\u043d\u0444\u0435\u0440\u0435\u043d\u0446\u0438\u044f \u0432 UNEC: \u00ab\u041d\u0430\u0441\u043b\u0435\u0434\u0438\u0435 \u0413\u0443\u0441\u0435\u0439\u043d\u0430 \u0414\u0436\u0430\u0432\u0438\u0434\u0430 \u0438 \u0441\u043e\u0432\u0440\u0435\u043c\u0435\u043d\u043d\u044b\u0439 \u043f\u0435\u0440\u0438\u043e\u0434\u00bb<\/a>\u00a0\u00a0<\/span><em><em>(01.03.2018)<br \/>\n<\/em><\/em><span style=\"color: #333333;\"><a style=\"color: #333333;\" href=\"https:\/\/unec.edu.az\/ru\/huseyn-cavidin-135-illik-yubileyi-unec-de-qeyd-olunur\/\">\u0412 UNEC \u043e\u0442\u043c\u0435\u0447\u0430\u0435\u0442\u0441\u044f 135-\u043b\u0435\u0442\u0438\u0435 \u0413\u0443\u0441\u0435\u0439\u043d\u0430 \u0414\u0436\u0430\u0432\u0438\u0434\u0430<\/a>\u00a0<\/span><em>\u00a0(28.02.2018)<br \/>\n<\/em><a style=\"color: #000000;\" href=\"https:\/\/unec.edu.az\/ru\/unec-regionlarda\/\">UNEC \u0432 \u0440\u0435\u0433\u0438\u043e\u043d\u0430\u0445<\/a>\u00a0<em>(16.05.2017)<\/em><\/address>\n<address><span style=\"color: #000000;\"><em><a style=\"color: #000000;\" href=\"https:\/\/unec.edu.az\/ru\/beynelxalq-iqtisadiyyat-mektebinde-aciq-ders-dovlet-bayragi-gunu\/\">\u041e\u0442\u043a\u0440\u044b\u0442\u044b\u0439 \u0443\u0440\u043e\u043a \u0432 \u041c\u0435\u0436\u0434\u0443\u043d\u0430\u0440\u043e\u0434\u043d\u043e\u0439 \u0448\u043a\u043e\u043b\u0435 \u044d\u043a\u043e\u043d\u043e\u043c\u0438\u043a\u0438: \u0414\u0435\u043d\u044c \u0433\u043e\u0441\u0443\u0434\u0430\u0440\u0441\u0442\u0432\u0435\u043d\u043d\u043e\u0433\u043e \u0444\u043b\u0430\u0433\u0430<\/a>\u00a0(08.11.2016)<\/em><\/span><\/address>\n<address>\u00a0<\/address>\n<address><a class=\"fancybox-thumb\" href=\"https:\/\/unec.edu.az\/application\/uploads\/2019\/04\/DSC_3472.jpg\"><img loading=\"lazy\" decoding=\"async\" class=\"fancybox-margin alignnone wp-image-139201 size-thumbnail\" title=\"UNEC-d\u0259 N\u0259siminin f\u0259ls\u0259fi ideyalar\u0131na h\u0259sr edilmi\u015f konfrans ke\u00e7irildi (24.04.2019)\" src=\"https:\/\/unec.edu.az\/application\/uploads\/2019\/04\/DSC_3472-150x150.jpg\" alt=\"UNEC-d\u0259 N\u0259siminin f\u0259ls\u0259fi ideyalar\u0131na h\u0259sr edilmi\u015f konfrans ke\u00e7irildi\" width=\"150\" height=\"150\" \/><\/a><a class=\"fancybox-thumb\" href=\"https:\/\/unec.edu.az\/application\/uploads\/2019\/04\/DSC_3506.jpg\"><img loading=\"lazy\" decoding=\"async\" class=\"fancybox-margin alignnone wp-image-139211 size-thumbnail\" title=\"UNEC-d\u0259 N\u0259siminin f\u0259ls\u0259fi ideyalar\u0131na h\u0259sr edilmi\u015f konfrans ke\u00e7irildi (24.04.2019)\" src=\"https:\/\/unec.edu.az\/application\/uploads\/2019\/04\/DSC_3506-150x150.jpg\" alt=\"UNEC-d\u0259 N\u0259siminin f\u0259ls\u0259fi ideyalar\u0131na h\u0259sr edilmi\u015f konfrans ke\u00e7irildi\" width=\"150\" height=\"150\" \/><\/a><a class=\"fancybox-thumb\" href=\"https:\/\/unec.edu.az\/application\/uploads\/2019\/04\/DSC_3507.jpg\"><img loading=\"lazy\" decoding=\"async\" class=\"fancybox-margin alignnone wp-image-139212 size-thumbnail\" title=\"UNEC-d\u0259 N\u0259siminin f\u0259ls\u0259fi ideyalar\u0131na h\u0259sr edilmi\u015f konfrans ke\u00e7irildi (24.04.2019)\" src=\"https:\/\/unec.edu.az\/application\/uploads\/2019\/04\/DSC_3507-150x150.jpg\" alt=\"UNEC-d\u0259 N\u0259siminin f\u0259ls\u0259fi ideyalar\u0131na h\u0259sr edilmi\u015f konfrans ke\u00e7irildi\" width=\"150\" height=\"150\" \/><\/a><a class=\"fancybox-thumb\" href=\"https:\/\/unec.edu.az\/application\/uploads\/2019\/04\/DSC_3510.jpg\"><img loading=\"lazy\" decoding=\"async\" class=\"fancybox-margin alignnone wp-image-139213 size-thumbnail\" title=\"UNEC-d\u0259 N\u0259siminin f\u0259ls\u0259fi ideyalar\u0131na h\u0259sr edilmi\u015f konfrans ke\u00e7irildi (24.04.2019)\" src=\"https:\/\/unec.edu.az\/application\/uploads\/2019\/04\/DSC_3510-150x150.jpg\" alt=\"UNEC-d\u0259 N\u0259siminin f\u0259ls\u0259fi ideyalar\u0131na h\u0259sr edilmi\u015f konfrans ke\u00e7irildi\" width=\"150\" height=\"150\" \/><\/a><a class=\"fancybox-thumb\" href=\"https:\/\/unec.edu.az\/application\/uploads\/2019\/04\/DSC_3517.jpg\"><img loading=\"lazy\" decoding=\"async\" class=\"fancybox-margin alignnone wp-image-139215 size-thumbnail\" title=\"UNEC-d\u0259 N\u0259siminin f\u0259ls\u0259fi ideyalar\u0131na h\u0259sr edilmi\u015f konfrans ke\u00e7irildi (24.04.2019)\" src=\"https:\/\/unec.edu.az\/application\/uploads\/2019\/04\/DSC_3517-150x150.jpg\" alt=\"UNEC-d\u0259 N\u0259siminin f\u0259ls\u0259fi ideyalar\u0131na h\u0259sr edilmi\u015f konfrans ke\u00e7irildi\" width=\"150\" height=\"150\" \/><\/a><a class=\"fancybox-thumb\" href=\"https:\/\/unec.edu.az\/application\/uploads\/2019\/04\/DSC_3534.jpg\"><img loading=\"lazy\" decoding=\"async\" class=\"fancybox-margin alignnone wp-image-139219 size-thumbnail\" title=\"UNEC-d\u0259 N\u0259siminin f\u0259ls\u0259fi ideyalar\u0131na h\u0259sr edilmi\u015f konfrans ke\u00e7irildi (24.04.2019)\" src=\"https:\/\/unec.edu.az\/application\/uploads\/2019\/04\/DSC_3534-150x150.jpg\" alt=\"UNEC-d\u0259 N\u0259siminin f\u0259ls\u0259fi ideyalar\u0131na h\u0259sr edilmi\u015f konfrans ke\u00e7irildi\" width=\"150\" height=\"150\" \/><\/a><\/address>\n","protected":false},"excerpt":{"rendered":"<p>\u0417\u0430\u0432\u0435\u0434\u0443\u044e\u0449\u0438\u0439 \u043a\u0430\u0444\u0435\u0434\u0440\u043e\u0439:\u00a0\u0434.\u0444.\u043d.,\u043f\u0440\u043e\u0444. \u0410\u0431\u0434\u0443\u043b\u0433\u0430\u0441\u0430\u043d\u043b\u0438\u00a0\u0422\u043e\u0444\u0438\u043a\u00a0\u0410\u0431\u0434\u0443\u043b\u0430\u0437\u0438\u0437 \u043e\u0433\u043b\u044b \u0410\u0434\u0440\u0435\u0441: \u00a0\u0411\u0430\u043a\u0443, \u0443\u043b.\u0413.\u0410\u043b\u0438\u0435\u0432\u0430, 135 (II \u043a\u043e\u0440\u043f\u0443\u0441) \u0422\u0435\u043b\u0435\u0444\u043e\u043d: +(994) 12\u00a0441-62-74 e-mail: tofiq.abdulhasan@unec.edu.az \u041f\u043e\u0434\u0430\u0440\u043e\u043a \u0434\u043e\u043c\u0443-\u043c\u0443\u0437\u0435\u044e \u0413\u0443\u0441\u0435\u0439\u043d\u0430 \u0414\u0436\u0430\u0432\u0438\u0434\u0430 \u043e\u0442 \u0441\u0442\u0443\u0434\u0435\u043d\u0442\u043a\u0438 UNEC \u2013 \u00ab\u0421\u043e\u043b\u043d\u0446\u0435 \u0412\u043e\u0441\u0442\u043e\u043a\u0430\u00bb\u00a0(13.03.2018) \u0421\u0442\u0443\u0434\u0435\u043d\u0442\u044b UNEC \u0432 \u0414\u043e\u043c\u0435-\u043c\u0443\u0437\u0435\u0435 \u0413\u0443\u0441\u0435\u0439\u043d\u0430 \u0414\u0436\u0430\u0432\u0438\u0434\u0430\u00a0\u00a0(09.03.2018) \u041a\u043e\u043d\u0444\u0435\u0440\u0435\u043d\u0446\u0438\u044f \u0432 UNEC: \u00ab\u041d\u0430\u0441\u043b\u0435\u0434\u0438\u0435 \u0413\u0443\u0441\u0435\u0439\u043d\u0430 \u0414\u0436\u0430\u0432\u0438\u0434\u0430 \u0438 \u0441\u043e\u0432\u0440\u0435\u043c\u0435\u043d\u043d\u044b\u0439 \u043f\u0435\u0440\u0438\u043e\u0434\u00bb\u00a0\u00a0(01.03.2018) \u0412 UNEC \u043e\u0442\u043c\u0435\u0447\u0430\u0435\u0442\u0441\u044f 135-\u043b\u0435\u0442\u0438\u0435 \u0413\u0443\u0441\u0435\u0439\u043d\u0430 \u0414\u0436\u0430\u0432\u0438\u0434\u0430\u00a0\u00a0(28.02.2018) UNEC \u0432 \u0440\u0435\u0433\u0438\u043e\u043d\u0430\u0445\u00a0(16.05.2017) \u041e\u0442\u043a\u0440\u044b\u0442\u044b\u0439 \u0443\u0440\u043e\u043a \u0432 \u041c\u0435\u0436\u0434\u0443\u043d\u0430\u0440\u043e\u0434\u043d\u043e\u0439 \u0448\u043a\u043e\u043b\u0435 \u044d\u043a\u043e\u043d\u043e\u043c\u0438\u043a\u0438: [&hellip;]<\/p>\n","protected":false},"author":10,"featured_media":0,"parent":3468,"menu_order":80,"comment_status":"open","ping_status":"open","template":"page-templates\/3columncontent.php","meta":{"footnotes":""},"class_list":["post-9677","page","type-page","status-publish","hentry"],"_links":{"self":[{"href":"http:\/\/unec.edu.az\/ru\/wp-json\/wp\/v2\/pages\/9677","targetHints":{"allow":["GET"]}}],"collection":[{"href":"http:\/\/unec.edu.az\/ru\/wp-json\/wp\/v2\/pages"}],"about":[{"href":"http:\/\/unec.edu.az\/ru\/wp-json\/wp\/v2\/types\/page"}],"author":[{"embeddable":true,"href":"http:\/\/unec.edu.az\/ru\/wp-json\/wp\/v2\/users\/10"}],"replies":[{"embeddable":true,"href":"http:\/\/unec.edu.az\/ru\/wp-json\/wp\/v2\/comments?post=9677"}],"version-history":[{"count":59,"href":"http:\/\/unec.edu.az\/ru\/wp-json\/wp\/v2\/pages\/9677\/revisions"}],"predecessor-version":[{"id":460188,"href":"http:\/\/unec.edu.az\/ru\/wp-json\/wp\/v2\/pages\/9677\/revisions\/460188"}],"up":[{"embeddable":true,"href":"http:\/\/unec.edu.az\/ru\/wp-json\/wp\/v2\/pages\/3468"}],"wp:attachment":[{"href":"http:\/\/unec.edu.az\/ru\/wp-json\/wp\/v2\/media?parent=9677"}],"curies":[{"name":"wp","href":"https:\/\/api.w.org\/{rel}","templated":true}]}}