{"id":9777,"date":"2015-02-15T00:08:46","date_gmt":"2015-02-14T20:08:46","guid":{"rendered":"http:\/\/asue.edu.az\/issledovanie\/kafedralar\/politologiya-2\/"},"modified":"2025-02-14T14:50:01","modified_gmt":"2025-02-14T10:50:01","slug":"politologiya-2","status":"publish","type":"page","link":"http:\/\/unec.edu.az\/ru\/issledovanie\/kafedralar\/politologiya-2\/","title":{"rendered":"\u0413\u0423\u041c\u0410\u041d\u0418\u0422\u0410\u0420\u041d\u042b\u0415  \u0414\u0418\u0421\u0426\u0418\u041f\u041b\u0418\u041d\u042b"},"content":{"rendered":"<table style=\"height: 163px;\" width=\"625\">\n<tbody>\n<tr>\n<td>\n<h4><span style=\"color: #993300;\"><span style=\"color: #800000;\">\u0417\u0430\u0432\u0435\u0434\u0443\u044e\u0449\u0438\u0439\u00a0 \u043a\u0430\u0444\u0435\u0434\u0440\u043e\u0439:<\/span>\u00a0<span style=\"color: #800000;\"><a style=\"color: #800000;\" href=\"https:\/\/unec.edu.az\/ru\/64159-2\/\">\u0434.\u0438\u0441\u0442.\u043d., \u043f\u0440\u043e\u0444.\u00a0\u0413\u0430\u0441\u0430\u043d\u043e\u0432 \u0412\u0435\u043a\u0438\u043b\u044c \u0421\u0430\u0444\u0438\u044f\u0440 \u043e\u0433\u043b\u044b<\/a><\/span><\/span><\/h4>\n<p><em><span style=\"color: #000000;\"><span style=\"font-size: 12pt;\">\u0410\u0434\u0440\u0435\u0441: \u0411\u0430\u043a\u0443, \u0443\u043b.\u0418\u0441\u0442\u0438\u0433\u043b\u0430\u043b\u0438\u044f\u0442, 6 (II \u043a\u043e\u0440\u043f\u0443\u0441)<br \/>\n<\/span><\/span><span style=\"font-size: 12pt;\">\u0422\u0435\u043b\u0435\u0444\u043e\u043d: +(994) 12 564-40-07\u00a0\u00a0<\/span><\/em><\/td>\n<\/tr>\n<\/tbody>\n<\/table>\n<p><a class=\"fancybox-thumb\" href=\"https:\/\/unec.edu.az\/application\/uploads\/2016\/10\/DSC_9166.jpg\" rel=\"fancybox-thumb\"><img decoding=\"async\" class=\"fancybox-margin alignnone wp-image-69573\" src=\"https:\/\/unec.edu.az\/application\/uploads\/2016\/10\/DSC_9166-300x200.jpg\" alt=\"DSC_9166\" width=\"177\" height=\"118\" srcset=\"http:\/\/unec.edu.az\/application\/uploads\/2016\/10\/DSC_9166-300x200.jpg 300w, http:\/\/unec.edu.az\/application\/uploads\/2016\/10\/DSC_9166.jpg 800w\" sizes=\"(max-width: 177px) 100vw, 177px\" \/><\/a><a class=\"fancybox-thumb\" href=\"https:\/\/unec.edu.az\/application\/uploads\/2015\/02\/humanitarok.jpg\" rel=\"fancybox-thumb\"><img decoding=\"async\" class=\"fancybox-margin alignnone wp-image-75592\" title=\"&quot;\u0130qtisad\u00e7\u0131&quot; q\u0259zetind\u0259 \u00e7ap edilib (2015)\" src=\"https:\/\/unec.edu.az\/application\/uploads\/2015\/02\/humanitarok-300x180.jpg\" alt=\"humanitar\u043e\u043a\" width=\"195\" height=\"117\" srcset=\"http:\/\/unec.edu.az\/application\/uploads\/2015\/02\/humanitarok-300x180.jpg 300w, http:\/\/unec.edu.az\/application\/uploads\/2015\/02\/humanitarok.jpg 979w\" sizes=\"(max-width: 195px) 100vw, 195px\" \/><\/a>*\u00a0<a class=\"fancybox-thumb\" href=\"https:\/\/unec.edu.az\/application\/uploads\/2017\/04\/DSC_3656.jpg\" rel=\"fancybox-thumb\"><img decoding=\"async\" class=\"fancybox-margin alignnone wp-image-91157 \" title=\"Az\u0259rbaycan\u0131n \u0130slam d\u00fcnyas\u0131nda yeri v\u0259 rolu (19.04.2017)\" src=\"https:\/\/unec.edu.az\/application\/uploads\/2017\/04\/DSC_3656-300x200.jpg\" alt=\"DSC_3656\" width=\"177\" height=\"118\" srcset=\"http:\/\/unec.edu.az\/application\/uploads\/2017\/04\/DSC_3656-300x200.jpg 300w, http:\/\/unec.edu.az\/application\/uploads\/2017\/04\/DSC_3656.jpg 800w\" sizes=\"(max-width: 177px) 100vw, 177px\" \/><\/a> <a class=\"fancybox-thumb\" href=\"https:\/\/unec.edu.az\/application\/uploads\/2017\/04\/DSC_3648.jpg\" rel=\"fancybox-thumb\"><img loading=\"lazy\" decoding=\"async\" class=\"fancybox-margin alignnone wp-image-91154 \" title=\"Az\u0259rbaycan\u0131n \u0130slam d\u00fcnyas\u0131nda yeri v\u0259 rolu (19.04.2017)\" src=\"https:\/\/unec.edu.az\/application\/uploads\/2017\/04\/DSC_3648-300x200.jpg\" alt=\"DSC_3648\" width=\"177\" height=\"118\" srcset=\"http:\/\/unec.edu.az\/application\/uploads\/2017\/04\/DSC_3648-300x200.jpg 300w, http:\/\/unec.edu.az\/application\/uploads\/2017\/04\/DSC_3648.jpg 800w\" sizes=\"(max-width: 177px) 100vw, 177px\" \/><\/a><a class=\"fancybox-thumb\" href=\"https:\/\/unec.edu.az\/application\/uploads\/2017\/04\/DSC_3651.jpg\" rel=\"fancybox-thumb\"><img loading=\"lazy\" decoding=\"async\" class=\"fancybox-margin alignnone wp-image-91155 \" title=\"Az\u0259rbaycan\u0131n \u0130slam d\u00fcnyas\u0131nda yeri v\u0259 rolu (19.04.2017)\" src=\"https:\/\/unec.edu.az\/application\/uploads\/2017\/04\/DSC_3651-300x200.jpg\" alt=\"DSC_3651\" width=\"177\" height=\"118\" srcset=\"http:\/\/unec.edu.az\/application\/uploads\/2017\/04\/DSC_3651-300x200.jpg 300w, http:\/\/unec.edu.az\/application\/uploads\/2017\/04\/DSC_3651.jpg 800w\" sizes=\"(max-width: 177px) 100vw, 177px\" \/><\/a><\/p>\n<p><em><a style=\"color: #000000;\" href=\"https:\/\/unec.edu.az\/ru\/unec-genc-muellimler-surasinin-ilk-elmi-seminari\/\">\u041f\u0435\u0440\u0432\u044b\u0439 \u043d\u0430\u0443\u0447\u043d\u044b\u0439 \u0441\u0435\u043c\u0438\u043d\u0430\u0440 \u0421\u043e\u0432\u0435\u0442\u0430 \u043c\u043e\u043b\u043e\u0434\u044b\u0445 \u043f\u0440\u0435\u043f\u043e\u0434\u0430\u0432\u0430\u0442\u0435\u043b\u0435\u0439 UNEC<\/a>\u00a0(12.03.2018)<\/em><br \/>\n\u0414\u0435\u043d\u044c \u043a\u043e\u043d\u0441\u0442\u0438\u0442\u0443\u0446\u0438\u0438 \u0432 UNEC\u00a0(10.11.2017)<br \/>\n<em><a style=\"color: #000000;\" href=\"https:\/\/unec.edu.az\/ru\/telebe-elmi-konfransi-medeni-ve-menevi-muxtelifliyin-birliyi\/\">\u0421\u0442\u0443\u0434\u0435\u043d\u0447\u0435\u0441\u043a\u0430\u044f \u043d\u0430\u0443\u0447\u043d\u0430\u044f \u043a\u043e\u043d\u0444\u0435\u0440\u0435\u043d\u0446\u0438\u044f: \u00ab\u0415\u0434\u0438\u043d\u0441\u0442\u0432\u043e \u043a\u0443\u043b\u044c\u0442\u0443\u0440\u043d\u044b\u0445 \u0438 \u0434\u0443\u0445\u043e\u0432\u043d\u044b\u0445 \u0446\u0435\u043d\u043d\u043e\u0441\u0442\u0435\u0439\u00bb<\/a>\u00a0(01.06.2017)<br \/>\n<\/em><em><a style=\"color: #000000;\" href=\"https:\/\/unec.edu.az\/ru\/islam-emekdasliq-teskilati-muselman-olkerinin-birliyinin-ugurlu-modelidir\/\">\u00ab\u041e\u0440\u0433\u0430\u043d\u0438\u0437\u0430\u0446\u0438\u044f \u0418\u0441\u043b\u0430\u043c\u0441\u043a\u043e\u0433\u043e \u0441\u043e\u0442\u0440\u0443\u0434\u043d\u0438\u0447\u0435\u0441\u0442\u0432\u0430 \u2013 \u0443\u0441\u043f\u0435\u0448\u043d\u0430\u044f \u043c\u043e\u0434\u0435\u043b\u044c \u043e\u0431\u044a\u0435\u0434\u0438\u043d\u0435\u043d\u0438\u044f \u043c\u0443\u0441\u0443\u043b\u044c\u043c\u0430\u043d\u0441\u043a\u0438\u0445 \u0441\u0442\u0440\u0430\u043d\u00bb <\/a>(24.05.2017)<br \/>\n<\/em><em><a style=\"color: #000000;\" href=\"https:\/\/unec.edu.az\/ru\/islam-hemreyliyi-ili-telebe-elmi-konfransi-muhazire-seminar\/\">\u0413\u043e\u0434 \u0418\u0441\u043b\u0430\u043c\u0441\u043a\u043e\u0439 \u0441\u043e\u043b\u0438\u0434\u0430\u0440\u043d\u043e\u0441\u0442\u0438: \u0441\u0442\u0443\u0434\u0435\u043d\u0447\u0435\u0441\u043a\u0430\u044f \u043d\u0430\u0443\u0447\u043d\u0430\u044f \u043a\u043e\u043d\u0444\u0435\u0440\u0435\u043d\u0446\u0438\u044f, \u043b\u0435\u043a\u0446\u0438\u0438, \u0441\u0435\u043c\u0438\u043d\u0430\u0440\u044b<\/a>\u00a0(17.05.2017)<br \/>\n<\/em><span style=\"color: #000000;\"><em><a style=\"color: #000000;\" href=\"https:\/\/unec.edu.az\/ru\/azerbaycanin-islam-dunyasinda-yeri-ve-rolu\/\">\u041c\u0435\u0441\u0442\u043e \u0438 \u0440\u043e\u043b\u044c \u0410\u0437\u0435\u0440\u0431\u0430\u0439\u0434\u0436\u0430\u043d\u0430 \u0432 \u0418\u0441\u043b\u0430\u043c\u0441\u043a\u043e\u043c \u043c\u0438\u0440\u0435 <\/a>(19.04.2017)<\/em><\/span><br \/>\n<span style=\"color: #000000;\"><em><a style=\"color: #000000;\" href=\"https:\/\/unec.edu.az\/ru\/unec-de-islam-hemreyliyi-heftesi-kecirilib\/\">\u0412 UNEC \u0441\u043e\u0441\u0442\u043e\u044f\u043b\u0430\u0441\u044c \u00ab\u041d\u0435\u0434\u0435\u043b\u044f \u0438\u0441\u043b\u0430\u043c\u0441\u043a\u043e\u0439 \u0441\u043e\u043b\u0438\u0434\u0430\u0440\u043d\u043e\u0441\u0442\u0438\u00bb <\/a><a style=\"color: #000000;\" href=\"https:\/\/unec.edu.az\/ru\/unec-telebeleri-litva-universitetinde-xocali-faciesinden-danisib-2\/\">(07.04.2017)<br \/>\n<\/a><a style=\"color: #000000;\" href=\"https:\/\/unec.edu.az\/ru\/unec-telebeleri-litva-universitetinde-xocali-faciesinden-danisib-2\/\">\u0421\u0442\u0443\u0434\u0435\u043d\u0442\u044b UNEC \u0432 \u041b\u0438\u0442\u043e\u0432\u0441\u043a\u043e\u043c \u0443\u043d\u0438\u0432\u0435\u0440\u0441\u0438\u0442\u0435\u0442\u0435 \u0440\u0430\u0441\u0441\u043a\u0430\u0437\u0430\u043b\u0438 \u043e \u0442\u0440\u0430\u0433\u0435\u0434\u0438\u0438 \u0425\u043e\u0434\u0436\u0430\u043b\u044b<\/a>\u00a0(24.02.2017)<\/em><\/span><br \/>\n<span style=\"color: #000000;\"><em><a style=\"color: #000000;\" href=\"https:\/\/unec.edu.az\/ru\/unec-de-xocali-heftesi-davam-edir\/\">\u0412 UNEC \u0441\u043e\u0441\u0442\u043e\u044f\u043b\u0441\u044f \u043a\u043e\u043d\u043a\u0443\u0440\u0441, \u043f\u043e\u0441\u0432\u044f\u0449\u0435\u043d\u043d\u044b\u0439 \u0425\u043e\u0434\u0436\u0430\u043b\u044b <\/a>(22.02.2017)<\/em><\/span><br \/>\n<span style=\"color: #000000;\"><em><a style=\"color: #000000;\" href=\"https:\/\/unec.edu.az\/ru\/unec-de-xocali-heftesi-ne-start-verilib\/\">\u0414\u0430\u043d \u0441\u0442\u0430\u0440\u0442 \u00ab\u041d\u0435\u0434\u0435\u043b\u0435 \u0425\u043e\u0434\u0436\u0430\u043b\u044b\u00bb<\/a>\u00a0(20.02.2017)<br \/>\n<\/em><em><a style=\"color: #000000;\" href=\"https:\/\/unec.edu.az\/ru\/unec-de-elmi-seminar-tolerantligin-azerbaycan-modeli\/\">\u041d\u0430\u0443\u0447\u043d\u044b\u0439 \u0441\u0435\u043c\u0438\u043d\u0430\u0440 \u0432 UNEC: \u0410\u0437\u0435\u0440\u0431\u0430\u0439\u0434\u0436\u0430\u043d\u0441\u043a\u0430\u044f \u043c\u043e\u0434\u0435\u043b\u044c \u0442\u043e\u043b\u0435\u0440\u0430\u043d\u0442\u043d\u043e\u0441\u0442\u0438<\/a>\u00a0(16.11.2016)<\/em><\/span><br \/>\n<span style=\"color: #000000;\"><em><a style=\"color: #000000;\" href=\"https:\/\/unec.edu.az\/ru\/unec-muellimi-akdeniz-universitetinde-azerbaycan-tarixinden-danisib\/\">\u041f\u0440\u0435\u043f\u043e\u0434\u0430\u0432\u0430\u0442\u0435\u043b\u044c UNEC \u0440\u0430\u0441\u0441\u043a\u0430\u0437\u0430\u043b\u0430 \u043e\u0431 \u0438\u0441\u0442\u043e\u0440\u0438\u0438 \u0410\u0437\u0435\u0440\u0431\u0430\u0439\u0434\u0436\u0430\u043d\u0430 \u0432 \u0443\u043d\u0438\u0432\u0435\u0440\u0441\u0438\u0442\u0435\u0442\u0435 \u0410\u043a\u0434\u0435\u043d\u0438\u0437\u00a0<\/a><\/em><\/span><\/p>\n","protected":false},"excerpt":{"rendered":"<p>\u0417\u0430\u0432\u0435\u0434\u0443\u044e\u0449\u0438\u0439\u00a0 \u043a\u0430\u0444\u0435\u0434\u0440\u043e\u0439:\u00a0\u0434.\u0438\u0441\u0442.\u043d., \u043f\u0440\u043e\u0444.\u00a0\u0413\u0430\u0441\u0430\u043d\u043e\u0432 \u0412\u0435\u043a\u0438\u043b\u044c \u0421\u0430\u0444\u0438\u044f\u0440 \u043e\u0433\u043b\u044b \u0410\u0434\u0440\u0435\u0441: \u0411\u0430\u043a\u0443, \u0443\u043b.\u0418\u0441\u0442\u0438\u0433\u043b\u0430\u043b\u0438\u044f\u0442, 6 (II \u043a\u043e\u0440\u043f\u0443\u0441) \u0422\u0435\u043b\u0435\u0444\u043e\u043d: +(994) 12 564-40-07\u00a0\u00a0 *\u00a0 \u041f\u0435\u0440\u0432\u044b\u0439 \u043d\u0430\u0443\u0447\u043d\u044b\u0439 \u0441\u0435\u043c\u0438\u043d\u0430\u0440 \u0421\u043e\u0432\u0435\u0442\u0430 \u043c\u043e\u043b\u043e\u0434\u044b\u0445 \u043f\u0440\u0435\u043f\u043e\u0434\u0430\u0432\u0430\u0442\u0435\u043b\u0435\u0439 UNEC\u00a0(12.03.2018) \u0414\u0435\u043d\u044c \u043a\u043e\u043d\u0441\u0442\u0438\u0442\u0443\u0446\u0438\u0438 \u0432 UNEC\u00a0(10.11.2017) \u0421\u0442\u0443\u0434\u0435\u043d\u0447\u0435\u0441\u043a\u0430\u044f \u043d\u0430\u0443\u0447\u043d\u0430\u044f \u043a\u043e\u043d\u0444\u0435\u0440\u0435\u043d\u0446\u0438\u044f: \u00ab\u0415\u0434\u0438\u043d\u0441\u0442\u0432\u043e \u043a\u0443\u043b\u044c\u0442\u0443\u0440\u043d\u044b\u0445 \u0438 \u0434\u0443\u0445\u043e\u0432\u043d\u044b\u0445 \u0446\u0435\u043d\u043d\u043e\u0441\u0442\u0435\u0439\u00bb\u00a0(01.06.2017) \u00ab\u041e\u0440\u0433\u0430\u043d\u0438\u0437\u0430\u0446\u0438\u044f \u0418\u0441\u043b\u0430\u043c\u0441\u043a\u043e\u0433\u043e \u0441\u043e\u0442\u0440\u0443\u0434\u043d\u0438\u0447\u0435\u0441\u0442\u0432\u0430 \u2013 \u0443\u0441\u043f\u0435\u0448\u043d\u0430\u044f \u043c\u043e\u0434\u0435\u043b\u044c \u043e\u0431\u044a\u0435\u0434\u0438\u043d\u0435\u043d\u0438\u044f \u043c\u0443\u0441\u0443\u043b\u044c\u043c\u0430\u043d\u0441\u043a\u0438\u0445 \u0441\u0442\u0440\u0430\u043d\u00bb (24.05.2017) \u0413\u043e\u0434 \u0418\u0441\u043b\u0430\u043c\u0441\u043a\u043e\u0439 \u0441\u043e\u043b\u0438\u0434\u0430\u0440\u043d\u043e\u0441\u0442\u0438: \u0441\u0442\u0443\u0434\u0435\u043d\u0447\u0435\u0441\u043a\u0430\u044f \u043d\u0430\u0443\u0447\u043d\u0430\u044f \u043a\u043e\u043d\u0444\u0435\u0440\u0435\u043d\u0446\u0438\u044f, \u043b\u0435\u043a\u0446\u0438\u0438, \u0441\u0435\u043c\u0438\u043d\u0430\u0440\u044b\u00a0(17.05.2017) \u041c\u0435\u0441\u0442\u043e [&hellip;]<\/p>\n","protected":false},"author":10,"featured_media":0,"parent":3468,"menu_order":75,"comment_status":"open","ping_status":"open","template":"page-templates\/3columncontent.php","meta":{"footnotes":""},"class_list":["post-9777","page","type-page","status-publish","hentry"],"_links":{"self":[{"href":"http:\/\/unec.edu.az\/ru\/wp-json\/wp\/v2\/pages\/9777","targetHints":{"allow":["GET"]}}],"collection":[{"href":"http:\/\/unec.edu.az\/ru\/wp-json\/wp\/v2\/pages"}],"about":[{"href":"http:\/\/unec.edu.az\/ru\/wp-json\/wp\/v2\/types\/page"}],"author":[{"embeddable":true,"href":"http:\/\/unec.edu.az\/ru\/wp-json\/wp\/v2\/users\/10"}],"replies":[{"embeddable":true,"href":"http:\/\/unec.edu.az\/ru\/wp-json\/wp\/v2\/comments?post=9777"}],"version-history":[{"count":88,"href":"http:\/\/unec.edu.az\/ru\/wp-json\/wp\/v2\/pages\/9777\/revisions"}],"predecessor-version":[{"id":460670,"href":"http:\/\/unec.edu.az\/ru\/wp-json\/wp\/v2\/pages\/9777\/revisions\/460670"}],"up":[{"embeddable":true,"href":"http:\/\/unec.edu.az\/ru\/wp-json\/wp\/v2\/pages\/3468"}],"wp:attachment":[{"href":"http:\/\/unec.edu.az\/ru\/wp-json\/wp\/v2\/media?parent=9777"}],"curies":[{"name":"wp","href":"https:\/\/api.w.org\/{rel}","templated":true}]}}