{"id":9802,"date":"2015-02-15T23:56:22","date_gmt":"2015-02-15T19:56:22","guid":{"rendered":"http:\/\/asue.edu.az\/issledovanie\/kafedralar\/erzaq-mallarinin-emteesunasligi-ve-ekspertizasi\/"},"modified":"2021-01-10T20:43:23","modified_gmt":"2021-01-10T16:43:23","slug":"erzaq-mallarinin-emteesunasligi-ve-ekspertizasi","status":"publish","type":"page","link":"http:\/\/unec.edu.az\/ru\/erzaq-mallarinin-emteesunasligi-ve-ekspertizasi\/","title":{"rendered":"\u042d\u041a\u0421\u041f\u0415\u0420\u0422\u0418\u0417\u0410 \u041f\u041e\u0422\u0420\u0415\u0411\u0418\u0422\u0415\u041b\u042c\u0421\u041a\u0418\u0425 \u0422\u041e\u0412\u0410\u0420\u041e\u0412"},"content":{"rendered":"<h4><strong><span style=\"color: #000000;\"><em>\u0421 19.10.2020 \u0433\u043e\u0434\u0430 \u043a\u0430\u0444\u0435\u0434\u0440\u044b \u00ab\u042d\u043a\u0441\u043f\u0435\u0440\u0442\u0438\u0437\u0430 \u043f\u043e\u0442\u0440\u0435\u0431\u0438\u0442\u0435\u043b\u044c\u0441\u043a\u0438\u0445 \u0442\u043e\u0432\u0430\u0440\u043e\u0432\u00bb, \u00ab\u0421\u0442\u0430\u043d\u0434\u0430\u0440\u0442\u0438\u0437\u0430\u0446\u0438\u044f \u0438 \u0441\u0435\u0440\u0442\u0438\u0444\u0438\u043a\u0430\u0446\u0438\u044f\u00bb \u0438 \u0432 \u0438\u0445 \u0441\u043e\u0441\u0442\u0430\u0432\u0435 \u0443\u0447\u0435\u0431\u043d\u043e-\u043c\u0435\u0442\u043e\u0434\u0438\u0447\u0435\u0441\u043a\u0438\u0435 \u043b\u0430\u0431\u043e\u0440\u0430\u0442\u043e\u0440\u0438\u0438 \u0431\u044b\u043b\u0438 \u043b\u0438\u043a\u0432\u0438\u0434\u0438\u0440\u043e\u0432\u0430\u043d\u044b.<\/em><\/span><\/strong><\/h4>\n<p style=\"text-align: justify;\"><span style=\"color: #000000;\"><em>\u041a\u0430\u0444\u0435\u0434\u0440\u044b \u00ab\u042d\u043a\u0441\u043f\u0435\u0440\u0442\u0438\u0437\u0430 \u043f\u043e\u0442\u0440\u0435\u0431\u0438\u0442\u0435\u043b\u044c\u0441\u043a\u0438\u0445 \u0442\u043e\u0432\u0430\u0440\u043e\u0432\u00bb,\u00a0 \u00ab\u0421\u0442\u0430\u043d\u0434\u0430\u0440\u0442\u0438\u0437\u0430\u0446\u0438\u044f \u0438 \u0441\u0435\u0440\u0442\u0438\u0444\u0438\u043a\u0430\u0446\u0438\u044f\u00bb, \u00ab\u0422\u0435\u0445\u043d\u043e\u043b\u043e\u0433\u0438\u044f \u043f\u0438\u0449\u0435\u0432\u044b\u0445 \u043f\u0440\u043e\u0434\u0443\u043a\u0442\u043e\u0432\u00bb, \u00ab\u0422\u0435\u0445\u043d\u043e\u043b\u043e\u0433\u0438\u0447\u0435\u0441\u043a\u0438\u0435 \u043c\u0430\u0448\u0438\u043d\u044b \u0438 \u043e\u0442\u0440\u0430\u0441\u043b\u0435\u0432\u043e\u0435 \u043e\u0431\u043e\u0440\u0443\u0434\u043e\u0432\u0430\u043d\u0438\u0435\u00bb \u0438 \u00ab\u0424\u0438\u0437\u0438\u043a\u0430 \u0438 \u0445\u0438\u043c\u0438\u044f\u00bb \u0432 \u0441\u043e\u0441\u0442\u0430\u0432\u0435 \u0444\u0430\u043a\u0443\u043b\u044c\u0442\u0435\u0442\u0430 \u00ab\u042d\u043a\u0441\u043f\u0435\u0440\u0442\u0438\u0437\u0430 \u0438 \u0441\u0442\u0430\u043d\u0434\u0430\u0440\u0442\u0438\u0437\u0430\u0446\u0438\u044f\u00bb \u0431\u044b\u043b\u0438 \u043b\u0438\u043a\u0432\u0438\u0434\u0438\u0440\u043e\u0432\u0430\u043d\u044b \u0438 \u0431\u044b\u043b\u0438 \u0441\u043e\u0437\u0434\u0430\u043d\u044b \u0444\u0430\u043a\u0443\u043b\u044c\u0442\u0435\u0442 \u00ab\u0418\u043d\u0436\u0435\u043d\u0435\u0440\u0438\u044f\u00bb, \u043a\u0430\u0444\u0435\u0434\u0440\u0430 \u00ab\u0418\u043d\u0436\u0435\u043d\u0435\u0440\u0438\u044f \u0438 \u043f\u0440\u0438\u043a\u043b\u0430\u0434\u043d\u044b\u0435 \u043d\u0430\u0443\u043a\u0438\u00bb.\u00a0<\/em><\/span><\/p>\n<p><em>\u00a0<\/em>\u00a0\u00a0\u00a0<em><a class=\"fancybox-thumb\" href=\"https:\/\/unec.edu.az\/application\/uploads\/2015\/02\/osman_ali_00341.jpg\" rel=\"fancybox-thumb\"><img decoding=\"async\" class=\"fancybox-margin alignnone wp-image-71598 size-thumbnail\" title=\"\u201cD\u00f6vl\u0259t Bayra\u011f\u0131 G\u00fcn\u00fc\u201d UNEC-d\u0259 qeyd edilib (08.11.2016)\" src=\"https:\/\/unec.edu.az\/application\/uploads\/2015\/02\/osman_ali_00341-150x150.jpg\" alt=\"osman_ali_0034\" width=\"150\" height=\"150\" \/><\/a>\u00a0<a class=\"fancybox-thumb\" href=\"https:\/\/unec.edu.az\/application\/uploads\/2015\/02\/osman_00171.jpg\" rel=\"fancybox-thumb\"><img decoding=\"async\" class=\"fancybox-margin alignnone wp-image-71599 size-thumbnail\" title=\"\u201cD\u00f6vl\u0259t Bayra\u011f\u0131 G\u00fcn\u00fc\u201d UNEC-d\u0259 qeyd edilib (08.11.2016)\" src=\"https:\/\/unec.edu.az\/application\/uploads\/2015\/02\/osman_00171-150x150.jpg\" alt=\"osman_0017\" width=\"150\" height=\"150\" \/><\/a><\/em>\u00a0<a class=\"fancybox-thumb\" href=\"https:\/\/unec.edu.az\/application\/uploads\/2015\/12\/DSC_00131.jpg\" rel=\"fancybox-thumb\"><img decoding=\"async\" class=\"fancybox-margin alignnone wp-image-31437 size-thumbnail\" src=\"https:\/\/unec.edu.az\/application\/uploads\/2015\/12\/DSC_00131-150x150.jpg\" alt=\"DSC_0013\" width=\"150\" height=\"150\" \/><\/a>\u00a0\u00a0<a class=\"fancybox-thumb\" href=\"https:\/\/unec.edu.az\/application\/uploads\/2015\/12\/DSC_00091.jpg\" rel=\"fancybox-thumb\"><img loading=\"lazy\" decoding=\"async\" class=\"fancybox-margin alignnone wp-image-31434 size-thumbnail\" src=\"https:\/\/unec.edu.az\/application\/uploads\/2015\/12\/DSC_00091-150x150.jpg\" alt=\"DSC_0009\" width=\"150\" height=\"150\" \/><\/a><a class=\"fancybox-thumb\" href=\"https:\/\/unec.edu.az\/application\/uploads\/2015\/02\/azer_huseynov5077770753492212874581_n.jpg\" rel=\"fancybox-thumb\"><img loading=\"lazy\" decoding=\"async\" class=\"fancybox-margin alignnone wp-image-87153 size-thumbnail\" title=\"UNEC m\u00fc\u0259lliml\u0259ri \u00fc\u00e7\u00fcn q\u0131\u015f m\u0259kt\u0259bi ba\u015fa \u00e7at\u0131b (15.02.2017)\" src=\"https:\/\/unec.edu.az\/application\/uploads\/2015\/02\/azer_huseynov5077770753492212874581_n-150x150.jpg\" alt=\"azer_huseynov5077770753492212874581_n\" width=\"150\" height=\"150\" \/><\/a><a class=\"fancybox-thumb\" href=\"https:\/\/unec.edu.az\/application\/uploads\/2015\/02\/azer_huseynov5753491112212874581_n.jpg\" rel=\"fancybox-thumb\"><img loading=\"lazy\" decoding=\"async\" class=\"fancybox-margin alignnone wp-image-87154 size-thumbnail\" title=\"UNEC m\u00fc\u0259lliml\u0259ri \u00fc\u00e7\u00fcn q\u0131\u015f m\u0259kt\u0259bi ba\u015fa \u00e7at\u0131b (15.02.2017)\" src=\"https:\/\/unec.edu.az\/application\/uploads\/2015\/02\/azer_huseynov5753491112212874581_n-150x150.jpg\" alt=\"azer_huseynov5753491112212874581_n\" width=\"150\" height=\"150\" \/><\/a><\/p>\n<p><span style=\"color: #000000;\"><em><a style=\"color: #333333;\" href=\"https:\/\/unec.edu.az\/ru\/unec-in-yeniden-secilen-muellimleri-and-icib\/\">\u0412\u043d\u043e\u0432\u044c \u0438\u0437\u0431\u0440\u0430\u043d\u043d\u044b\u0435 \u043f\u0440\u0435\u043f\u043e\u0434\u0430\u0432\u0430\u0442\u0435\u043b\u0438 UNEC \u043f\u0440\u0438\u043d\u044f\u043b\u0438 \u043f\u0440\u0438\u0441\u044f\u0433\u0443<\/a>\u00a0(18.04.2018)<br \/>\n<\/em><\/span><em><a style=\"color: #333333;\" href=\"https:\/\/unec.edu.az\/ru\/unec-de-yeni-laboratoriya-yaradilacaq\/\">\u0412 UNEC \u0431\u0443\u0434\u0435\u0442 \u0441\u043e\u0437\u0434\u0430\u043d\u0430 \u043d\u043e\u0432\u0430\u044f \u043b\u0430\u0431\u043e\u0440\u0430\u0442\u043e\u0440\u0438\u044f<\/a>\u00a0(09.04.2018)<\/em><em><br \/>\n\u041a\u043e\u043d\u0444\u0435\u0440\u0435\u043d\u0446\u0438\u0438, \u043f\u043e\u0441\u0432\u044f\u0449\u0435\u043d\u043d\u044b\u0435 \u0412\u0435\u043b\u0438\u043a\u043e\u043c\u0443 \u0432\u043e\u0436\u0434\u044e, \u0440\u0430\u0437\u0432\u0438\u0432\u0430\u044e\u0442 \u043d\u0430\u0443\u0447\u043d\u044b\u0439 \u043f\u043e\u0442\u0435\u043d\u0446\u0438\u0430\u043b \u0441\u0442\u0443\u0434\u0435\u043d\u0442\u043e\u0432\u00a0(05.05.2017)<br \/>\n<\/em><em><a style=\"color: #000000;\" href=\"https:\/\/unec.edu.az\/ru\/unec-telebeleri-muasir-istehsal-texnologiyalari-ile-tanis-olublar\/\">\u0421\u0442\u0443\u0434\u0435\u043d\u0442\u044b UNEC \u043e\u0437\u043d\u0430\u043a\u043e\u043c\u0438\u043b\u0438\u0441\u044c \u0441 \u0441\u043e\u0432\u0440\u0435\u043c\u0435\u043d\u043d\u044b\u043c\u0438 \u043f\u0440\u043e\u0438\u0437\u0432\u043e\u0434\u0441\u0442\u0432\u0435\u043d\u043d\u044b\u043c\u0438 \u0442\u0435\u0445\u043d\u043e\u043b\u043e\u0433\u0438\u044f\u043c\u0438 <\/a>(23.11.2016)<br \/>\n<\/em><em><a style=\"color: #000000;\" href=\"https:\/\/unec.edu.az\/ru\/adnsu-ve-unec-telebeleri-azerbaycan-genclerinin-muasir-problemlerini-muzakire-edibler\/\">\u0421\u0442\u0443\u0434\u0435\u043d\u0442\u044b \u0410\u0413\u0423\u041d\u041f \u0438 UNEC \u043e\u0431\u0441\u0443\u0434\u0438\u043b\u0438 \u0441\u043e\u0432\u0440\u0435\u043c\u0435\u043d\u043d\u044b\u0435 \u043f\u0440\u043e\u0431\u043b\u0435\u043c\u044b \u0430\u0437\u0435\u0440\u0431\u0430\u0439\u0434\u0436\u0430\u043d\u0441\u043a\u043e\u0439 \u043c\u043e\u043b\u043e\u0434\u0435\u0436\u0438<\/a>\u00a0(19.11.2016)<br \/>\n<\/em><em><a style=\"color: #000000;\" href=\"https:\/\/unec.edu.az\/ru\/unec-de-dovlet-bayragi-gunune-hesr-olunan-silsile-tedbir-kecirilib\/\">\u0412 UNEC \u043e\u0442\u043c\u0435\u0442\u0438\u043b\u0438 \u00ab\u0414\u0435\u043d\u044c \u0433\u043e\u0441\u0443\u0434\u0430\u0440\u0441\u0442\u0432\u0435\u043d\u043d\u043e\u0433\u043e \u0444\u043b\u0430\u0433\u0430\u00bb<\/a>(08.11.2016)<br \/>\n<\/em><em><a style=\"color: #000000;\" href=\"https:\/\/unec.edu.az\/ru\/unec-de-saglamliq-ayi-cercivesinde-tedbir-kecirilib\/\">UNEC \u0432 \u0440\u0430\u043c\u043a\u0430\u0445 \u00ab\u041c\u0435\u0441\u044f\u0447\u043d\u0438\u043a\u0430 \u0437\u0434\u043e\u0440\u043e\u0432\u044c\u044f\u00bb \u0441\u043e\u0441\u0442\u043e\u044f\u043b\u043e\u0441\u044c \u043c\u0435\u0440\u043e\u043f\u0440\u0438\u044f\u0442\u0438\u0435<\/a>\u00a0(02.11.2016)<br \/>\n<\/em><em><a style=\"color: #000000;\" href=\"https:\/\/unec.edu.az\/ru\/emteesunasliq-fakultesinde-konfrans-istehlak-mallarinin-tehlukesizliyi\/\">\u041a\u043e\u043d\u0444\u0435\u0440\u0435\u043d\u0446\u0438\u044f \u043d\u0430 \u0444\u0430\u043a\u0443\u043b\u044c\u0442\u0435\u0442\u0435 \u0422\u043e\u0432\u0430\u0440\u043e\u0432\u0435\u0434\u0435\u043d\u0438\u044f: \u201c\u0411\u0435\u0437\u043e\u043f\u0430\u0441\u043d\u043e\u0441\u0442\u044c \u043f\u043e\u0442\u0440\u0435\u0431\u0438\u0442\u0435\u043b\u044c\u0441\u043a\u0438\u0445 \u0442\u043e\u0432\u0430\u0440\u043e\u0432\u201d<\/a>\u00a0(10.05.2016)<br \/>\n<\/em><em><a style=\"color: #000000;\" href=\"https:\/\/unec.edu.az\/ru\/unec-telebeleri-neft-kimya-prosesleri-institutunun-laboratoriyalarindan-istifade-ede-bilecekler\/\">\u0421\u0442\u0443\u0434\u0435\u043d\u0442\u044b UNEC \u0441\u043c\u043e\u0433\u0443\u0442 \u043f\u043e\u043b\u044c\u0437\u043e\u0432\u0430\u0442\u044c\u0441\u044f \u043b\u0430\u0431\u043e\u0440\u0430\u0442\u043e\u0440\u0438\u044f\u043c\u0438 \u0418\u043d\u0441\u0442\u0438\u0442\u0443\u0442\u0430 \u043d\u0435\u0444\u0442\u0435\u0445\u0438\u043c\u0438\u0447\u0435\u0441\u043a\u0438\u0445 \u043f\u0440\u043e\u0446\u0435\u0441\u0441\u043e\u0432\u00a0<\/a>\u00a0(17.12.2015)\u00a0<\/em><\/p>\n<p><span style=\"color: #000000;\">\u00a0<\/span><\/p>\n","protected":false},"excerpt":{"rendered":"<p>\u0421 19.10.2020 \u0433\u043e\u0434\u0430 \u043a\u0430\u0444\u0435\u0434\u0440\u044b \u00ab\u042d\u043a\u0441\u043f\u0435\u0440\u0442\u0438\u0437\u0430 \u043f\u043e\u0442\u0440\u0435\u0431\u0438\u0442\u0435\u043b\u044c\u0441\u043a\u0438\u0445 \u0442\u043e\u0432\u0430\u0440\u043e\u0432\u00bb, \u00ab\u0421\u0442\u0430\u043d\u0434\u0430\u0440\u0442\u0438\u0437\u0430\u0446\u0438\u044f \u0438 \u0441\u0435\u0440\u0442\u0438\u0444\u0438\u043a\u0430\u0446\u0438\u044f\u00bb \u0438 \u0432 \u0438\u0445 \u0441\u043e\u0441\u0442\u0430\u0432\u0435 \u0443\u0447\u0435\u0431\u043d\u043e-\u043c\u0435\u0442\u043e\u0434\u0438\u0447\u0435\u0441\u043a\u0438\u0435 \u043b\u0430\u0431\u043e\u0440\u0430\u0442\u043e\u0440\u0438\u0438 \u0431\u044b\u043b\u0438 \u043b\u0438\u043a\u0432\u0438\u0434\u0438\u0440\u043e\u0432\u0430\u043d\u044b. \u041a\u0430\u0444\u0435\u0434\u0440\u044b \u00ab\u042d\u043a\u0441\u043f\u0435\u0440\u0442\u0438\u0437\u0430 \u043f\u043e\u0442\u0440\u0435\u0431\u0438\u0442\u0435\u043b\u044c\u0441\u043a\u0438\u0445 \u0442\u043e\u0432\u0430\u0440\u043e\u0432\u00bb,\u00a0 \u00ab\u0421\u0442\u0430\u043d\u0434\u0430\u0440\u0442\u0438\u0437\u0430\u0446\u0438\u044f \u0438 \u0441\u0435\u0440\u0442\u0438\u0444\u0438\u043a\u0430\u0446\u0438\u044f\u00bb, \u00ab\u0422\u0435\u0445\u043d\u043e\u043b\u043e\u0433\u0438\u044f \u043f\u0438\u0449\u0435\u0432\u044b\u0445 \u043f\u0440\u043e\u0434\u0443\u043a\u0442\u043e\u0432\u00bb, \u00ab\u0422\u0435\u0445\u043d\u043e\u043b\u043e\u0433\u0438\u0447\u0435\u0441\u043a\u0438\u0435 \u043c\u0430\u0448\u0438\u043d\u044b \u0438 \u043e\u0442\u0440\u0430\u0441\u043b\u0435\u0432\u043e\u0435 \u043e\u0431\u043e\u0440\u0443\u0434\u043e\u0432\u0430\u043d\u0438\u0435\u00bb \u0438 \u00ab\u0424\u0438\u0437\u0438\u043a\u0430 \u0438 \u0445\u0438\u043c\u0438\u044f\u00bb \u0432 \u0441\u043e\u0441\u0442\u0430\u0432\u0435 \u0444\u0430\u043a\u0443\u043b\u044c\u0442\u0435\u0442\u0430 \u00ab\u042d\u043a\u0441\u043f\u0435\u0440\u0442\u0438\u0437\u0430 \u0438 \u0441\u0442\u0430\u043d\u0434\u0430\u0440\u0442\u0438\u0437\u0430\u0446\u0438\u044f\u00bb \u0431\u044b\u043b\u0438 \u043b\u0438\u043a\u0432\u0438\u0434\u0438\u0440\u043e\u0432\u0430\u043d\u044b \u0438 \u0431\u044b\u043b\u0438 \u0441\u043e\u0437\u0434\u0430\u043d\u044b \u0444\u0430\u043a\u0443\u043b\u044c\u0442\u0435\u0442 \u00ab\u0418\u043d\u0436\u0435\u043d\u0435\u0440\u0438\u044f\u00bb, \u043a\u0430\u0444\u0435\u0434\u0440\u0430 \u00ab\u0418\u043d\u0436\u0435\u043d\u0435\u0440\u0438\u044f \u0438 \u043f\u0440\u0438\u043a\u043b\u0430\u0434\u043d\u044b\u0435 \u043d\u0430\u0443\u043a\u0438\u00bb.\u00a0 [&hellip;]<\/p>\n","protected":false},"author":10,"featured_media":0,"parent":0,"menu_order":28,"comment_status":"open","ping_status":"open","template":"page-templates\/3columncontent.php","meta":{"footnotes":""},"class_list":["post-9802","page","type-page","status-publish","hentry"],"_links":{"self":[{"href":"http:\/\/unec.edu.az\/ru\/wp-json\/wp\/v2\/pages\/9802","targetHints":{"allow":["GET"]}}],"collection":[{"href":"http:\/\/unec.edu.az\/ru\/wp-json\/wp\/v2\/pages"}],"about":[{"href":"http:\/\/unec.edu.az\/ru\/wp-json\/wp\/v2\/types\/page"}],"author":[{"embeddable":true,"href":"http:\/\/unec.edu.az\/ru\/wp-json\/wp\/v2\/users\/10"}],"replies":[{"embeddable":true,"href":"http:\/\/unec.edu.az\/ru\/wp-json\/wp\/v2\/comments?post=9802"}],"version-history":[{"count":57,"href":"http:\/\/unec.edu.az\/ru\/wp-json\/wp\/v2\/pages\/9802\/revisions"}],"predecessor-version":[{"id":159007,"href":"http:\/\/unec.edu.az\/ru\/wp-json\/wp\/v2\/pages\/9802\/revisions\/159007"}],"wp:attachment":[{"href":"http:\/\/unec.edu.az\/ru\/wp-json\/wp\/v2\/media?parent=9802"}],"curies":[{"name":"wp","href":"https:\/\/api.w.org\/{rel}","templated":true}]}}